{"id":4462,"date":"2024-01-31T15:02:20","date_gmt":"2024-01-31T14:02:20","guid":{"rendered":"https:\/\/www.masaki-parfums.com\/?page_id=4462"},"modified":"2026-03-25T16:33:06","modified_gmt":"2026-03-25T15:33:06","slug":"terms-and-conditions","status":"publish","type":"page","link":"https:\/\/www.masaki-parfums.com\/fr\/terms-and-conditions\/","title":{"rendered":"Termes et Conditions"},"content":{"rendered":"<div data-elementor-type=\"wp-page\" data-elementor-id=\"4462\" class=\"elementor elementor-4462\" data-elementor-post-type=\"page\">\n\t\t\t\t<div class=\"elementor-element elementor-element-624750b e-con-full e-flex e-con e-parent\" data-id=\"624750b\" data-element_type=\"container\" data-e-type=\"container\">\n\t\t\t\t<div class=\"elementor-element elementor-element-8886e2b elementor-widget elementor-widget-spacer\" data-id=\"8886e2b\" data-element_type=\"widget\" data-e-type=\"widget\" data-widget_type=\"spacer.default\">\n\t\t\t\t<div class=\"elementor-widget-container\">\n\t\t\t\t\t\t\t<div class=\"elementor-spacer\">\n\t\t\t<div class=\"elementor-spacer-inner\"><\/div>\n\t\t<\/div>\n\t\t\t\t\t\t<\/div>\n\t\t\t\t<\/div>\n\t\t\t\t<div class=\"elementor-element elementor-element-960babb elementor-widget elementor-widget-heading\" data-id=\"960babb\" data-element_type=\"widget\" data-e-type=\"widget\" data-widget_type=\"heading.default\">\n\t\t\t\t<div class=\"elementor-widget-container\">\n\t\t\t\t\t<h2 class=\"elementor-heading-title elementor-size-default\">Termes et Conditions<\/h2>\t\t\t\t<\/div>\n\t\t\t\t<\/div>\n\t\t\t\t<div class=\"elementor-element elementor-element-fc9f229 elementor-widget elementor-widget-spacer\" data-id=\"fc9f229\" data-element_type=\"widget\" data-e-type=\"widget\" data-widget_type=\"spacer.default\">\n\t\t\t\t<div class=\"elementor-widget-container\">\n\t\t\t\t\t\t\t<div class=\"elementor-spacer\">\n\t\t\t<div class=\"elementor-spacer-inner\"><\/div>\n\t\t<\/div>\n\t\t\t\t\t\t<\/div>\n\t\t\t\t<\/div>\n\t\t\t\t<div class=\"elementor-element elementor-element-882f27e elementor-widget elementor-widget-text-editor\" data-id=\"882f27e\" data-element_type=\"widget\" data-e-type=\"widget\" data-widget_type=\"text-editor.default\">\n\t\t\t\t<div class=\"elementor-widget-container\">\n\t\t\t\t\t\t\t\t\t<div><p>Derni\u00e8re mise \u00e0 jour : mars 2026<\/p><p><b>Termes et conditions pour la vente en ligne<\/b><\/p><p>Bienvenue sur le site Masaki Paris \u00e9dit\u00e9 par la soci\u00e9t\u00e9 Panouge SAS (le \u00ab Site Masaki Paris \u00bb ou le \u00ab Site \u00bb).<\/p><p>En passant commande aupr\u00e8s de Masaki Paris (\u00ab Masaki Paris \u00bb, \u00ab Masaki Parfums \u00bb, \u00ab nous \u00bb, \u00ab notre \u00bb ou \u00ab nos \u00bb) pour des produits propos\u00e9s \u00e0 la vente sur le Site (\u00ab Produits \u00bb), vous reconnaissez avoir lu, compris et accept\u00e9 les pr\u00e9sentes Conditions G\u00e9n\u00e9rales (\u00ab CGV \u00bb). Veuillez lire attentivement ces CGV et, si vous n\u2019\u00eates pas satisfait de l\u2019un de leurs aspects, nous vous invitons \u00e0 contacter l\u2019un de nos conseillers client\u00e8le avant de passer commande.<\/p><p>Nous pouvons modifier ces CGV de temps \u00e0 autre. Veuillez consulter le haut de cette page pour conna\u00eetre la date de leur derni\u00e8re mise \u00e0 jour. \u00c0 chaque commande, les CGV en vigueur au moment de votre achat s\u2019appliqueront au contrat conclu entre vous et nous. Si nous devons modifier ces CGV et que ces modifications ont un impact significatif sur votre commande, nous vous en informerons \u00e0 l\u2019avance et vous indiquerons comment annuler le contrat si vous n\u2019\u00eates pas d\u2019accord avec ces changements.<\/p><p><b>\u00c0 propos de Masaki Paris<\/b><\/p><p>Toutes les ventes effectu\u00e9es sur ce Site sont r\u00e9alis\u00e9es par Panouge SAS, soci\u00e9t\u00e9 immatricul\u00e9e \u00e0 Paris sous le num\u00e9ro 329 530 646, num\u00e9ro de TVA FR 57 329 530 646, dont le si\u00e8ge social est situ\u00e9 12 Avenue Victor Hugo, 75116 Paris, France.<\/p><p><b>\u00c9ligibilit\u00e9<\/b><\/p><p>Afin d\u2019effectuer un achat via le Site ou d\u2019utiliser certains des services ou fonctionnalit\u00e9s mis \u00e0 votre disposition sur notre Site, il peut vous \u00eatre demand\u00e9 de vous inscrire. Lors de votre inscription, vous devrez fournir des informations vous concernant, y compris, mais sans s\u2019y limiter, votre nom, votre num\u00e9ro de t\u00e9l\u00e9phone et votre adresse e-mail, lesquelles doivent \u00eatre vraies, exactes, \u00e0 jour et compl\u00e8tes \u00e0 tous \u00e9gards.<\/p><p>Si l\u2019une de vos informations d\u2019inscription change \u00e0 l\u2019avenir, vous \u00eates tenu de modifier imm\u00e9diatement votre compte personnel en ligne. Nous pouvons modifier les conditions d\u2019inscription de temps \u00e0 autre. En outre, lors de la commande d\u2019articles, vous devrez fournir des informations de paiement et vous d\u00e9clarez et garantissez que les informations de paiement que vous fournissez lors de la commande sont valides et exactes et vous confirmez que vous \u00eates la personne mentionn\u00e9e dans les informations de facturation fournies.<\/p><p><b>Politique de prix<\/b><\/p><p>We have taken great care in the preparation of the content of this website, in particular to ensure that the details, descriptions, and prices quoted are correct at the time of publishing. However, we will only accept orders if there are no material errors in the description of the Products or its price as advertised on this website. All prices are displayed including VAT only\u00a0 if your IP address is from an European Union state member and exclusive of delivery charges. The total cost of your order is the price of the Products ordered plus VAT (if applicable) at the current rate and delivery charges as set out during the checkout process.\u00a0 Items in your Shopping Bag will always reflect the most recent price displayed on the item\u2019s Products detail page.<\/p><p><b>Disponibilit\u00e9<\/b><\/p><p>Tous les Produits sont soumis \u00e0 disponibilit\u00e9. Les prix valablement indiqu\u00e9s sur notre site restent en vigueur tant que les Produits sont disponibles ou sauf indication contraire sur notre site. Nous vous informerons dans les meilleurs d\u00e9lais si les Produits que vous avez command\u00e9s ne sont pas disponibles.<\/p><p><b>Accus\u00e9 de r\u00e9ception et acceptation de votre commande<\/b><\/p><p>Nous vous informerons par e-mail d\u00e8s que possible pour accuser r\u00e9ception de votre commande et vous fournir un num\u00e9ro de commande. Si nous ne sommes pas en mesure d\u2019ex\u00e9cuter votre commande apr\u00e8s cet accus\u00e9 de r\u00e9ception, nous vous contacterons par e-mail ou par t\u00e9l\u00e9phone pour vous en informer. Nous confirmerons l\u2019acceptation de votre commande en vous envoyant un e-mail confirmant que les Produits ont \u00e9t\u00e9 exp\u00e9di\u00e9s (\u00ab Confirmation d\u2019Exp\u00e9dition \u00bb). Un contrat juridiquement contraignant entre nous sera form\u00e9 lorsque nous vous enverrons la Confirmation d\u2019Exp\u00e9dition (ou, dans le cas peu probable o\u00f9 une Confirmation d\u2019Exp\u00e9dition ne serait pas envoy\u00e9e en raison d\u2019une erreur de traitement, lorsque nous exp\u00e9dierons les Produits) (\u00ab Contrat \u00bb).\n\nSi vous souhaitez obtenir des informations concernant votre commande, veuillez nous contacter <a href=\"https:\/\/www.masaki-parfums.com\/fr\/contact\/\">ici<\/a>en mentionnant votre num\u00e9ro de commande. Nous pouvons ne pas accepter votre commande si un article que vous avez command\u00e9 est en rupture de stock, si nous avons identifi\u00e9 une erreur sur un Produit ou si nous ne pouvons pas obtenir l\u2019autorisation de votre paiement.<\/p><p><b>Pr\u00e9commande<\/b><\/p><p>En cas de rupture de stock ou de refus d\u2019autorisation de paiement par les \u00e9tablissements bancaires, Masaki Paris se r\u00e9serve le droit d\u2019annuler ou de suspendre toute pr\u00e9commande jusqu\u2019\u00e0 son exp\u00e9dition.<\/p><p><b>Livraison<\/b><\/p><p>Nous livrerons les Produits conform\u00e9ment au mode de livraison que vous avez choisi. Les jours ouvr\u00e9s excluent les samedis, dimanches et jours f\u00e9ri\u00e9s. Lors de la livraison, nous vous fournirons les informations n\u00e9cessaires pour exercer votre droit de r\u00e9tractation et retourner les Produits. Pour plus d\u2019informations, veuillez consulter les sections relatives aux retours et au droit de r\u00e9tractation.<\/p><p><b>V\u00e9rification<\/b><\/p><p>Vous devez inspecter les Produits d\u00e8s leur r\u00e9ception et v\u00e9rifier que tout ce qui est indiqu\u00e9 sur le bon de livraison est inclus. Vous serez r\u00e9put\u00e9 avoir accept\u00e9 la commande sauf si vous nous en informez (et retournez les Produits conform\u00e9ment \u00e0 votre droit de r\u00e9tractation ou \u00e0 d\u2019autres droits l\u00e9gaux (comme indiqu\u00e9 aux sections \u00ab Votre droit de r\u00e9tractation \u00bb et \u00ab Vos autres droits l\u00e9gaux de retour des Produits \u00bb ci-dessous).<\/p><p><b>Paiement<\/b><\/p><p>Le paiement peut \u00eatre effectu\u00e9 par l\u2019un des moyens suivants : Visa, Mastercard, American Express et Apple Pay. Le paiement sera d\u00e9bit\u00e9 et encaiss\u00e9 sur votre compte au moment de la commande. Vous confirmez que la carte de cr\u00e9dit ou de d\u00e9bit utilis\u00e9e vous appartient. Veuillez noter que tous les titulaires de cartes sont soumis \u00e0 des v\u00e9rifications de validation et \u00e0 l\u2019autorisation de l\u2019\u00e9metteur de la carte. Si l\u2019\u00e9metteur de votre carte de paiement refuse le paiement ou n\u2019autorise pas le paiement \u00e0 Masaki Paris (Panouge SAS) pour quelque raison que ce soit, nous ne serons pas responsables de tout retard ou non-livraison des Produits. Nous conservons la propri\u00e9t\u00e9 l\u00e9gale de tous les Produits jusqu\u2019\u00e0 ce que le paiement int\u00e9gral ait \u00e9t\u00e9 effectu\u00e9 par vous et re\u00e7u par nous, et la propri\u00e9t\u00e9 l\u00e9gale des Produits nous sera imm\u00e9diatement retransf\u00e9r\u00e9e si nous vous remboursons tout paiement pour les Produits. Les risques li\u00e9s aux Produits vous sont transf\u00e9r\u00e9s lors de la livraison.<\/p><p><b>Votre droit de r\u00e9tractation<\/b><\/p><p>En tant que consommateur, vous disposez d\u2019un droit l\u00e9gal de r\u00e9tractation d\u2019un Contrat dans un d\u00e9lai de 14 jours \u00e0 compter de la date de livraison des Produits. Cela signifie que, pendant cette p\u00e9riode, si vous changez d\u2019avis ou d\u00e9cidez pour toute autre raison de ne pas conserver un Produit, vous pouvez nous informer de votre d\u00e9cision d\u2019annuler le Contrat et obtenir un remboursement. Vous pouvez le faire en nous contactant <a href=\"https:\/\/www.masaki-parfums.com\/fr\/contact\/\">ici<\/a>.<\/p><p>Pour b\u00e9n\u00e9ficier du droit de retour, les Produits doivent imp\u00e9rativement \u00eatre complets et en parfait \u00e9tat dans leur emballage d\u2019origine et avec le film de protection (cellophane transparent). Les produits retourn\u00e9s doivent \u00eatre revendables.<\/p><p>Pour annuler un Contrat, il vous suffit de nous informer de votre d\u00e9cision. Le moyen le plus simple est de nous contacter en cliquant ici ou de contacter notre service client par courrier \u00e0 l\u2019adresse suivante :<\/p><p>Service Clients Masaki Paris \u2013 Panouge SAS, 12 Avenue Victor Hugo 75116, Paris, France.<\/p><p>Si vous nous contactez par e-mail ou par courrier, veuillez inclure les d\u00e9tails de votre commande afin de nous permettre de l\u2019identifier. Si vous envoyez votre notification d\u2019annulation par e-mail ou par courrier, votre annulation prendra effet \u00e0 la date d\u2019envoi de votre message ou de votre lettre. Si vous annulez votre Contrat dans un d\u00e9lai de 14 jours \u00e0 compter de la date de livraison des Produits :<\/p><p>Vous devez nous retourner les Produits sans retard excessif (dans leur emballage d\u2019origine et non ouverts) et au plus tard dans les 14 jours suivant la date \u00e0 laquelle vous nous avez inform\u00e9s de votre d\u00e9cision d\u2019annuler le Contrat ;<\/p><p>Les Produits doivent \u00eatre retourn\u00e9s \u00e0 l\u2019adresse suivante :<\/p><p>Service Clients Masaki Paris \u2013 Panouge SAS, 12 Avenue Victor Hugo 75116, Paris, France.<\/p><ul><li>Les clients souhaitant retourner des Produits parfum\u00e9s doivent respecter les r\u00e8gles d\u2019\u00e9tiquetage et d\u2019emballage \u00e9tablies par La Poste ou tout autre transporteur utilis\u00e9.\u00a0<\/li><li>Les clients prennent en charge l\u2019ensemble des frais de retour. Nous ne remboursons pas les frais de livraison.<\/li><li>En cas d\u2019envoi postal, nous vous recommandons d\u2019obtenir une preuve d\u2019exp\u00e9dition, car nous n\u2019acceptons aucune responsabilit\u00e9 en cas de perte pendant le transport.<\/li><li>Nous vous rembourserons le prix pay\u00e9 pour les Produits, toutefois, conform\u00e9ment \u00e0 la loi, nous pouvons r\u00e9duire le montant du remboursement si la valeur des Produits a \u00e9t\u00e9 diminu\u00e9e en raison d\u2019une manipulation inappropri\u00e9e de votre part.<\/li><li>Nous effectuerons tout remboursement dans les plus brefs d\u00e9lais et au plus tard dans les 14 jours suivant la r\u00e9ception des Produits retourn\u00e9s. Le remboursement sera effectu\u00e9 sur la carte utilis\u00e9e lors du paiement. Si vous annulez votre commande mais ne retournez pas les Produits dans un d\u00e9lai de 14 jours ouvr\u00e9s apr\u00e8s notification de votre annulation, nous serons en droit de retenir le remboursement.<\/li><\/ul><p><b>Vos autres droits l\u00e9gaux de retour des Produits<\/b><\/p><p>Nous nous engageons \u00e0 vous fournir des Produits conformes \u00e0 votre commande. En tant que consommateur, vous b\u00e9n\u00e9ficiez de droits l\u00e9gaux si les Produits sont d\u00e9fectueux ou non conformes \u00e0 leur description. En particulier, nous sommes soumis aux garanties l\u00e9gales pr\u00e9vues aux articles L. 217-4, L. 217-5 et L. 217-12 du Code de la consommation et aux articles 1641 et 1648 du Code civil.<\/p><p>Ces droits (r\u00e9sum\u00e9s ci-dessous de mani\u00e8re g\u00e9n\u00e9rale) n\u2019affectent pas votre droit de choisir de retourner les Produits et d\u2019obtenir un remboursement conform\u00e9ment \u00e0 la section \u00ab Vos droits de r\u00e9tractation \u00bb ci-dessus, ni votre droit de vous pr\u00e9valoir de toute autre disposition des pr\u00e9sentes.\n\nSi les Produits ne sont pas conformes, vous pouvez les refuser lors de la livraison ou les renvoyer dans leur emballage d\u2019origine, en indiquant le motif du refus sur le bon de livraison. Nous prendrons en charge les frais aff\u00e9rents. Vous pouvez demander que les Produits soient r\u00e9par\u00e9s ou exiger une nouvelle livraison conforme \u00e0 votre commande.\n\nSi la r\u00e9paration ou le remplacement n\u2019est pas possible, vous pouvez demander l\u2019annulation du Contrat et le remboursement des sommes vers\u00e9es, ou alternativement, vous pouvez conserver les Produits et demander une r\u00e9duction de leur prix.\n\nVous pouvez envoyer votre demande en cliquant <a href=\"https:\/\/www.masaki-parfums.com\/fr\/contact\/\">ici<\/a> ou par lettre recommand\u00e9e avec accus\u00e9 de r\u00e9ception \u00e0 l\u2019adresse suivante : Service Clients Masaki Paris \u2013 Panouge SAS, 12 Avenue Victor Hugo 75116, Paris, France. Nous vous r\u00e9pondrons dans les plus brefs d\u00e9lais.<\/p><p>Dans certaines conditions, vous pouvez, conform\u00e9ment \u00e0 la loi, engager une action en garantie des vices cach\u00e9s ou b\u00e9n\u00e9ficier d\u2019une garantie commerciale \u00e9ventuellement applicable \u00e0 votre commande. Toutefois, nous ne pouvons \u00eatre tenus responsables si l\u2019inex\u00e9cution ou la mauvaise ex\u00e9cution du Contrat est imputable \u00e0 votre fait, \u00e0 un \u00e9v\u00e9nement impr\u00e9visible et insurmontable imputable \u00e0 un tiers au contrat (nos prestataires ne sont pas consid\u00e9r\u00e9s comme tels), ou \u00e0 un cas de force majeure.<\/p><p><b>Questions et r\u00e9clamations<\/b><\/p><p>Si vous avez des questions concernant ces CGV ou si vous souhaitez nous contacter pour d\u00e9poser une r\u00e9clamation concernant les Produits, veuillez cliquer <a href=\"https:\/\/www.masaki-parfums.com\/fr\/contact\/\">ici<\/a> pour nous contacter ou nous \u00e9crire \u00e0 l\u2019adresse suivante : Service Clients Masaki Paris \u2013 Panouge SAS, 12 Avenue Victor Hugo 75116, Paris, France.<\/p><p>Si, apr\u00e8s nous avoir contact\u00e9s et suivi notre proc\u00e9dure de r\u00e9clamation, vous estimez que votre r\u00e9clamation n\u2019a pas \u00e9t\u00e9 r\u00e9solue de mani\u00e8re satisfaisante, vous pouvez recourir gratuitement aux services d\u2019un m\u00e9diateur conform\u00e9ment \u00e0 l\u2019article L.152-1 du Code de la consommation.<\/p><p><b>Transfert des droits<\/b><\/p><p>Nous pouvons transf\u00e9rer nos droits et obligations au titre des pr\u00e9sentes Conditions G\u00e9n\u00e9rales \u00e0 une autre organisation, et nous vous en informerons toujours par \u00e9crit si cela se produit, mais cela n\u2019affectera pas vos droits ni nos obligations au titre des pr\u00e9sentes Conditions G\u00e9n\u00e9rales. Vous ne pouvez transf\u00e9rer vos droits ou obligations \u00e0 une autre personne qu\u2019avec notre accord \u00e9crit.<\/p><p><b>Droit applicable, juridiction et langue<\/b><\/p><p>Le pr\u00e9sent Site, son contenu et tout contrat conclu \u00e0 la suite de son utilisation sont r\u00e9gis par le droit fran\u00e7ais. Les parties conviennent de se soumettre \u00e0 la comp\u00e9tence exclusive des tribunaux de Paris, France. Tous les contrats sont conclus en langue fran\u00e7aise.<\/p><\/div><div>\u00a0<\/div>\t\t\t\t\t\t\t\t<\/div>\n\t\t\t\t<\/div>\n\t\t\t\t<div class=\"elementor-element elementor-element-52321dd elementor-widget elementor-widget-spacer\" data-id=\"52321dd\" data-element_type=\"widget\" data-e-type=\"widget\" data-widget_type=\"spacer.default\">\n\t\t\t\t<div class=\"elementor-widget-container\">\n\t\t\t\t\t\t\t<div class=\"elementor-spacer\">\n\t\t\t<div class=\"elementor-spacer-inner\"><\/div>\n\t\t<\/div>\n\t\t\t\t\t\t<\/div>\n\t\t\t\t<\/div>\n\t\t\t\t<\/div>\n\t\t\t\t<\/div>","protected":false},"excerpt":{"rendered":"<p>Terms and Conditions Last Updated: March 2026 Terms and conditions for online product sales Welcome to the Masaki Paris website published by the company Panouge SAS (the \u201cMasaki Paris Site\u201d or the \u201cSite\u201d). By placing an order with Masaki Paris (\u201cMasaki Paris\u201d, &#8220;Masaki Parfums&#8221;, \u201cwe\u201d, \u201cus\u201d or \u201cour\u201d) for products which are sold on the [&hellip;]<\/p>\n","protected":false},"author":71,"featured_media":0,"parent":0,"menu_order":0,"comment_status":"closed","ping_status":"closed","template":"","meta":{"_acf_changed":false,"jetpack_post_was_ever_published":false,"footnotes":""},"class_list":["post-4462","page","type-page","status-publish","hentry"],"acf":[],"yoast_head":"<!-- This site is optimized with the Yoast SEO Premium plugin v24.7 (Yoast SEO v27.3) - https:\/\/yoast.com\/product\/yoast-seo-premium-wordpress\/ -->\n<title>Terms and Conditions - Masak\u00ef Parfums<\/title>\n<meta name=\"robots\" content=\"noindex, follow\" \/>\n<meta property=\"og:locale\" content=\"fr_FR\" \/>\n<meta property=\"og:type\" content=\"article\" \/>\n<meta property=\"og:title\" content=\"Terms and Conditions\" \/>\n<meta property=\"og:description\" content=\"Terms and Conditions Last Updated: March 2026 Terms and conditions for online product sales Welcome to the Masaki Paris website published by the company Panouge SAS (the \u201cMasaki Paris Site\u201d or the \u201cSite\u201d). By placing an order with Masaki Paris (\u201cMasaki Paris\u201d, &#8220;Masaki Parfums&#8221;, \u201cwe\u201d, \u201cus\u201d or \u201cour\u201d) for products which are sold on the [&hellip;]\" \/>\n<meta property=\"og:url\" content=\"https:\/\/www.masaki-parfums.com\/fr\/terms-and-conditions\/\" \/>\n<meta property=\"og:site_name\" content=\"Masak\u00ef Parfums\" \/>\n<meta property=\"article:modified_time\" content=\"2026-03-25T15:33:06+00:00\" \/>\n<meta name=\"twitter:card\" content=\"summary_large_image\" \/>\n<meta name=\"twitter:label1\" content=\"Dur\u00e9e de lecture estim\u00e9e\" \/>\n\t<meta name=\"twitter:data1\" content=\"10 minutes\" \/>\n<script type=\"application\/ld+json\" class=\"yoast-schema-graph\">{\"@context\":\"https:\\\/\\\/schema.org\",\"@graph\":[{\"@type\":\"WebPage\",\"@id\":\"https:\\\/\\\/www.masaki-parfums.com\\\/terms-and-conditions\\\/\",\"url\":\"https:\\\/\\\/www.masaki-parfums.com\\\/terms-and-conditions\\\/\",\"name\":\"Terms and Conditions - Masak\u00ef Parfums\",\"isPartOf\":{\"@id\":\"https:\\\/\\\/www.masaki-parfums.com\\\/#website\"},\"datePublished\":\"2024-01-31T14:02:20+00:00\",\"dateModified\":\"2026-03-25T15:33:06+00:00\",\"breadcrumb\":{\"@id\":\"https:\\\/\\\/www.masaki-parfums.com\\\/terms-and-conditions\\\/#breadcrumb\"},\"inLanguage\":\"fr-FR\",\"potentialAction\":[{\"@type\":\"ReadAction\",\"target\":[\"https:\\\/\\\/www.masaki-parfums.com\\\/terms-and-conditions\\\/\"]}]},{\"@type\":\"BreadcrumbList\",\"@id\":\"https:\\\/\\\/www.masaki-parfums.com\\\/terms-and-conditions\\\/#breadcrumb\",\"itemListElement\":[{\"@type\":\"ListItem\",\"position\":1,\"name\":\"Home\",\"item\":\"https:\\\/\\\/www.masaki-parfums.com\\\/\"},{\"@type\":\"ListItem\",\"position\":2,\"name\":\"Terms and Conditions\"}]},{\"@type\":\"WebSite\",\"@id\":\"https:\\\/\\\/www.masaki-parfums.com\\\/#website\",\"url\":\"https:\\\/\\\/www.masaki-parfums.com\\\/\",\"name\":\"Masak\u00ef Parfums\",\"description\":\"Official Store\",\"publisher\":{\"@id\":\"https:\\\/\\\/www.masaki-parfums.com\\\/#organization\"},\"potentialAction\":[{\"@type\":\"SearchAction\",\"target\":{\"@type\":\"EntryPoint\",\"urlTemplate\":\"https:\\\/\\\/www.masaki-parfums.com\\\/?s={search_term_string}\"},\"query-input\":{\"@type\":\"PropertyValueSpecification\",\"valueRequired\":true,\"valueName\":\"search_term_string\"}}],\"inLanguage\":\"fr-FR\"},{\"@type\":\"Organization\",\"@id\":\"https:\\\/\\\/www.masaki-parfums.com\\\/#organization\",\"name\":\"Masak\u00ef Parfums\",\"url\":\"https:\\\/\\\/www.masaki-parfums.com\\\/\",\"logo\":{\"@type\":\"ImageObject\",\"inLanguage\":\"fr-FR\",\"@id\":\"https:\\\/\\\/www.masaki-parfums.com\\\/#\\\/schema\\\/logo\\\/image\\\/\",\"url\":\"https:\\\/\\\/i0.wp.com\\\/www.masaki-parfums.com\\\/wp-content\\\/uploads\\\/2023\\\/10\\\/logo-masaki-350x350-1.png?fit=350%2C350&ssl=1\",\"contentUrl\":\"https:\\\/\\\/i0.wp.com\\\/www.masaki-parfums.com\\\/wp-content\\\/uploads\\\/2023\\\/10\\\/logo-masaki-350x350-1.png?fit=350%2C350&ssl=1\",\"width\":350,\"height\":350,\"caption\":\"Masak\u00ef Parfums\"},\"image\":{\"@id\":\"https:\\\/\\\/www.masaki-parfums.com\\\/#\\\/schema\\\/logo\\\/image\\\/\"}}]}<\/script>\n<!-- \/ Yoast SEO Premium plugin. -->","yoast_head_json":{"title":"Terms and Conditions - Masak\u00ef Parfums","robots":{"index":"noindex","follow":"follow"},"og_locale":"fr_FR","og_type":"article","og_title":"Terms and Conditions","og_description":"Terms and Conditions Last Updated: March 2026 Terms and conditions for online product sales Welcome to the Masaki Paris website published by the company Panouge SAS (the \u201cMasaki Paris Site\u201d or the \u201cSite\u201d). By placing an order with Masaki Paris (\u201cMasaki Paris\u201d, &#8220;Masaki Parfums&#8221;, \u201cwe\u201d, \u201cus\u201d or \u201cour\u201d) for products which are sold on the [&hellip;]","og_url":"https:\/\/www.masaki-parfums.com\/fr\/terms-and-conditions\/","og_site_name":"Masak\u00ef Parfums","article_modified_time":"2026-03-25T15:33:06+00:00","twitter_card":"summary_large_image","twitter_misc":{"Dur\u00e9e de lecture estim\u00e9e":"10 minutes"},"schema":{"@context":"https:\/\/schema.org","@graph":[{"@type":"WebPage","@id":"https:\/\/www.masaki-parfums.com\/terms-and-conditions\/","url":"https:\/\/www.masaki-parfums.com\/terms-and-conditions\/","name":"Terms and Conditions - Masak\u00ef Parfums","isPartOf":{"@id":"https:\/\/www.masaki-parfums.com\/#website"},"datePublished":"2024-01-31T14:02:20+00:00","dateModified":"2026-03-25T15:33:06+00:00","breadcrumb":{"@id":"https:\/\/www.masaki-parfums.com\/terms-and-conditions\/#breadcrumb"},"inLanguage":"fr-FR","potentialAction":[{"@type":"ReadAction","target":["https:\/\/www.masaki-parfums.com\/terms-and-conditions\/"]}]},{"@type":"BreadcrumbList","@id":"https:\/\/www.masaki-parfums.com\/terms-and-conditions\/#breadcrumb","itemListElement":[{"@type":"ListItem","position":1,"name":"Home","item":"https:\/\/www.masaki-parfums.com\/"},{"@type":"ListItem","position":2,"name":"Terms and Conditions"}]},{"@type":"WebSite","@id":"https:\/\/www.masaki-parfums.com\/#website","url":"https:\/\/www.masaki-parfums.com\/","name":"Masak\u00ef Parfums","description":"Official Store","publisher":{"@id":"https:\/\/www.masaki-parfums.com\/#organization"},"potentialAction":[{"@type":"SearchAction","target":{"@type":"EntryPoint","urlTemplate":"https:\/\/www.masaki-parfums.com\/?s={search_term_string}"},"query-input":{"@type":"PropertyValueSpecification","valueRequired":true,"valueName":"search_term_string"}}],"inLanguage":"fr-FR"},{"@type":"Organization","@id":"https:\/\/www.masaki-parfums.com\/#organization","name":"Masak\u00ef Parfums","url":"https:\/\/www.masaki-parfums.com\/","logo":{"@type":"ImageObject","inLanguage":"fr-FR","@id":"https:\/\/www.masaki-parfums.com\/#\/schema\/logo\/image\/","url":"https:\/\/i0.wp.com\/www.masaki-parfums.com\/wp-content\/uploads\/2023\/10\/logo-masaki-350x350-1.png?fit=350%2C350&ssl=1","contentUrl":"https:\/\/i0.wp.com\/www.masaki-parfums.com\/wp-content\/uploads\/2023\/10\/logo-masaki-350x350-1.png?fit=350%2C350&ssl=1","width":350,"height":350,"caption":"Masak\u00ef Parfums"},"image":{"@id":"https:\/\/www.masaki-parfums.com\/#\/schema\/logo\/image\/"}}]}},"jetpack_sharing_enabled":true,"jetpack_shortlink":"https:\/\/wp.me\/PfeQsC-19Y","jetpack_likes_enabled":true,"_links":{"self":[{"href":"https:\/\/www.masaki-parfums.com\/fr\/wp-json\/wp\/v2\/pages\/4462","targetHints":{"allow":["GET"]}}],"collection":[{"href":"https:\/\/www.masaki-parfums.com\/fr\/wp-json\/wp\/v2\/pages"}],"about":[{"href":"https:\/\/www.masaki-parfums.com\/fr\/wp-json\/wp\/v2\/types\/page"}],"author":[{"embeddable":true,"href":"https:\/\/www.masaki-parfums.com\/fr\/wp-json\/wp\/v2\/users\/71"}],"replies":[{"embeddable":true,"href":"https:\/\/www.masaki-parfums.com\/fr\/wp-json\/wp\/v2\/comments?post=4462"}],"version-history":[{"count":31,"href":"https:\/\/www.masaki-parfums.com\/fr\/wp-json\/wp\/v2\/pages\/4462\/revisions"}],"predecessor-version":[{"id":7743,"href":"https:\/\/www.masaki-parfums.com\/fr\/wp-json\/wp\/v2\/pages\/4462\/revisions\/7743"}],"wp:attachment":[{"href":"https:\/\/www.masaki-parfums.com\/fr\/wp-json\/wp\/v2\/media?parent=4462"}],"curies":[{"name":"wp","href":"https:\/\/api.w.org\/{rel}","templated":true}]}}