{"id":4477,"date":"2024-01-31T15:05:07","date_gmt":"2024-01-31T14:05:07","guid":{"rendered":"https:\/\/www.masaki-parfums.com\/?page_id=4477"},"modified":"2024-05-14T13:25:19","modified_gmt":"2024-05-14T11:25:19","slug":"cookie-policy","status":"publish","type":"page","link":"https:\/\/www.masaki-parfums.com\/fr\/cookie-policy\/","title":{"rendered":"Politique Relative aux Cookies"},"content":{"rendered":"<div data-elementor-type=\"wp-page\" data-elementor-id=\"4477\" class=\"elementor elementor-4477\" data-elementor-post-type=\"page\">\n\t\t\t\t<div class=\"elementor-element elementor-element-f21af0f e-flex e-con-boxed e-con e-parent\" data-id=\"f21af0f\" data-element_type=\"container\" data-e-type=\"container\">\n\t\t\t\t\t<div class=\"e-con-inner\">\n\t\t\t\t<div class=\"elementor-element elementor-element-643bf4e elementor-widget elementor-widget-spacer\" data-id=\"643bf4e\" data-element_type=\"widget\" data-e-type=\"widget\" data-widget_type=\"spacer.default\">\n\t\t\t\t<div class=\"elementor-widget-container\">\n\t\t\t\t\t\t\t<div class=\"elementor-spacer\">\n\t\t\t<div class=\"elementor-spacer-inner\"><\/div>\n\t\t<\/div>\n\t\t\t\t\t\t<\/div>\n\t\t\t\t<\/div>\n\t\t\t\t<div class=\"elementor-element elementor-element-4268695 elementor-widget elementor-widget-heading\" data-id=\"4268695\" data-element_type=\"widget\" data-e-type=\"widget\" data-widget_type=\"heading.default\">\n\t\t\t\t<div class=\"elementor-widget-container\">\n\t\t\t\t\t<h2 class=\"elementor-heading-title elementor-size-default\">Politique Relative aux Cookies<\/h2>\t\t\t\t<\/div>\n\t\t\t\t<\/div>\n\t\t\t\t<div class=\"elementor-element elementor-element-5aab639 elementor-widget elementor-widget-spacer\" data-id=\"5aab639\" data-element_type=\"widget\" data-e-type=\"widget\" data-widget_type=\"spacer.default\">\n\t\t\t\t<div class=\"elementor-widget-container\">\n\t\t\t\t\t\t\t<div class=\"elementor-spacer\">\n\t\t\t<div class=\"elementor-spacer-inner\"><\/div>\n\t\t<\/div>\n\t\t\t\t\t\t<\/div>\n\t\t\t\t<\/div>\n\t\t\t\t<div class=\"elementor-element elementor-element-4bc0f3e elementor-widget elementor-widget-text-editor\" data-id=\"4bc0f3e\" data-element_type=\"widget\" data-e-type=\"widget\" data-widget_type=\"text-editor.default\">\n\t\t\t\t<div class=\"elementor-widget-container\">\n\t\t\t\t\t\t\t\t\t<p>Derni\u00e8re mise \u00e0 jour : f\u00e9vrier 2024<\/p><p>Bienvenue sur le site Masaki Paris<b>(le \u00ab Site \u00bb)<\/b>, un site exploit\u00e9 par Panouge SAS, une soci\u00e9t\u00e9 enregistr\u00e9e \u00e0 Paris sous le num\u00e9ro 329 530 646, num\u00e9ro de TVA FR 57 329 530 646, dont le si\u00e8ge social est situ\u00e9 au 12 Avenue Victor Hugo 75116, Paris, France.<\/p><p>\u00a0(\u201c<b>Panouge SAS<\/b>\u201d, \u201c<b>nous<\/b>\u00bb, \u00ab<b>notre<\/b>\u00bb ou \u00ab<b>nos<\/b>\u00bb).<\/p><p>Notre Site utilise des cookies pour vous distinguer des autres utilisateurs du Site. Cela nous aide \u00e0 vous offrir une bonne exp\u00e9rience lors de votre navigation sur notre Site ; par exemple, cela nous permet de reconna\u00eetre votre ordinateur lorsque vous acc\u00e9dez au Site et vous connectez \u00e0 votre compte avec votre nom d\u2019utilisateur et votre mot de passe. L\u2019utilisation de cookies nous permet \u00e9galement d\u2019am\u00e9liorer notre Site. En continuant \u00e0 naviguer sur le Site, vous acceptez notre utilisation des cookies.<\/p><p>Notre Site utilise des cookies fonctionnels, de performance, marketing et de personnalisation. Un cookie est un petit fichier compos\u00e9 de lettres et de chiffres que nous stockons sur votre navigateur ou sur le disque dur de votre ordinateur si vous acceptez. Les cookies contiennent des informations qui sont transf\u00e9r\u00e9es sur le disque dur de votre ordinateur.<\/p><p>Nous utilisons les cookies suivants :<\/p><ul><li>Cookies strictement n\u00e9cessaires : Ce sont des cookies indispensables au fonctionnement de notre Site. Ils incluent, par exemple, les cookies qui vous permettent de vous connecter \u00e0 des zones s\u00e9curis\u00e9es de notre Site ou d\u2019utiliser le panier d\u2019achat.<\/li><li>Cookies analytiques\/de performance : Ces cookies nous permettent de reconna\u00eetre et de compter le nombre de visiteurs, et de voir comment les visiteurs se d\u00e9placent sur notre Site lorsqu\u2019ils l\u2019utilisent. Cela nous aide \u00e0 am\u00e9liorer le fonctionnement de notre Site, par exemple en nous assurant que les utilisateurs trouvent facilement ce qu\u2019ils recherchent.<\/li><li>Cookies de fonctionnalit\u00e9 : Ces cookies sont utilis\u00e9s pour vous reconna\u00eetre lorsque vous revenez sur notre Site. Ils nous permettent de personnaliser notre contenu pour vous et de m\u00e9moriser vos pr\u00e9f\u00e9rences.<\/li><li>Cookies de ciblage : Ces cookies enregistrent votre visite sur notre Site, les pages que vous avez consult\u00e9es et les liens que vous avez suivis. Nous utiliserons ces informations pour rendre notre Site plus pertinent par rapport \u00e0 vos centres d\u2019int\u00e9r\u00eat. Nous pouvons \u00e9galement partager ces informations avec des tiers \u00e0 cette fin.<b><\/b><\/li><li>Cookies publicitaires bas\u00e9s sur les centres d\u2019int\u00e9r\u00eat : Vous aurez peut-\u00eatre remarqu\u00e9, lors de vos visites sur d\u2019autres sites web, que des publicit\u00e9s pour des produits susceptibles de vous int\u00e9resser vous sont affich\u00e9es. Comme de nombreuses entreprises, nous pla\u00e7ons des publicit\u00e9s pour nos produits sur plusieurs sites de nos partenaires. Cependant, afin de nous assurer que les publicit\u00e9s que vous voyez sont pertinentes pour vous, nous utilisons des cookies pour collecter des informations sur vos centres d\u2019int\u00e9r\u00eat, par exemple les sites que vous visitez et votre localisation g\u00e9ographique. Ces cookies n\u2019augmentent pas le nombre de publicit\u00e9s qui vous sont montr\u00e9es, mais rendent simplement les publicit\u00e9s plus pertinentes. De plus, ils limitent le nombre de fois o\u00f9 vous voyez une publicit\u00e9 et nous aident \u00e0 mesurer l\u2019efficacit\u00e9 de nos campagnes publicitaires.<\/li><\/ul><h5>Notre liste actuelle de cookies est la suivante :<\/h5><h4><b>Cookies essentiels<\/b><\/h4><p>Les cookies n\u00e9cessaires permettent le fonctionnement principal du site web. Sans ces cookies, le site web ne peut pas fonctionner correctement. Ils aident \u00e0 rendre le site utilisable en activant les fonctionnalit\u00e9s de base.<\/p><p>Liste des cookies collect\u00e9s par le groupe Essentiel<\/p><table border=\"0\" cellspacing=\"0\" cellpadding=\"0\"><thead><tr><td valign=\"top\" width=\"187\"><p><b>Nom du cookie<\/b><b><\/b><\/p><\/td><td valign=\"top\" width=\"450\"><p><b>Description du cookie<\/b><\/p><\/td><\/tr><\/thead><tbody><tr><td valign=\"top\" width=\"187\"><p>PHPSESSID<\/p><\/td><td valign=\"top\" width=\"450\"><p>Pour stocker le nom d\u2019utilisateur de l\u2019utilisateur connect\u00e9 et une cl\u00e9 chiffr\u00e9e de 128 bits. Cette information est n\u00e9cessaire pour permettre \u00e0 un utilisateur de rester connect\u00e9 \u00e0 un site web sans avoir \u00e0 saisir son nom d\u2019utilisateur et son mot de passe pour chaque page visit\u00e9e. Sans ce cookie, l\u2019utilisateur ne peut pas acc\u00e9der aux zones du site n\u00e9cessitant une authentification.<\/p><\/td><\/tr><tr><td valign=\"top\" width=\"187\"><p>private_content_version<\/p><\/td><td valign=\"top\" width=\"450\"><p>Ajoute un num\u00e9ro al\u00e9atoire et unique ainsi qu\u2019un horodatage aux pages contenant du contenu client afin d\u2019\u00e9viter qu\u2019elles soient mises en cache sur le serveur.<\/p><\/td><\/tr><tr><td valign=\"top\" width=\"187\"><p>persistent_shopping_cart<\/p><\/td><td valign=\"top\" width=\"450\"><p>Stocke la cl\u00e9 (ID) du panier persistant pour permettre de restaurer le panier pour un acheteur anonyme.<\/p><\/td><\/tr><tr><td valign=\"top\" width=\"187\"><p>form_key<\/p><\/td><td valign=\"top\" width=\"450\"><p>Mesure de s\u00e9curit\u00e9 qui ajoute une cha\u00eene al\u00e9atoire \u00e0 toutes les soumissions de formulaires pour prot\u00e9ger les donn\u00e9es contre les attaques de type Cross-Site Request Forgery (CSRF).<\/p><\/td><\/tr><tr><td valign=\"top\" width=\"187\"><p>store<\/p><\/td><td valign=\"top\" width=\"450\"><p>Suit la vue du magasin \/ la localisation sp\u00e9cifique s\u00e9lectionn\u00e9e par l\u2019acheteur.<\/p><\/td><\/tr><tr><td valign=\"top\" width=\"187\"><p>login_redirect<\/p><\/td><td valign=\"top\" width=\"450\"><p>Conserve la page de destination que le client consultait avant d\u2019\u00eatre redirig\u00e9 vers la page de connexion.<\/p><\/td><\/tr><tr><td valign=\"top\" width=\"187\"><p>mage-messages<\/p><\/td><td valign=\"top\" width=\"450\"><p>Suit les messages d\u2019erreur et autres notifications affich\u00e9es \u00e0 l\u2019utilisateur, telles que le message de consentement aux cookies et divers messages d\u2019erreur. Le message est supprim\u00e9 du cookie apr\u00e8s avoir \u00e9t\u00e9 affich\u00e9 \u00e0 l\u2019acheteur.<\/p><\/td><\/tr><tr><td valign=\"top\" width=\"187\"><p>mage-cache-storage<\/p><\/td><td valign=\"top\" width=\"450\"><p>Stockage local du contenu sp\u00e9cifique au visiteur qui permet les fonctions de commerce \u00e9lectronique.<\/p><\/td><\/tr><tr><td valign=\"top\" width=\"187\"><p>mage-cache-storage-section-invalidation<\/p><\/td><td valign=\"top\" width=\"450\"><p>Force l\u2019invalidation du stockage local pour certaines sections de contenu sp\u00e9cifiques.<\/p><\/td><\/tr><tr><td valign=\"top\" width=\"187\"><p>mage-cache-sessid<\/p><\/td><td valign=\"top\" width=\"450\"><p>La valeur de ce cookie d\u00e9clenche le nettoyage du stockage du cache local.<\/p><\/td><\/tr><tr><td valign=\"top\" width=\"187\"><p>product_data_storage<\/p><\/td><td valign=\"top\" width=\"450\"><p>Stocke la configuration des donn\u00e9es produit li\u00e9es aux Produits r\u00e9cemment consult\u00e9s \/ compar\u00e9s.<\/p><\/td><\/tr><tr><td valign=\"top\" width=\"187\"><p>user_allowed_save_cookie<\/p><\/td><td valign=\"top\" width=\"450\"><p>Indique si l\u2019acheteur autorise l\u2019enregistrement des cookies.<\/p><\/td><\/tr><tr><td valign=\"top\" width=\"187\"><p>mage-translation-storage<\/p><\/td><td valign=\"top\" width=\"450\"><p>Stocke le contenu traduit lorsque l\u2019acheteur le demande.<\/p><\/td><\/tr><tr><td valign=\"top\" width=\"187\"><p>mage-translation-file-version<\/p><\/td><td valign=\"top\" width=\"450\"><p>Stocke la version du fichier du contenu traduit.<\/p><\/td><\/tr><\/tbody><\/table><h4><b>Cookies Marketing<\/b><\/h4><p>Les cookies marketing sont utilis\u00e9s pour suivre et collecter les actions des visiteurs sur le site web. Les cookies stockent les donn\u00e9es et informations comportementales des utilisateurs, ce qui permet aux services publicitaires de cibler un plus grand nombre de groupes d\u2019audience. De plus, une exp\u00e9rience utilisateur plus personnalis\u00e9e peut \u00eatre propos\u00e9e en fonction des informations collect\u00e9es.<\/p><p>Liste des cookies collect\u00e9s par le groupe Marketing<\/p><table border=\"0\" cellspacing=\"0\" cellpadding=\"0\"><thead><tr><td valign=\"top\"><p><b>Nom du cookie<\/b><b><\/b><\/p><\/td><td valign=\"top\" width=\"389\"><p><b>Description du cookie<\/b><\/p><\/td><\/tr><\/thead><tbody><tr><td valign=\"top\" width=\"258\"><p>section_data_ids<\/p><\/td><td valign=\"top\" width=\"389\"><p>Stocke les informations sp\u00e9cifiques au client li\u00e9es aux actions initi\u00e9es par l\u2019acheteur, telles que l\u2019affichage de la liste de souhaits, les informations de paiement, etc.<\/p><\/td><\/tr><tr><td valign=\"top\" width=\"258\"><p>recently_viewed_product<\/p><\/td><td valign=\"top\" width=\"389\"><p>Stocke les ID des produits r\u00e9cemment consult\u00e9s pour faciliter la navigation.<\/p><\/td><\/tr><tr><td valign=\"top\" width=\"258\"><p>recently_viewed_product_previous<\/p><\/td><td valign=\"top\" width=\"389\"><p>Stocke les ID des produits consult\u00e9s pr\u00e9c\u00e9demment pour faciliter la navigation.<\/p><\/td><\/tr><tr><td valign=\"top\" width=\"258\"><p>recently_compared_product<\/p><\/td><td valign=\"top\" width=\"389\"><p>Stocke les ID des produits r\u00e9cemment compar\u00e9s.<\/p><\/td><\/tr><tr><td valign=\"top\" width=\"258\"><p>recently_compared_product_previous<\/p><\/td><td valign=\"top\" width=\"389\"><p>Stocke les ID des produits compar\u00e9s pr\u00e9c\u00e9demment pour faciliter la navigation.<\/p><\/td><\/tr><\/tbody><\/table><h4><b>Google Analytics<\/b><\/h4><p>Un ensemble de cookies permettant de collecter des informations et de g\u00e9n\u00e9rer des rapports sur les statistiques d\u2019utilisation du site web, sans identifier personnellement les visiteurs individuels aupr\u00e8s de Google.<\/p><p>Liste des cookies collect\u00e9s par le groupe Google Analytics<\/p><table border=\"0\" cellspacing=\"0\" cellpadding=\"0\"><thead><tr><td valign=\"top\"><p><b>Nom du cookie<\/b><b><\/b><\/p><\/td><td valign=\"top\"><p><b>Description du cookie<\/b><\/p><\/td><\/tr><\/thead><tbody><tr><td valign=\"top\" width=\"178\"><p>_ga<\/p><\/td><td valign=\"top\"><p>Utilis\u00e9 pour distinguer les utilisateurs.<\/p><\/td><\/tr><tr><td valign=\"top\" width=\"178\"><p>_gid<\/p><\/td><td valign=\"top\"><p>Utilis\u00e9 pour distinguer les utilisateurs.<\/p><\/td><\/tr><tr><td valign=\"top\" width=\"178\"><p>_gat<\/p><\/td><td valign=\"top\"><p>Utilis\u00e9 pour limiter le taux de requ\u00eates.<\/p><\/td><\/tr><\/tbody><\/table><p>Veuillez noter que des tiers (y compris, par exemple, les fournisseurs de services externes tels que les services d\u2019analyse du trafic web) peuvent \u00e9galement utiliser des cookies, sur lesquels nous n\u2019avons aucun contr\u00f4le. Ces cookies sont susceptibles d\u2019\u00eatre des cookies analytiques\/de performance ou des cookies de ciblage. La liste actuelle des tiers qui utilisent des cookies est la suivante :<\/p><ul><li><b>Google Analytics<\/b><\/li><\/ul><p>Ces cookies sont utilis\u00e9s pour collecter des informations sur la mani\u00e8re dont les visiteurs utilisent notre site web. Les donn\u00e9es sont collect\u00e9es de mani\u00e8re anonyme et des rapports sont \u00e9tablis incluant le nombre de visiteurs, le temps pass\u00e9 sur chaque page et les pages visit\u00e9es. Pour plus d\u2019informations sur la politique de confidentialit\u00e9 de Google, veuillez cliquer sur le lien suivant :\u00a0<a title=\"Google\" href=\"https:\/\/policies.google.com\/privacy\" target=\"_blank\" rel=\"noopener\">https:\/\/policies.google.com\/privacy<\/a>\u00a0. Un identifiant utilisateur (user-ID) sera attribu\u00e9 aux utilisateurs connect\u00e9s, ce qui permet un suivi anonymis\u00e9 du site web sur plusieurs appareils (tablette, ordinateur, mobile, etc.). Aucune donn\u00e9e personnellement identifiable n\u2019est collect\u00e9e ou reli\u00e9e \u00e0 cet identifiant utilisateur. Vous pouvez vous d\u00e9sinscrire en utilisant l\u2019outil suivant :\u00a0<a title=\"Google\" href=\"https:\/\/tools.google.com\/dlpage\/gaoptout\" target=\"_blank\" rel=\"noopener\">https:\/\/tools.google.com\/dlpage\/gaoptout<\/a><\/p><ul><li><b>Facebook<\/b><\/li><\/ul><p>Ce cookie est plac\u00e9 par Facebook. Il nous permet de mesurer, d\u2019optimiser et de constituer des audiences pour les campagnes publicitaires diffus\u00e9es sur Facebook. Il nous permet de voir comment nos utilisateurs naviguent entre diff\u00e9rents appareils lorsqu\u2019ils acc\u00e8dent au site web et \u00e0 Facebook, afin de nous assurer que nos publicit\u00e9s Facebook sont vues par les utilisateurs les plus susceptibles d\u2019\u00eatre int\u00e9ress\u00e9s. Cela se fait en analysant le contenu qu\u2019un utilisateur a consult\u00e9 et avec lequel il a interagi sur le site web.<br \/>Pour plus d\u2019informations, veuillez consulter le lien suivant :\u00a0<a title=\"Facebook\" href=\"https:\/\/www.facebook.com\/policies\/cookies\" target=\"_blank\" rel=\"noopener\">https:\/\/www.facebook.com\/policies\/cookies<\/a><\/p><p>Si vous souhaitez en savoir plus sur le fonctionnement des cookies et sur la mani\u00e8re de les g\u00e9rer ou de les supprimer, visitez le site du World Wide Web Consortium (ou, pour les cookies tiers, consultez\u00a0<a title=\"Your online choices\" href=\"https:\/\/www.youronlinechoices.com\/\" target=\"_blank\" rel=\"noopener\">https:\/\/www.youronlinechoices.com<\/a>.<\/p><p>Vous pouvez bloquer les cookies en activant le param\u00e8tre de votre navigateur qui vous permet de refuser l\u2019installation de tous les cookies ou de certains cookies (ce param\u00e8tre se trouve g\u00e9n\u00e9ralement dans le menu \u00ab Modifier \u00bb). Si vous avez d\u00e9sactiv\u00e9 JavaScript, vous ne pourrez pas utiliser ce Site. Si vous utilisez les param\u00e8tres de votre navigateur pour bloquer les cookies (y compris les cookies essentiels), vous pourriez ne pas pouvoir acc\u00e9der \u00e0 tout ou partie de notre Site.\u00a0\u00a0<\/p><p>\u00c0 l\u2019exception des cookies essentiels, tous les cookies expirent apr\u00e8s 2 ans.<\/p>\t\t\t\t\t\t\t\t<\/div>\n\t\t\t\t<\/div>\n\t\t\t\t<div class=\"elementor-element elementor-element-f0e0f00 elementor-widget elementor-widget-spacer\" data-id=\"f0e0f00\" data-element_type=\"widget\" data-e-type=\"widget\" data-widget_type=\"spacer.default\">\n\t\t\t\t<div class=\"elementor-widget-container\">\n\t\t\t\t\t\t\t<div class=\"elementor-spacer\">\n\t\t\t<div class=\"elementor-spacer-inner\"><\/div>\n\t\t<\/div>\n\t\t\t\t\t\t<\/div>\n\t\t\t\t<\/div>\n\t\t\t\t\t<\/div>\n\t\t\t\t<\/div>\n\t\t\t\t<\/div>","protected":false},"excerpt":{"rendered":"<p>Cookie Policy Last Updated: February 2024 Welcome to the Masaki Paris website (the \u201cSite\u201c), a website operated by Panouge SAS, a company registered in Paris with company number 329 530 646, VAT number FR 57 329 530 646, whose registered office is located at 12 Avenue Victor Hugo 75116, Paris, France. \u00a0(\u201cPanouge SAS\u201d, \u201cwe\u201c, \u201cus\u201d [&hellip;]<\/p>\n","protected":false},"author":71,"featured_media":0,"parent":0,"menu_order":0,"comment_status":"closed","ping_status":"closed","template":"","meta":{"_acf_changed":false,"jetpack_post_was_ever_published":false,"footnotes":""},"class_list":["post-4477","page","type-page","status-publish","hentry"],"acf":[],"yoast_head":"<!-- This site is optimized with the Yoast SEO Premium plugin v24.7 (Yoast SEO v27.3) - https:\/\/yoast.com\/product\/yoast-seo-premium-wordpress\/ -->\n<title>Cookie Policy - Masak\u00ef Parfums<\/title>\n<meta name=\"robots\" content=\"noindex, follow\" \/>\n<meta property=\"og:locale\" content=\"fr_FR\" \/>\n<meta property=\"og:type\" content=\"article\" \/>\n<meta property=\"og:title\" content=\"Cookie Policy\" \/>\n<meta property=\"og:description\" content=\"Cookie Policy Last Updated: February 2024 Welcome to the Masaki Paris website (the \u201cSite\u201c), a website operated by Panouge SAS, a company registered in Paris with company number 329 530 646, VAT number FR 57 329 530 646, whose registered office is located at 12 Avenue Victor Hugo 75116, Paris, France. \u00a0(\u201cPanouge SAS\u201d, \u201cwe\u201c, \u201cus\u201d [&hellip;]\" \/>\n<meta property=\"og:url\" content=\"https:\/\/www.masaki-parfums.com\/fr\/cookie-policy\/\" \/>\n<meta property=\"og:site_name\" content=\"Masak\u00ef Parfums\" \/>\n<meta property=\"article:modified_time\" content=\"2024-05-14T11:25:19+00:00\" \/>\n<meta name=\"twitter:card\" content=\"summary_large_image\" \/>\n<meta name=\"twitter:label1\" content=\"Dur\u00e9e de lecture estim\u00e9e\" \/>\n\t<meta name=\"twitter:data1\" content=\"6 minutes\" \/>\n<script type=\"application\/ld+json\" class=\"yoast-schema-graph\">{\"@context\":\"https:\\\/\\\/schema.org\",\"@graph\":[{\"@type\":\"WebPage\",\"@id\":\"https:\\\/\\\/www.masaki-parfums.com\\\/cookie-policy\\\/\",\"url\":\"https:\\\/\\\/www.masaki-parfums.com\\\/cookie-policy\\\/\",\"name\":\"Cookie Policy - Masak\u00ef Parfums\",\"isPartOf\":{\"@id\":\"https:\\\/\\\/www.masaki-parfums.com\\\/#website\"},\"datePublished\":\"2024-01-31T14:05:07+00:00\",\"dateModified\":\"2024-05-14T11:25:19+00:00\",\"breadcrumb\":{\"@id\":\"https:\\\/\\\/www.masaki-parfums.com\\\/cookie-policy\\\/#breadcrumb\"},\"inLanguage\":\"fr-FR\",\"potentialAction\":[{\"@type\":\"ReadAction\",\"target\":[\"https:\\\/\\\/www.masaki-parfums.com\\\/cookie-policy\\\/\"]}]},{\"@type\":\"BreadcrumbList\",\"@id\":\"https:\\\/\\\/www.masaki-parfums.com\\\/cookie-policy\\\/#breadcrumb\",\"itemListElement\":[{\"@type\":\"ListItem\",\"position\":1,\"name\":\"Home\",\"item\":\"https:\\\/\\\/www.masaki-parfums.com\\\/\"},{\"@type\":\"ListItem\",\"position\":2,\"name\":\"Cookie Policy\"}]},{\"@type\":\"WebSite\",\"@id\":\"https:\\\/\\\/www.masaki-parfums.com\\\/#website\",\"url\":\"https:\\\/\\\/www.masaki-parfums.com\\\/\",\"name\":\"Masak\u00ef Parfums\",\"description\":\"Official Store\",\"publisher\":{\"@id\":\"https:\\\/\\\/www.masaki-parfums.com\\\/#organization\"},\"potentialAction\":[{\"@type\":\"SearchAction\",\"target\":{\"@type\":\"EntryPoint\",\"urlTemplate\":\"https:\\\/\\\/www.masaki-parfums.com\\\/?s={search_term_string}\"},\"query-input\":{\"@type\":\"PropertyValueSpecification\",\"valueRequired\":true,\"valueName\":\"search_term_string\"}}],\"inLanguage\":\"fr-FR\"},{\"@type\":\"Organization\",\"@id\":\"https:\\\/\\\/www.masaki-parfums.com\\\/#organization\",\"name\":\"Masak\u00ef Parfums\",\"url\":\"https:\\\/\\\/www.masaki-parfums.com\\\/\",\"logo\":{\"@type\":\"ImageObject\",\"inLanguage\":\"fr-FR\",\"@id\":\"https:\\\/\\\/www.masaki-parfums.com\\\/#\\\/schema\\\/logo\\\/image\\\/\",\"url\":\"https:\\\/\\\/i0.wp.com\\\/www.masaki-parfums.com\\\/wp-content\\\/uploads\\\/2023\\\/10\\\/logo-masaki-350x350-1.png?fit=350%2C350&ssl=1\",\"contentUrl\":\"https:\\\/\\\/i0.wp.com\\\/www.masaki-parfums.com\\\/wp-content\\\/uploads\\\/2023\\\/10\\\/logo-masaki-350x350-1.png?fit=350%2C350&ssl=1\",\"width\":350,\"height\":350,\"caption\":\"Masak\u00ef Parfums\"},\"image\":{\"@id\":\"https:\\\/\\\/www.masaki-parfums.com\\\/#\\\/schema\\\/logo\\\/image\\\/\"}}]}<\/script>\n<!-- \/ Yoast SEO Premium plugin. -->","yoast_head_json":{"title":"Cookie Policy - Masak\u00ef Parfums","robots":{"index":"noindex","follow":"follow"},"og_locale":"fr_FR","og_type":"article","og_title":"Cookie Policy","og_description":"Cookie Policy Last Updated: February 2024 Welcome to the Masaki Paris website (the \u201cSite\u201c), a website operated by Panouge SAS, a company registered in Paris with company number 329 530 646, VAT number FR 57 329 530 646, whose registered office is located at 12 Avenue Victor Hugo 75116, Paris, France. \u00a0(\u201cPanouge SAS\u201d, \u201cwe\u201c, \u201cus\u201d [&hellip;]","og_url":"https:\/\/www.masaki-parfums.com\/fr\/cookie-policy\/","og_site_name":"Masak\u00ef Parfums","article_modified_time":"2024-05-14T11:25:19+00:00","twitter_card":"summary_large_image","twitter_misc":{"Dur\u00e9e de lecture estim\u00e9e":"6 minutes"},"schema":{"@context":"https:\/\/schema.org","@graph":[{"@type":"WebPage","@id":"https:\/\/www.masaki-parfums.com\/cookie-policy\/","url":"https:\/\/www.masaki-parfums.com\/cookie-policy\/","name":"Cookie Policy - Masak\u00ef Parfums","isPartOf":{"@id":"https:\/\/www.masaki-parfums.com\/#website"},"datePublished":"2024-01-31T14:05:07+00:00","dateModified":"2024-05-14T11:25:19+00:00","breadcrumb":{"@id":"https:\/\/www.masaki-parfums.com\/cookie-policy\/#breadcrumb"},"inLanguage":"fr-FR","potentialAction":[{"@type":"ReadAction","target":["https:\/\/www.masaki-parfums.com\/cookie-policy\/"]}]},{"@type":"BreadcrumbList","@id":"https:\/\/www.masaki-parfums.com\/cookie-policy\/#breadcrumb","itemListElement":[{"@type":"ListItem","position":1,"name":"Home","item":"https:\/\/www.masaki-parfums.com\/"},{"@type":"ListItem","position":2,"name":"Cookie Policy"}]},{"@type":"WebSite","@id":"https:\/\/www.masaki-parfums.com\/#website","url":"https:\/\/www.masaki-parfums.com\/","name":"Masak\u00ef Parfums","description":"Official Store","publisher":{"@id":"https:\/\/www.masaki-parfums.com\/#organization"},"potentialAction":[{"@type":"SearchAction","target":{"@type":"EntryPoint","urlTemplate":"https:\/\/www.masaki-parfums.com\/?s={search_term_string}"},"query-input":{"@type":"PropertyValueSpecification","valueRequired":true,"valueName":"search_term_string"}}],"inLanguage":"fr-FR"},{"@type":"Organization","@id":"https:\/\/www.masaki-parfums.com\/#organization","name":"Masak\u00ef Parfums","url":"https:\/\/www.masaki-parfums.com\/","logo":{"@type":"ImageObject","inLanguage":"fr-FR","@id":"https:\/\/www.masaki-parfums.com\/#\/schema\/logo\/image\/","url":"https:\/\/i0.wp.com\/www.masaki-parfums.com\/wp-content\/uploads\/2023\/10\/logo-masaki-350x350-1.png?fit=350%2C350&ssl=1","contentUrl":"https:\/\/i0.wp.com\/www.masaki-parfums.com\/wp-content\/uploads\/2023\/10\/logo-masaki-350x350-1.png?fit=350%2C350&ssl=1","width":350,"height":350,"caption":"Masak\u00ef Parfums"},"image":{"@id":"https:\/\/www.masaki-parfums.com\/#\/schema\/logo\/image\/"}}]}},"jetpack_sharing_enabled":true,"jetpack_shortlink":"https:\/\/wp.me\/PfeQsC-1ad","jetpack_likes_enabled":true,"_links":{"self":[{"href":"https:\/\/www.masaki-parfums.com\/fr\/wp-json\/wp\/v2\/pages\/4477","targetHints":{"allow":["GET"]}}],"collection":[{"href":"https:\/\/www.masaki-parfums.com\/fr\/wp-json\/wp\/v2\/pages"}],"about":[{"href":"https:\/\/www.masaki-parfums.com\/fr\/wp-json\/wp\/v2\/types\/page"}],"author":[{"embeddable":true,"href":"https:\/\/www.masaki-parfums.com\/fr\/wp-json\/wp\/v2\/users\/71"}],"replies":[{"embeddable":true,"href":"https:\/\/www.masaki-parfums.com\/fr\/wp-json\/wp\/v2\/comments?post=4477"}],"version-history":[{"count":28,"href":"https:\/\/www.masaki-parfums.com\/fr\/wp-json\/wp\/v2\/pages\/4477\/revisions"}],"predecessor-version":[{"id":5005,"href":"https:\/\/www.masaki-parfums.com\/fr\/wp-json\/wp\/v2\/pages\/4477\/revisions\/5005"}],"wp:attachment":[{"href":"https:\/\/www.masaki-parfums.com\/fr\/wp-json\/wp\/v2\/media?parent=4477"}],"curies":[{"name":"wp","href":"https:\/\/api.w.org\/{rel}","templated":true}]}}