{"id":1960,"date":"2018-03-10T20:11:53","date_gmt":"2018-03-10T20:11:53","guid":{"rendered":"https:\/\/masaki-parfums.com\/wordpress\/?post_type=product&#038;p=1960"},"modified":"2025-03-25T14:30:04","modified_gmt":"2025-03-25T13:30:04","slug":"mat-limited","status":"publish","type":"product","link":"https:\/\/www.masaki-parfums.com\/fr\/shop\/mat-limited\/","title":{"rendered":"mat; limited"},"content":{"rendered":"<p style=\"text-align: center;\"><strong>NOTES DE T\u00caTE<\/strong><\/p>\n<p style=\"text-align: center;\"><em>Th\u00e9 Vert, Bambou, Pulpe de Mangue, Grenade<\/em><\/p>\n<p style=\"text-align: center;\"><strong>NOTES DU C\u0152UR<\/strong><\/p>\n<p style=\"text-align: center;\"><em>Osmanthus, Rose, Fleur de Lotus<\/em><\/p>\n<p style=\"text-align: center;\"><strong>NOTES DE FOND<\/strong><\/p>\n<p style=\"text-align: center;\"><em>Bois de Roseau, Eau de Jasmin, Musc Blanc<\/em><\/p>\n<p>&nbsp;<\/p>\n<p><strong>LA FRAGRANCE<\/strong><\/p>\n<p>mat; limited est une interpr\u00e9tation raffin\u00e9e de l\u2019iconique fragrance mat;. Cette version, imagin\u00e9e par Masak\u00ef Matsush\u00efma, se r\u00e9v\u00e8le plus sophistiqu\u00e9e et r\u00e9solument f\u00e9minine. Elle exprime une sensation de sensualit\u00e9 et de joie \u00e0 travers une palette de couleurs douces, lui conf\u00e9rant une allure \u00e0 la fois \u00e9l\u00e9gante et moderne.<\/p>\n<p>La fragrance d\u00e9bute par une ouverture d\u00e9licate, comme filtr\u00e9e \u00e0 travers un voile rose tendre. D\u00e8s les premi\u00e8res notes, elle diffuse une impression de gaiet\u00e9, avec des nuances lumineuses et scintillantes qui \u00e9voquent le caviar de grenade. Ces notes de t\u00eate vibrantes insufflent imm\u00e9diatement une \u00e9nergie ludique, posant le ton de la composition.<\/p>\n<p>\u00c0 mesure que la fragrance \u00e9volue, elle d\u00e9voile un c\u0153ur o\u00f9 l\u2019osmanthus et la rose apportent une douceur sensuelle. Ce bouquet floral, \u00e0 la fois f\u00e9minin et envo\u00fbtant, cr\u00e9e un \u00e9quilibre harmonieux et r\u00e9confortant.<\/p>\n<p>Enfin, le sillage r\u00e9v\u00e8le des notes plus profondes et structurantes de bois de roseau et de musc blanc. Ces notes de fond offrent une signature chaleureuse et persistante, apportant \u00e0 la fragrance une touche finale d\u2019\u00e9l\u00e9gance et de profondeur.<\/p>\n<p>En d\u00e9finitive, mat; limited est une fragrance qui c\u00e9l\u00e8bre la f\u00e9minit\u00e9 et la joie, \u00e0 travers un \u00e9quilibre subtil entre l\u00e9g\u00e8ret\u00e9 et intensit\u00e9. Elle est id\u00e9ale pour celles qui recherchent un parfum signature \u00e9voquant \u00e0 la fois bonheur et raffinement.<\/p>\n<p>Parfumeur : <strong>Jean Jacques<\/strong><\/p>\n<p>Designer: <a href=\"https:\/\/www.masaki-parfums.com\/fr\/universe\/\"><strong>Masaki Matsushima<\/strong><\/a><\/p>\n<p><span style=\"font-weight: 400;\">Vaporisateur Naturel : 80ml \/ 2.7 oz | 40ml \/ 1.4 oz | 10ml \/ 0.3 oz | 1ml \/ 0.03 oz<\/span><\/p>","protected":false},"excerpt":{"rendered":"<p><strong>LE CONCEPT<\/strong><\/p>\n<p>Mat; limited incarne l'essence du l\u00e9gendaire parfum \"mat;\" rehauss\u00e9 d'une touche de sophistication et de f\u00e9minit\u00e9. Fabriqu\u00e9 par Masak\u00ef Matsush\u00efma dans diff\u00e9rentes nuances de rose, ce flacon moderne transmet un message de sensualit\u00e9 et de bonheur. Conservant le design unique et conceptuel du flacon original, il fusionne des lignes architecturales avec un bouchon rose doux et soyeux pour une esth\u00e9tique contemporaine et harmonieuse. Con\u00e7u pour la femme urbaine en phase avec les derni\u00e8res tendances, Mat ; limited est une expression \u00e9l\u00e9gante de la modernit\u00e9 et de l'\u00e9l\u00e9gance.<\/p>\n<p>&nbsp;<\/p>","protected":false},"featured_media":5249,"template":"","meta":{"_acf_changed":false,"jetpack_post_was_ever_published":false,"jetpack_publicize_message":"","jetpack_publicize_feature_enabled":true,"jetpack_social_post_already_shared":true,"jetpack_social_options":{"image_generator_settings":{"template":"highway","default_image_id":0,"font":"","enabled":false},"version":2}},"product_brand":[],"product_cat":[135],"product_tag":[],"class_list":{"0":"post-1960","1":"product","2":"type-product","3":"status-publish","4":"has-post-thumbnail","6":"product_cat-feminine","8":"first","9":"instock","10":"taxable","11":"shipping-taxable","12":"purchasable","13":"product-type-variable","14":"has-default-attributes"},"acf":[],"yoast_head":"<!-- This site is optimized with the Yoast SEO Premium plugin v24.7 (Yoast SEO v27.5) - https:\/\/yoast.com\/product\/yoast-seo-premium-wordpress\/ -->\n<title>mat; limited - Fragrance by Masak\u00ef Parfums<\/title>\n<meta name=\"description\" content=\"Discover mat; limited by Masak\u00ef Parfums: A sophisticated and distinctly feminine fragrance - Available on the Official Masak\u00ef Online Boutique\" \/>\n<meta name=\"robots\" content=\"index, follow, max-snippet:-1, max-image-preview:large, max-video-preview:-1\" \/>\n<link rel=\"canonical\" href=\"https:\/\/www.masaki-parfums.com\/fr\/shop\/mat-limited\/\" \/>\n<meta property=\"og:locale\" content=\"fr_FR\" \/>\n<meta property=\"og:type\" content=\"article\" \/>\n<meta property=\"og:title\" content=\"mat; limited\" \/>\n<meta property=\"og:description\" content=\"Discover mat; limited by Masak\u00ef Parfums: A sophisticated and distinctly feminine fragrance - Available on the Official Masak\u00ef Online Boutique\" \/>\n<meta property=\"og:url\" content=\"https:\/\/www.masaki-parfums.com\/fr\/shop\/mat-limited\/\" \/>\n<meta property=\"og:site_name\" content=\"Masak\u00ef Parfums\" \/>\n<meta property=\"article:modified_time\" content=\"2025-03-25T13:30:04+00:00\" \/>\n<meta property=\"og:image\" content=\"https:\/\/www.masaki-parfums.com\/wp-content\/uploads\/2018\/03\/HD-matlimited-80ml-ezgif.com-jpg-to-webp-converter-scaled.webp\" \/>\n\t<meta property=\"og:image:width\" content=\"2560\" \/>\n\t<meta property=\"og:image:height\" content=\"2560\" \/>\n\t<meta property=\"og:image:type\" content=\"image\/webp\" \/>\n<meta name=\"twitter:card\" content=\"summary_large_image\" \/>\n<meta name=\"twitter:label1\" content=\"Dur\u00e9e de lecture estim\u00e9e\" \/>\n\t<meta name=\"twitter:data1\" content=\"2 minutes\" \/>\n<script type=\"application\/ld+json\" class=\"yoast-schema-graph\">{\"@context\":\"https:\\\/\\\/schema.org\",\"@graph\":[{\"@type\":\"WebPage\",\"@id\":\"https:\\\/\\\/www.masaki-parfums.com\\\/shop\\\/mat-limited\\\/\",\"url\":\"https:\\\/\\\/www.masaki-parfums.com\\\/shop\\\/mat-limited\\\/\",\"name\":\"mat; limited - Fragrance by Masak\u00ef Parfums\",\"isPartOf\":{\"@id\":\"https:\\\/\\\/www.masaki-parfums.com\\\/#website\"},\"primaryImageOfPage\":{\"@id\":\"https:\\\/\\\/www.masaki-parfums.com\\\/shop\\\/mat-limited\\\/#primaryimage\"},\"image\":{\"@id\":\"https:\\\/\\\/www.masaki-parfums.com\\\/shop\\\/mat-limited\\\/#primaryimage\"},\"thumbnailUrl\":\"https:\\\/\\\/i0.wp.com\\\/www.masaki-parfums.com\\\/wp-content\\\/uploads\\\/2018\\\/03\\\/HD-matlimited-80ml-ezgif.com-jpg-to-webp-converter-scaled.webp?fit=2560%2C2560&ssl=1\",\"datePublished\":\"2018-03-10T20:11:53+00:00\",\"dateModified\":\"2025-03-25T13:30:04+00:00\",\"description\":\"Discover mat; limited by Masak\u00ef Parfums: A sophisticated and distinctly feminine fragrance - Available on the Official Masak\u00ef Online Boutique\",\"breadcrumb\":{\"@id\":\"https:\\\/\\\/www.masaki-parfums.com\\\/shop\\\/mat-limited\\\/#breadcrumb\"},\"inLanguage\":\"fr-FR\",\"potentialAction\":[{\"@type\":\"ReadAction\",\"target\":[\"https:\\\/\\\/www.masaki-parfums.com\\\/shop\\\/mat-limited\\\/\"]}]},{\"@type\":\"ImageObject\",\"inLanguage\":\"fr-FR\",\"@id\":\"https:\\\/\\\/www.masaki-parfums.com\\\/shop\\\/mat-limited\\\/#primaryimage\",\"url\":\"https:\\\/\\\/i0.wp.com\\\/www.masaki-parfums.com\\\/wp-content\\\/uploads\\\/2018\\\/03\\\/HD-matlimited-80ml-ezgif.com-jpg-to-webp-converter-scaled.webp?fit=2560%2C2560&ssl=1\",\"contentUrl\":\"https:\\\/\\\/i0.wp.com\\\/www.masaki-parfums.com\\\/wp-content\\\/uploads\\\/2018\\\/03\\\/HD-matlimited-80ml-ezgif.com-jpg-to-webp-converter-scaled.webp?fit=2560%2C2560&ssl=1\",\"width\":2560,\"height\":2560,\"caption\":\"Mat; Limited Fragrance Masaki Paris Parfums\"},{\"@type\":\"BreadcrumbList\",\"@id\":\"https:\\\/\\\/www.masaki-parfums.com\\\/shop\\\/mat-limited\\\/#breadcrumb\",\"itemListElement\":[{\"@type\":\"ListItem\",\"position\":1,\"name\":\"Home\",\"item\":\"https:\\\/\\\/www.masaki-parfums.com\\\/\"},{\"@type\":\"ListItem\",\"position\":2,\"name\":\"Products\",\"item\":\"https:\\\/\\\/www.masaki-parfums.com\\\/eshop\\\/\"},{\"@type\":\"ListItem\",\"position\":3,\"name\":\"mat; limited\"}]},{\"@type\":\"WebSite\",\"@id\":\"https:\\\/\\\/www.masaki-parfums.com\\\/#website\",\"url\":\"https:\\\/\\\/www.masaki-parfums.com\\\/\",\"name\":\"Masak\u00ef Parfums\",\"description\":\"Official Store\",\"publisher\":{\"@id\":\"https:\\\/\\\/www.masaki-parfums.com\\\/#organization\"},\"potentialAction\":[{\"@type\":\"SearchAction\",\"target\":{\"@type\":\"EntryPoint\",\"urlTemplate\":\"https:\\\/\\\/www.masaki-parfums.com\\\/?s={search_term_string}\"},\"query-input\":{\"@type\":\"PropertyValueSpecification\",\"valueRequired\":true,\"valueName\":\"search_term_string\"}}],\"inLanguage\":\"fr-FR\"},{\"@type\":\"Organization\",\"@id\":\"https:\\\/\\\/www.masaki-parfums.com\\\/#organization\",\"name\":\"Masak\u00ef Parfums\",\"url\":\"https:\\\/\\\/www.masaki-parfums.com\\\/\",\"logo\":{\"@type\":\"ImageObject\",\"inLanguage\":\"fr-FR\",\"@id\":\"https:\\\/\\\/www.masaki-parfums.com\\\/#\\\/schema\\\/logo\\\/image\\\/\",\"url\":\"https:\\\/\\\/i0.wp.com\\\/www.masaki-parfums.com\\\/wp-content\\\/uploads\\\/2023\\\/10\\\/logo-masaki-350x350-1.png?fit=350%2C350&ssl=1\",\"contentUrl\":\"https:\\\/\\\/i0.wp.com\\\/www.masaki-parfums.com\\\/wp-content\\\/uploads\\\/2023\\\/10\\\/logo-masaki-350x350-1.png?fit=350%2C350&ssl=1\",\"width\":350,\"height\":350,\"caption\":\"Masak\u00ef Parfums\"},\"image\":{\"@id\":\"https:\\\/\\\/www.masaki-parfums.com\\\/#\\\/schema\\\/logo\\\/image\\\/\"}}]}<\/script>\n<!-- \/ Yoast SEO Premium plugin. -->","yoast_head_json":{"title":"mat; limited - Fragrance by Masak\u00ef Parfums","description":"Discover mat; limited by Masak\u00ef Parfums: A sophisticated and distinctly feminine fragrance - Available on the Official Masak\u00ef Online Boutique","robots":{"index":"index","follow":"follow","max-snippet":"max-snippet:-1","max-image-preview":"max-image-preview:large","max-video-preview":"max-video-preview:-1"},"canonical":"https:\/\/www.masaki-parfums.com\/fr\/shop\/mat-limited\/","og_locale":"fr_FR","og_type":"article","og_title":"mat; limited","og_description":"Discover mat; limited by Masak\u00ef Parfums: A sophisticated and distinctly feminine fragrance - Available on the Official Masak\u00ef Online Boutique","og_url":"https:\/\/www.masaki-parfums.com\/fr\/shop\/mat-limited\/","og_site_name":"Masak\u00ef Parfums","article_modified_time":"2025-03-25T13:30:04+00:00","og_image":[{"width":2560,"height":2560,"url":"https:\/\/www.masaki-parfums.com\/wp-content\/uploads\/2018\/03\/HD-matlimited-80ml-ezgif.com-jpg-to-webp-converter-scaled.webp","type":"image\/webp"}],"twitter_card":"summary_large_image","twitter_misc":{"Dur\u00e9e de lecture estim\u00e9e":"2 minutes"},"schema":{"@context":"https:\/\/schema.org","@graph":[{"@type":"WebPage","@id":"https:\/\/www.masaki-parfums.com\/shop\/mat-limited\/","url":"https:\/\/www.masaki-parfums.com\/shop\/mat-limited\/","name":"mat; limited - Fragrance by Masak\u00ef Parfums","isPartOf":{"@id":"https:\/\/www.masaki-parfums.com\/#website"},"primaryImageOfPage":{"@id":"https:\/\/www.masaki-parfums.com\/shop\/mat-limited\/#primaryimage"},"image":{"@id":"https:\/\/www.masaki-parfums.com\/shop\/mat-limited\/#primaryimage"},"thumbnailUrl":"https:\/\/i0.wp.com\/www.masaki-parfums.com\/wp-content\/uploads\/2018\/03\/HD-matlimited-80ml-ezgif.com-jpg-to-webp-converter-scaled.webp?fit=2560%2C2560&ssl=1","datePublished":"2018-03-10T20:11:53+00:00","dateModified":"2025-03-25T13:30:04+00:00","description":"Discover mat; limited by Masak\u00ef Parfums: A sophisticated and distinctly feminine fragrance - Available on the Official Masak\u00ef Online Boutique","breadcrumb":{"@id":"https:\/\/www.masaki-parfums.com\/shop\/mat-limited\/#breadcrumb"},"inLanguage":"fr-FR","potentialAction":[{"@type":"ReadAction","target":["https:\/\/www.masaki-parfums.com\/shop\/mat-limited\/"]}]},{"@type":"ImageObject","inLanguage":"fr-FR","@id":"https:\/\/www.masaki-parfums.com\/shop\/mat-limited\/#primaryimage","url":"https:\/\/i0.wp.com\/www.masaki-parfums.com\/wp-content\/uploads\/2018\/03\/HD-matlimited-80ml-ezgif.com-jpg-to-webp-converter-scaled.webp?fit=2560%2C2560&ssl=1","contentUrl":"https:\/\/i0.wp.com\/www.masaki-parfums.com\/wp-content\/uploads\/2018\/03\/HD-matlimited-80ml-ezgif.com-jpg-to-webp-converter-scaled.webp?fit=2560%2C2560&ssl=1","width":2560,"height":2560,"caption":"Mat; Limited Fragrance Masaki Paris Parfums"},{"@type":"BreadcrumbList","@id":"https:\/\/www.masaki-parfums.com\/shop\/mat-limited\/#breadcrumb","itemListElement":[{"@type":"ListItem","position":1,"name":"Home","item":"https:\/\/www.masaki-parfums.com\/"},{"@type":"ListItem","position":2,"name":"Products","item":"https:\/\/www.masaki-parfums.com\/eshop\/"},{"@type":"ListItem","position":3,"name":"mat; limited"}]},{"@type":"WebSite","@id":"https:\/\/www.masaki-parfums.com\/#website","url":"https:\/\/www.masaki-parfums.com\/","name":"Masak\u00ef Parfums","description":"Official Store","publisher":{"@id":"https:\/\/www.masaki-parfums.com\/#organization"},"potentialAction":[{"@type":"SearchAction","target":{"@type":"EntryPoint","urlTemplate":"https:\/\/www.masaki-parfums.com\/?s={search_term_string}"},"query-input":{"@type":"PropertyValueSpecification","valueRequired":true,"valueName":"search_term_string"}}],"inLanguage":"fr-FR"},{"@type":"Organization","@id":"https:\/\/www.masaki-parfums.com\/#organization","name":"Masak\u00ef Parfums","url":"https:\/\/www.masaki-parfums.com\/","logo":{"@type":"ImageObject","inLanguage":"fr-FR","@id":"https:\/\/www.masaki-parfums.com\/#\/schema\/logo\/image\/","url":"https:\/\/i0.wp.com\/www.masaki-parfums.com\/wp-content\/uploads\/2023\/10\/logo-masaki-350x350-1.png?fit=350%2C350&ssl=1","contentUrl":"https:\/\/i0.wp.com\/www.masaki-parfums.com\/wp-content\/uploads\/2023\/10\/logo-masaki-350x350-1.png?fit=350%2C350&ssl=1","width":350,"height":350,"caption":"Masak\u00ef Parfums"},"image":{"@id":"https:\/\/www.masaki-parfums.com\/#\/schema\/logo\/image\/"}}]}},"jetpack_publicize_connections":[],"jetpack_sharing_enabled":true,"jetpack_likes_enabled":true,"_links":{"self":[{"href":"https:\/\/www.masaki-parfums.com\/fr\/wp-json\/wp\/v2\/product\/1960","targetHints":{"allow":["GET"]}}],"collection":[{"href":"https:\/\/www.masaki-parfums.com\/fr\/wp-json\/wp\/v2\/product"}],"about":[{"href":"https:\/\/www.masaki-parfums.com\/fr\/wp-json\/wp\/v2\/types\/product"}],"wp:featuredmedia":[{"embeddable":true,"href":"https:\/\/www.masaki-parfums.com\/fr\/wp-json\/wp\/v2\/media\/5249"}],"wp:attachment":[{"href":"https:\/\/www.masaki-parfums.com\/fr\/wp-json\/wp\/v2\/media?parent=1960"}],"wp:term":[{"taxonomy":"product_brand","embeddable":true,"href":"https:\/\/www.masaki-parfums.com\/fr\/wp-json\/wp\/v2\/product_brand?post=1960"},{"taxonomy":"product_cat","embeddable":true,"href":"https:\/\/www.masaki-parfums.com\/fr\/wp-json\/wp\/v2\/product_cat?post=1960"},{"taxonomy":"product_tag","embeddable":true,"href":"https:\/\/www.masaki-parfums.com\/fr\/wp-json\/wp\/v2\/product_tag?post=1960"}],"curies":[{"name":"wp","href":"https:\/\/api.w.org\/{rel}","templated":true}]}}