{"id":1971,"date":"2018-03-10T20:25:53","date_gmt":"2018-03-10T20:25:53","guid":{"rendered":"https:\/\/masaki-parfums.com\/wordpress\/?post_type=product&#038;p=1971"},"modified":"2025-06-03T14:48:31","modified_gmt":"2025-06-03T12:48:31","slug":"masaki-fluo","status":"publish","type":"product","link":"https:\/\/www.masaki-parfums.com\/fr\/shop\/masaki-fluo\/","title":{"rendered":"Masak\u00ef Fluo"},"content":{"rendered":"<p style=\"text-align: center\"><strong>NOTES DE T\u00caTE<\/strong><\/p>\n<p style=\"text-align: center\"><em>Pamplemousse, Kumquat, Fruit de la Passion<\/em><\/p>\n<p style=\"text-align: center\"><strong>NOTES DU C\u0152UR<\/strong><\/p>\n<p style=\"text-align: center\"><em>Pivoine, Fleur de Lotus, Nectarine<\/em><\/p>\n<p style=\"text-align: center\"><strong>NOTES DE FOND<\/strong><\/p>\n<p style=\"text-align: center\"><em>Musc de Cristal<\/em><\/p>\n<h4><strong>LA FRAGRANCE<\/strong><\/h4>\n<p>Masak\u00ef Fluo est un hommage vibrant \u00e0 l\u2019\u00e9nergie cosmopolite de Manhattan, o\u00f9 le rythme de la ville ne ralentit jamais. Cette fragrance capture l\u2019essence de la \u00ab ville qui ne dort jamais \u00bb, o\u00f9 l\u2019effervescence urbaine cohabite avec des instants de calme, cr\u00e9ant un sentiment de chez-soi unique.<\/p>\n<p>Le voyage d\u00e9bute par une explosion vive de pamplemousse, de kumquat et de fruit de la passion, offrant une sensation hesp\u00e9rid\u00e9e imm\u00e9diatement rafra\u00eechissante. D\u00e8s les premi\u00e8res notes, la composition \u00e9veille les sens, \u00e9voquant l\u2019\u00e9nergie fra\u00eeche d\u2019un matin lumineux \u00e0 Manhattan. Ce m\u00e9lange fruit\u00e9, \u00e0 la fois zest\u00e9 et acidul\u00e9, pr\u00e9pare avec \u00e9l\u00e9gance le d\u00e9voilement du c\u0153ur.<\/p>\n<p>\u00c0 mesure que la fragrance \u00e9volue, le c\u0153ur r\u00e9v\u00e8le un d\u00e9licat bouquet de pivoine, de fleur de lotus et de nectarine. Ces notes florales et fruit\u00e9es s\u2019harmonisent parfaitement, apportant une douceur subtile et \u00e9l\u00e9gante qui \u00e9quilibre la composition. Cette transition des agrumes vibrants vers des fleurs plus douces enrichit la fragrance et \u00e9voque une beaut\u00e9 urbaine en pleine floraison.<\/p>\n<p>Enfin, la fragrance se pose sur un fond soyeux de musc cristallin, qui apporte une profondeur douce et persistante. Cette note finale enveloppe la peau d\u2019une chaleur d\u00e9licate, laissant un sillage subtil qui prolonge le plaisir bien apr\u00e8s l\u2019application. Le musc, \u00e0 la fois pur et a\u00e9rien, insuffle une sensation de s\u00e9r\u00e9nit\u00e9 au c\u0153ur de cette \u00e9nergie vibrante, offrant une conclusion harmonieuse.<\/p>\n<p>En d\u00e9finitive, Masak\u00ef Fluo est une fragrance qui incarne l\u2019\u00e9nergie dynamique et la sophistication naturelle de Manhattan. Avec son ouverture \u00e9clatante, son c\u0153ur gracieux et son fond r\u00e9confortant, elle est id\u00e9ale pour celles et ceux qui souhaitent emporter avec eux l\u2019esprit de la ville, o\u00f9 qu\u2019ils aillent.<\/p>\n<p>Parfumeur :\u00a0<strong>Jean Jacques<\/strong><\/p>\n<p>Designer: <a href=\"https:\/\/www.masaki-parfums.com\/fr\/universe\/\"><strong>Masaki Matsushima<\/strong><\/a><\/p>\n<p><span style=\"font-weight: 400\">Vaporisateur Naturel : 80ml \/ 2.7 oz | 40ml \/ 1.4 oz | 10ml \/ 0.3 oz | 1ml \/ 0.03 oz<\/span><\/p>","protected":false},"excerpt":{"rendered":"<p><strong>LE CONCEPT<\/strong><\/p>\n<p>Embrassez un spectre de couleurs avec Masak\u00ef Fluo, un parfum n\u00e9 de l'\u00e9nergie vibrante de la ville de New York. Inspir\u00e9 par le m\u00e9lange \u00e9clectique de cultures et de styles de vie qui d\u00e9finissent le New York cosmopolite, le cr\u00e9ateur Masak\u00ef Matsush\u00efma c\u00e9l\u00e8bre le kal\u00e9idoscope des habitants de la ville, qui viennent de partout. Tout comme les habitants de la ville se rassemblent dans un chaos harmonieux, le parfum capture l'essence de ce sentiment unique d'appartenance. Le design du flacon \"bras ouverts\" incarne cet esprit, invitant chacun \u00e0 se sentir chez soi dans la ville qui ne dort jamais.<\/p>","protected":false},"featured_media":5199,"template":"","meta":{"_acf_changed":false,"jetpack_post_was_ever_published":false,"jetpack_publicize_message":"","jetpack_publicize_feature_enabled":true,"jetpack_social_post_already_shared":true,"jetpack_social_options":{"image_generator_settings":{"template":"highway","default_image_id":0,"font":"","enabled":false},"version":2}},"product_brand":[],"product_cat":[135],"product_tag":[],"class_list":{"0":"post-1971","1":"product","2":"type-product","3":"status-publish","4":"has-post-thumbnail","6":"product_cat-feminine","8":"first","9":"instock","10":"taxable","11":"shipping-taxable","12":"purchasable","13":"product-type-variable","14":"has-default-attributes"},"acf":[],"yoast_head":"<!-- This site is optimized with the Yoast SEO Premium plugin v24.7 (Yoast SEO v27.5) - https:\/\/yoast.com\/product\/yoast-seo-premium-wordpress\/ -->\n<title>Masak\u00ef Fluo - Fragrance by Masak\u00ef Parfums<\/title>\n<meta name=\"description\" content=\"Discover Masak\u00ef Fluo by Masak\u00ef Parfums: A vibrant fruity scent with elegance and sweetness - Available on the Official Masak\u00ef Online Boutique\" \/>\n<meta name=\"robots\" content=\"index, follow, max-snippet:-1, max-image-preview:large, max-video-preview:-1\" \/>\n<link rel=\"canonical\" href=\"https:\/\/www.masaki-parfums.com\/fr\/shop\/masaki-fluo\/\" \/>\n<meta property=\"og:locale\" content=\"fr_FR\" \/>\n<meta property=\"og:type\" content=\"article\" \/>\n<meta property=\"og:title\" content=\"Masak\u00ef Fluo\" \/>\n<meta property=\"og:description\" content=\"Discover Masak\u00ef Fluo by Masak\u00ef Parfums: A vibrant fruity scent with elegance and sweetness - Available on the Official Masak\u00ef Online Boutique\" \/>\n<meta property=\"og:url\" content=\"https:\/\/www.masaki-parfums.com\/fr\/shop\/masaki-fluo\/\" \/>\n<meta property=\"og:site_name\" content=\"Masak\u00ef Parfums\" \/>\n<meta property=\"article:modified_time\" content=\"2025-06-03T12:48:31+00:00\" \/>\n<meta property=\"og:image\" content=\"https:\/\/www.masaki-parfums.com\/wp-content\/uploads\/2024\/03\/HD-Masaki-Fluo-80ml-scaled.webp\" \/>\n\t<meta property=\"og:image:width\" content=\"2560\" \/>\n\t<meta property=\"og:image:height\" content=\"2560\" \/>\n\t<meta property=\"og:image:type\" content=\"image\/webp\" \/>\n<meta name=\"twitter:card\" content=\"summary_large_image\" \/>\n<meta name=\"twitter:label1\" content=\"Dur\u00e9e de lecture estim\u00e9e\" \/>\n\t<meta name=\"twitter:data1\" content=\"2 minutes\" \/>\n<script type=\"application\/ld+json\" class=\"yoast-schema-graph\">{\"@context\":\"https:\\\/\\\/schema.org\",\"@graph\":[{\"@type\":\"WebPage\",\"@id\":\"https:\\\/\\\/www.masaki-parfums.com\\\/shop\\\/masaki-fluo\\\/\",\"url\":\"https:\\\/\\\/www.masaki-parfums.com\\\/shop\\\/masaki-fluo\\\/\",\"name\":\"Masak\u00ef Fluo - Fragrance by Masak\u00ef Parfums\",\"isPartOf\":{\"@id\":\"https:\\\/\\\/www.masaki-parfums.com\\\/#website\"},\"primaryImageOfPage\":{\"@id\":\"https:\\\/\\\/www.masaki-parfums.com\\\/shop\\\/masaki-fluo\\\/#primaryimage\"},\"image\":{\"@id\":\"https:\\\/\\\/www.masaki-parfums.com\\\/shop\\\/masaki-fluo\\\/#primaryimage\"},\"thumbnailUrl\":\"https:\\\/\\\/i0.wp.com\\\/www.masaki-parfums.com\\\/wp-content\\\/uploads\\\/2024\\\/03\\\/HD-Masaki-Fluo-80ml-scaled.webp?fit=2560%2C2560&ssl=1\",\"datePublished\":\"2018-03-10T20:25:53+00:00\",\"dateModified\":\"2025-06-03T12:48:31+00:00\",\"description\":\"Discover Masak\u00ef Fluo by Masak\u00ef Parfums: A vibrant fruity scent with elegance and sweetness - Available on the Official Masak\u00ef Online Boutique\",\"breadcrumb\":{\"@id\":\"https:\\\/\\\/www.masaki-parfums.com\\\/shop\\\/masaki-fluo\\\/#breadcrumb\"},\"inLanguage\":\"fr-FR\",\"potentialAction\":[{\"@type\":\"ReadAction\",\"target\":[\"https:\\\/\\\/www.masaki-parfums.com\\\/shop\\\/masaki-fluo\\\/\"]}]},{\"@type\":\"ImageObject\",\"inLanguage\":\"fr-FR\",\"@id\":\"https:\\\/\\\/www.masaki-parfums.com\\\/shop\\\/masaki-fluo\\\/#primaryimage\",\"url\":\"https:\\\/\\\/i0.wp.com\\\/www.masaki-parfums.com\\\/wp-content\\\/uploads\\\/2024\\\/03\\\/HD-Masaki-Fluo-80ml-scaled.webp?fit=2560%2C2560&ssl=1\",\"contentUrl\":\"https:\\\/\\\/i0.wp.com\\\/www.masaki-parfums.com\\\/wp-content\\\/uploads\\\/2024\\\/03\\\/HD-Masaki-Fluo-80ml-scaled.webp?fit=2560%2C2560&ssl=1\",\"width\":2560,\"height\":2560,\"caption\":\"Masaki Fluo Fragrance Masaki Paris Parfums\"},{\"@type\":\"BreadcrumbList\",\"@id\":\"https:\\\/\\\/www.masaki-parfums.com\\\/shop\\\/masaki-fluo\\\/#breadcrumb\",\"itemListElement\":[{\"@type\":\"ListItem\",\"position\":1,\"name\":\"Home\",\"item\":\"https:\\\/\\\/www.masaki-parfums.com\\\/\"},{\"@type\":\"ListItem\",\"position\":2,\"name\":\"Products\",\"item\":\"https:\\\/\\\/www.masaki-parfums.com\\\/eshop\\\/\"},{\"@type\":\"ListItem\",\"position\":3,\"name\":\"Masak\u00ef Fluo\"}]},{\"@type\":\"WebSite\",\"@id\":\"https:\\\/\\\/www.masaki-parfums.com\\\/#website\",\"url\":\"https:\\\/\\\/www.masaki-parfums.com\\\/\",\"name\":\"Masak\u00ef Parfums\",\"description\":\"Official Store\",\"publisher\":{\"@id\":\"https:\\\/\\\/www.masaki-parfums.com\\\/#organization\"},\"potentialAction\":[{\"@type\":\"SearchAction\",\"target\":{\"@type\":\"EntryPoint\",\"urlTemplate\":\"https:\\\/\\\/www.masaki-parfums.com\\\/?s={search_term_string}\"},\"query-input\":{\"@type\":\"PropertyValueSpecification\",\"valueRequired\":true,\"valueName\":\"search_term_string\"}}],\"inLanguage\":\"fr-FR\"},{\"@type\":\"Organization\",\"@id\":\"https:\\\/\\\/www.masaki-parfums.com\\\/#organization\",\"name\":\"Masak\u00ef Parfums\",\"url\":\"https:\\\/\\\/www.masaki-parfums.com\\\/\",\"logo\":{\"@type\":\"ImageObject\",\"inLanguage\":\"fr-FR\",\"@id\":\"https:\\\/\\\/www.masaki-parfums.com\\\/#\\\/schema\\\/logo\\\/image\\\/\",\"url\":\"https:\\\/\\\/i0.wp.com\\\/www.masaki-parfums.com\\\/wp-content\\\/uploads\\\/2023\\\/10\\\/logo-masaki-350x350-1.png?fit=350%2C350&ssl=1\",\"contentUrl\":\"https:\\\/\\\/i0.wp.com\\\/www.masaki-parfums.com\\\/wp-content\\\/uploads\\\/2023\\\/10\\\/logo-masaki-350x350-1.png?fit=350%2C350&ssl=1\",\"width\":350,\"height\":350,\"caption\":\"Masak\u00ef Parfums\"},\"image\":{\"@id\":\"https:\\\/\\\/www.masaki-parfums.com\\\/#\\\/schema\\\/logo\\\/image\\\/\"}}]}<\/script>\n<!-- \/ Yoast SEO Premium plugin. -->","yoast_head_json":{"title":"Masak\u00ef Fluo - Fragrance by Masak\u00ef Parfums","description":"Discover Masak\u00ef Fluo by Masak\u00ef Parfums: A vibrant fruity scent with elegance and sweetness - Available on the Official Masak\u00ef Online Boutique","robots":{"index":"index","follow":"follow","max-snippet":"max-snippet:-1","max-image-preview":"max-image-preview:large","max-video-preview":"max-video-preview:-1"},"canonical":"https:\/\/www.masaki-parfums.com\/fr\/shop\/masaki-fluo\/","og_locale":"fr_FR","og_type":"article","og_title":"Masak\u00ef Fluo","og_description":"Discover Masak\u00ef Fluo by Masak\u00ef Parfums: A vibrant fruity scent with elegance and sweetness - Available on the Official Masak\u00ef Online Boutique","og_url":"https:\/\/www.masaki-parfums.com\/fr\/shop\/masaki-fluo\/","og_site_name":"Masak\u00ef Parfums","article_modified_time":"2025-06-03T12:48:31+00:00","og_image":[{"width":2560,"height":2560,"url":"https:\/\/www.masaki-parfums.com\/wp-content\/uploads\/2024\/03\/HD-Masaki-Fluo-80ml-scaled.webp","type":"image\/webp"}],"twitter_card":"summary_large_image","twitter_misc":{"Dur\u00e9e de lecture estim\u00e9e":"2 minutes"},"schema":{"@context":"https:\/\/schema.org","@graph":[{"@type":"WebPage","@id":"https:\/\/www.masaki-parfums.com\/shop\/masaki-fluo\/","url":"https:\/\/www.masaki-parfums.com\/shop\/masaki-fluo\/","name":"Masak\u00ef Fluo - Fragrance by Masak\u00ef Parfums","isPartOf":{"@id":"https:\/\/www.masaki-parfums.com\/#website"},"primaryImageOfPage":{"@id":"https:\/\/www.masaki-parfums.com\/shop\/masaki-fluo\/#primaryimage"},"image":{"@id":"https:\/\/www.masaki-parfums.com\/shop\/masaki-fluo\/#primaryimage"},"thumbnailUrl":"https:\/\/i0.wp.com\/www.masaki-parfums.com\/wp-content\/uploads\/2024\/03\/HD-Masaki-Fluo-80ml-scaled.webp?fit=2560%2C2560&ssl=1","datePublished":"2018-03-10T20:25:53+00:00","dateModified":"2025-06-03T12:48:31+00:00","description":"Discover Masak\u00ef Fluo by Masak\u00ef Parfums: A vibrant fruity scent with elegance and sweetness - Available on the Official Masak\u00ef Online Boutique","breadcrumb":{"@id":"https:\/\/www.masaki-parfums.com\/shop\/masaki-fluo\/#breadcrumb"},"inLanguage":"fr-FR","potentialAction":[{"@type":"ReadAction","target":["https:\/\/www.masaki-parfums.com\/shop\/masaki-fluo\/"]}]},{"@type":"ImageObject","inLanguage":"fr-FR","@id":"https:\/\/www.masaki-parfums.com\/shop\/masaki-fluo\/#primaryimage","url":"https:\/\/i0.wp.com\/www.masaki-parfums.com\/wp-content\/uploads\/2024\/03\/HD-Masaki-Fluo-80ml-scaled.webp?fit=2560%2C2560&ssl=1","contentUrl":"https:\/\/i0.wp.com\/www.masaki-parfums.com\/wp-content\/uploads\/2024\/03\/HD-Masaki-Fluo-80ml-scaled.webp?fit=2560%2C2560&ssl=1","width":2560,"height":2560,"caption":"Masaki Fluo Fragrance Masaki Paris Parfums"},{"@type":"BreadcrumbList","@id":"https:\/\/www.masaki-parfums.com\/shop\/masaki-fluo\/#breadcrumb","itemListElement":[{"@type":"ListItem","position":1,"name":"Home","item":"https:\/\/www.masaki-parfums.com\/"},{"@type":"ListItem","position":2,"name":"Products","item":"https:\/\/www.masaki-parfums.com\/eshop\/"},{"@type":"ListItem","position":3,"name":"Masak\u00ef Fluo"}]},{"@type":"WebSite","@id":"https:\/\/www.masaki-parfums.com\/#website","url":"https:\/\/www.masaki-parfums.com\/","name":"Masak\u00ef Parfums","description":"Official Store","publisher":{"@id":"https:\/\/www.masaki-parfums.com\/#organization"},"potentialAction":[{"@type":"SearchAction","target":{"@type":"EntryPoint","urlTemplate":"https:\/\/www.masaki-parfums.com\/?s={search_term_string}"},"query-input":{"@type":"PropertyValueSpecification","valueRequired":true,"valueName":"search_term_string"}}],"inLanguage":"fr-FR"},{"@type":"Organization","@id":"https:\/\/www.masaki-parfums.com\/#organization","name":"Masak\u00ef Parfums","url":"https:\/\/www.masaki-parfums.com\/","logo":{"@type":"ImageObject","inLanguage":"fr-FR","@id":"https:\/\/www.masaki-parfums.com\/#\/schema\/logo\/image\/","url":"https:\/\/i0.wp.com\/www.masaki-parfums.com\/wp-content\/uploads\/2023\/10\/logo-masaki-350x350-1.png?fit=350%2C350&ssl=1","contentUrl":"https:\/\/i0.wp.com\/www.masaki-parfums.com\/wp-content\/uploads\/2023\/10\/logo-masaki-350x350-1.png?fit=350%2C350&ssl=1","width":350,"height":350,"caption":"Masak\u00ef Parfums"},"image":{"@id":"https:\/\/www.masaki-parfums.com\/#\/schema\/logo\/image\/"}}]}},"jetpack_publicize_connections":[],"jetpack_sharing_enabled":true,"jetpack_likes_enabled":true,"_links":{"self":[{"href":"https:\/\/www.masaki-parfums.com\/fr\/wp-json\/wp\/v2\/product\/1971","targetHints":{"allow":["GET"]}}],"collection":[{"href":"https:\/\/www.masaki-parfums.com\/fr\/wp-json\/wp\/v2\/product"}],"about":[{"href":"https:\/\/www.masaki-parfums.com\/fr\/wp-json\/wp\/v2\/types\/product"}],"wp:featuredmedia":[{"embeddable":true,"href":"https:\/\/www.masaki-parfums.com\/fr\/wp-json\/wp\/v2\/media\/5199"}],"wp:attachment":[{"href":"https:\/\/www.masaki-parfums.com\/fr\/wp-json\/wp\/v2\/media?parent=1971"}],"wp:term":[{"taxonomy":"product_brand","embeddable":true,"href":"https:\/\/www.masaki-parfums.com\/fr\/wp-json\/wp\/v2\/product_brand?post=1971"},{"taxonomy":"product_cat","embeddable":true,"href":"https:\/\/www.masaki-parfums.com\/fr\/wp-json\/wp\/v2\/product_cat?post=1971"},{"taxonomy":"product_tag","embeddable":true,"href":"https:\/\/www.masaki-parfums.com\/fr\/wp-json\/wp\/v2\/product_tag?post=1971"}],"curies":[{"name":"wp","href":"https:\/\/api.w.org\/{rel}","templated":true}]}}