{"id":1982,"date":"2018-03-10T20:32:21","date_gmt":"2018-03-10T20:32:21","guid":{"rendered":"https:\/\/masaki-parfums.com\/wordpress\/?post_type=product&#038;p=1982"},"modified":"2025-06-03T14:41:13","modified_gmt":"2025-06-03T12:41:13","slug":"shiro","status":"publish","type":"product","link":"https:\/\/www.masaki-parfums.com\/fr\/shop\/shiro\/","title":{"rendered":"Shiro"},"content":{"rendered":"<p style=\"text-align: center\"><strong>NOTES DE T\u00caTE<\/strong><\/p>\n<p style=\"text-align: center\"><em>Fleur de Coton, Cyclamen, Rose Blanche<\/em><\/p>\n<p style=\"text-align: center\"><strong>NOTES DU C\u0152UR<\/strong><\/p>\n<p style=\"text-align: center\"><em>Accord Linge Propre<\/em><\/p>\n<p style=\"text-align: center\"><strong>NOTES DE FOND<\/strong><\/p>\n<p style=\"text-align: center\"><em>Poudr\u00e9, Iris Blanc, Musc Cristallin<\/em><\/p>\n<p>&nbsp;<\/p>\n<p><strong>LA FRAGRANCE<\/strong><\/p>\n<p>Shiro pr\u00e9sente une fragrance qui incarne la sensation la plus pure de fra\u00eecheur \u2014 celle d\u2019un \u00ab linge propre \u00bb captur\u00e9e en parfum. Cette cr\u00e9ation \u00e0 la fois d\u00e9toxifiante et apaisante se d\u00e9ploie comme une exp\u00e9rience florale fra\u00eeche et d\u00e9licate, vous transportant dans un univers serein et r\u00e9confortant.<\/p>\n<p>Le voyage d\u00e9bute par une ouverture douce et d\u00e9licate de fleur de coton, de cyclamen et de rose blanche. Ces notes de t\u00eate cr\u00e9ent imm\u00e9diatement une sensation de fra\u00eecheur, \u00e9voquant la simplicit\u00e9 du linge propre et la tranquillit\u00e9 de la nature. Ce bouquet floral subtil \u00e9veille doucement les sens.<\/p>\n<p>\u00c0 mesure que la fragrance \u00e9volue, le c\u0153ur r\u00e9v\u00e8le un accord linge propre unique, renfor\u00e7ant cette impression de puret\u00e9 et de nettet\u00e9. La transition fluide entre les fleurs d\u00e9licates et les notes fra\u00eeches du c\u0153ur cr\u00e9e une continuit\u00e9 harmonieuse, enveloppant la peau d\u2019une aura de propret\u00e9 et de s\u00e9r\u00e9nit\u00e9.<\/p>\n<p>Enfin, le parfum s\u2019installe sur un fond poudr\u00e9 et r\u00e9confortant d\u2019iris blanc et de musc cristallin. Ces notes apportent une chaleur douce et subtile qui persiste sur la peau, offrant un sillage intime et apaisant. L\u2019aspect poudr\u00e9 procure une sensation d\u00e9licatement nostalgique, tandis que le musc ajoute une touche de douceur et de profondeur.<\/p>\n<p>En d\u00e9finitive, Shiro est une fragrance qui offre une exp\u00e9rience apaisante et purifiante. Avec son ouverture d\u00e9licate, son c\u0153ur immacul\u00e9 et son fond doux et poudr\u00e9, elle capture l\u2019essence m\u00eame de la simplicit\u00e9 et de la puret\u00e9. Id\u00e9ale pour celles et ceux qui appr\u00e9cient une \u00e9l\u00e9gance discr\u00e8te, cette fragrance \u00e9voque une sensation de fra\u00eecheur et de bien-\u00eatre qui se prolonge tout au long de la journ\u00e9e.<\/p>\n<p>Parfumeur :<strong>\u00a0Jean Jacques<\/strong><\/p>\n<p>Designer: <a href=\"https:\/\/www.masaki-parfums.com\/fr\/universe\/\"><strong>Masaki Matsushima<\/strong><\/a><\/p>\n<p><span style=\"font-weight: 400\">Vaporisateur Naturel : 80ml \/ 2.7 oz | 40ml \/ 1.4 oz | 10ml \/ 0.3 oz | 1ml \/ 0.03 oz<\/span><\/p>","protected":false},"excerpt":{"rendered":"<p><strong>LE CONCEPT<\/strong><\/p>\n<p>En japonais, \"pur et blanc\" se traduit par \"Shiro\". Enracin\u00e9 dans les th\u00e8mes de la propret\u00e9 et de l'ordre, ce parfum est la traduction conceptuelle d'un aspect soci\u00e9tal et culturel. Masak\u00ef a voulu parler \u00e0 ses compatriotes de leur obsession commune pour la propret\u00e9, tout en transmettant au monde une image de l'identit\u00e9 japonaise.<\/p>","protected":false},"featured_media":5208,"template":"","meta":{"_acf_changed":false,"jetpack_post_was_ever_published":false,"jetpack_publicize_message":"","jetpack_publicize_feature_enabled":true,"jetpack_social_post_already_shared":true,"jetpack_social_options":{"image_generator_settings":{"template":"highway","default_image_id":0,"font":"","enabled":false},"version":2}},"product_brand":[],"product_cat":[135],"product_tag":[152],"class_list":{"0":"post-1982","1":"product","2":"type-product","3":"status-publish","4":"has-post-thumbnail","6":"product_cat-feminine","7":"product_tag-shiro","9":"first","10":"instock","11":"taxable","12":"shipping-taxable","13":"purchasable","14":"product-type-variable","15":"has-default-attributes"},"acf":[],"yoast_head":"<!-- This site is optimized with the Yoast SEO Premium plugin v24.7 (Yoast SEO v27.5) - https:\/\/yoast.com\/product\/yoast-seo-premium-wordpress\/ -->\n<title>Shiro - Fragrance by Masak\u00ef Parfums<\/title>\n<meta name=\"description\" content=\"Discover Shiro by Masak\u00ef Parfums: A relaxing scent unfolds as a fresh floral clean experience - Available on the Official Masak\u00ef Online Boutique\" \/>\n<meta name=\"robots\" content=\"index, follow, max-snippet:-1, max-image-preview:large, max-video-preview:-1\" \/>\n<link rel=\"canonical\" href=\"https:\/\/www.masaki-parfums.com\/fr\/shop\/shiro\/\" \/>\n<meta property=\"og:locale\" content=\"fr_FR\" \/>\n<meta property=\"og:type\" content=\"article\" \/>\n<meta property=\"og:title\" content=\"Shiro\" \/>\n<meta property=\"og:description\" content=\"Discover Shiro by Masak\u00ef Parfums: A relaxing scent unfolds as a fresh floral clean experience - Available on the Official Masak\u00ef Online Boutique\" \/>\n<meta property=\"og:url\" content=\"https:\/\/www.masaki-parfums.com\/fr\/shop\/shiro\/\" \/>\n<meta property=\"og:site_name\" content=\"Masak\u00ef Parfums\" \/>\n<meta property=\"article:modified_time\" content=\"2025-06-03T12:41:13+00:00\" \/>\n<meta property=\"og:image\" content=\"https:\/\/www.masaki-parfums.com\/wp-content\/uploads\/2024\/03\/HD-Shiro-80ml-scaled.webp\" \/>\n\t<meta property=\"og:image:width\" content=\"2560\" \/>\n\t<meta property=\"og:image:height\" content=\"2560\" \/>\n\t<meta property=\"og:image:type\" content=\"image\/webp\" \/>\n<meta name=\"twitter:card\" content=\"summary_large_image\" \/>\n<meta name=\"twitter:label1\" content=\"Dur\u00e9e de lecture estim\u00e9e\" \/>\n\t<meta name=\"twitter:data1\" content=\"2 minutes\" \/>\n<script type=\"application\/ld+json\" class=\"yoast-schema-graph\">{\"@context\":\"https:\\\/\\\/schema.org\",\"@graph\":[{\"@type\":\"WebPage\",\"@id\":\"https:\\\/\\\/www.masaki-parfums.com\\\/shop\\\/shiro\\\/\",\"url\":\"https:\\\/\\\/www.masaki-parfums.com\\\/shop\\\/shiro\\\/\",\"name\":\"Shiro - Fragrance by Masak\u00ef Parfums\",\"isPartOf\":{\"@id\":\"https:\\\/\\\/www.masaki-parfums.com\\\/#website\"},\"primaryImageOfPage\":{\"@id\":\"https:\\\/\\\/www.masaki-parfums.com\\\/shop\\\/shiro\\\/#primaryimage\"},\"image\":{\"@id\":\"https:\\\/\\\/www.masaki-parfums.com\\\/shop\\\/shiro\\\/#primaryimage\"},\"thumbnailUrl\":\"https:\\\/\\\/i0.wp.com\\\/www.masaki-parfums.com\\\/wp-content\\\/uploads\\\/2024\\\/03\\\/HD-Shiro-80ml-scaled.webp?fit=2560%2C2560&ssl=1\",\"datePublished\":\"2018-03-10T20:32:21+00:00\",\"dateModified\":\"2025-06-03T12:41:13+00:00\",\"description\":\"Discover Shiro by Masak\u00ef Parfums: A relaxing scent unfolds as a fresh floral clean experience - Available on the Official Masak\u00ef Online Boutique\",\"breadcrumb\":{\"@id\":\"https:\\\/\\\/www.masaki-parfums.com\\\/shop\\\/shiro\\\/#breadcrumb\"},\"inLanguage\":\"fr-FR\",\"potentialAction\":[{\"@type\":\"ReadAction\",\"target\":[\"https:\\\/\\\/www.masaki-parfums.com\\\/shop\\\/shiro\\\/\"]}]},{\"@type\":\"ImageObject\",\"inLanguage\":\"fr-FR\",\"@id\":\"https:\\\/\\\/www.masaki-parfums.com\\\/shop\\\/shiro\\\/#primaryimage\",\"url\":\"https:\\\/\\\/i0.wp.com\\\/www.masaki-parfums.com\\\/wp-content\\\/uploads\\\/2024\\\/03\\\/HD-Shiro-80ml-scaled.webp?fit=2560%2C2560&ssl=1\",\"contentUrl\":\"https:\\\/\\\/i0.wp.com\\\/www.masaki-parfums.com\\\/wp-content\\\/uploads\\\/2024\\\/03\\\/HD-Shiro-80ml-scaled.webp?fit=2560%2C2560&ssl=1\",\"width\":2560,\"height\":2560,\"caption\":\"Shiro Fragrance Masaki Paris Parfums\"},{\"@type\":\"BreadcrumbList\",\"@id\":\"https:\\\/\\\/www.masaki-parfums.com\\\/shop\\\/shiro\\\/#breadcrumb\",\"itemListElement\":[{\"@type\":\"ListItem\",\"position\":1,\"name\":\"Home\",\"item\":\"https:\\\/\\\/www.masaki-parfums.com\\\/\"},{\"@type\":\"ListItem\",\"position\":2,\"name\":\"Products\",\"item\":\"https:\\\/\\\/www.masaki-parfums.com\\\/eshop\\\/\"},{\"@type\":\"ListItem\",\"position\":3,\"name\":\"Shiro\"}]},{\"@type\":\"WebSite\",\"@id\":\"https:\\\/\\\/www.masaki-parfums.com\\\/#website\",\"url\":\"https:\\\/\\\/www.masaki-parfums.com\\\/\",\"name\":\"Masak\u00ef Parfums\",\"description\":\"Official Store\",\"publisher\":{\"@id\":\"https:\\\/\\\/www.masaki-parfums.com\\\/#organization\"},\"potentialAction\":[{\"@type\":\"SearchAction\",\"target\":{\"@type\":\"EntryPoint\",\"urlTemplate\":\"https:\\\/\\\/www.masaki-parfums.com\\\/?s={search_term_string}\"},\"query-input\":{\"@type\":\"PropertyValueSpecification\",\"valueRequired\":true,\"valueName\":\"search_term_string\"}}],\"inLanguage\":\"fr-FR\"},{\"@type\":\"Organization\",\"@id\":\"https:\\\/\\\/www.masaki-parfums.com\\\/#organization\",\"name\":\"Masak\u00ef Parfums\",\"url\":\"https:\\\/\\\/www.masaki-parfums.com\\\/\",\"logo\":{\"@type\":\"ImageObject\",\"inLanguage\":\"fr-FR\",\"@id\":\"https:\\\/\\\/www.masaki-parfums.com\\\/#\\\/schema\\\/logo\\\/image\\\/\",\"url\":\"https:\\\/\\\/i0.wp.com\\\/www.masaki-parfums.com\\\/wp-content\\\/uploads\\\/2023\\\/10\\\/logo-masaki-350x350-1.png?fit=350%2C350&ssl=1\",\"contentUrl\":\"https:\\\/\\\/i0.wp.com\\\/www.masaki-parfums.com\\\/wp-content\\\/uploads\\\/2023\\\/10\\\/logo-masaki-350x350-1.png?fit=350%2C350&ssl=1\",\"width\":350,\"height\":350,\"caption\":\"Masak\u00ef Parfums\"},\"image\":{\"@id\":\"https:\\\/\\\/www.masaki-parfums.com\\\/#\\\/schema\\\/logo\\\/image\\\/\"}}]}<\/script>\n<!-- \/ Yoast SEO Premium plugin. -->","yoast_head_json":{"title":"Shiro - Fragrance by Masak\u00ef Parfums","description":"Discover Shiro by Masak\u00ef Parfums: A relaxing scent unfolds as a fresh floral clean experience - Available on the Official Masak\u00ef Online Boutique","robots":{"index":"index","follow":"follow","max-snippet":"max-snippet:-1","max-image-preview":"max-image-preview:large","max-video-preview":"max-video-preview:-1"},"canonical":"https:\/\/www.masaki-parfums.com\/fr\/shop\/shiro\/","og_locale":"fr_FR","og_type":"article","og_title":"Shiro","og_description":"Discover Shiro by Masak\u00ef Parfums: A relaxing scent unfolds as a fresh floral clean experience - Available on the Official Masak\u00ef Online Boutique","og_url":"https:\/\/www.masaki-parfums.com\/fr\/shop\/shiro\/","og_site_name":"Masak\u00ef Parfums","article_modified_time":"2025-06-03T12:41:13+00:00","og_image":[{"width":2560,"height":2560,"url":"https:\/\/www.masaki-parfums.com\/wp-content\/uploads\/2024\/03\/HD-Shiro-80ml-scaled.webp","type":"image\/webp"}],"twitter_card":"summary_large_image","twitter_misc":{"Dur\u00e9e de lecture estim\u00e9e":"2 minutes"},"schema":{"@context":"https:\/\/schema.org","@graph":[{"@type":"WebPage","@id":"https:\/\/www.masaki-parfums.com\/shop\/shiro\/","url":"https:\/\/www.masaki-parfums.com\/shop\/shiro\/","name":"Shiro - Fragrance by Masak\u00ef Parfums","isPartOf":{"@id":"https:\/\/www.masaki-parfums.com\/#website"},"primaryImageOfPage":{"@id":"https:\/\/www.masaki-parfums.com\/shop\/shiro\/#primaryimage"},"image":{"@id":"https:\/\/www.masaki-parfums.com\/shop\/shiro\/#primaryimage"},"thumbnailUrl":"https:\/\/i0.wp.com\/www.masaki-parfums.com\/wp-content\/uploads\/2024\/03\/HD-Shiro-80ml-scaled.webp?fit=2560%2C2560&ssl=1","datePublished":"2018-03-10T20:32:21+00:00","dateModified":"2025-06-03T12:41:13+00:00","description":"Discover Shiro by Masak\u00ef Parfums: A relaxing scent unfolds as a fresh floral clean experience - Available on the Official Masak\u00ef Online Boutique","breadcrumb":{"@id":"https:\/\/www.masaki-parfums.com\/shop\/shiro\/#breadcrumb"},"inLanguage":"fr-FR","potentialAction":[{"@type":"ReadAction","target":["https:\/\/www.masaki-parfums.com\/shop\/shiro\/"]}]},{"@type":"ImageObject","inLanguage":"fr-FR","@id":"https:\/\/www.masaki-parfums.com\/shop\/shiro\/#primaryimage","url":"https:\/\/i0.wp.com\/www.masaki-parfums.com\/wp-content\/uploads\/2024\/03\/HD-Shiro-80ml-scaled.webp?fit=2560%2C2560&ssl=1","contentUrl":"https:\/\/i0.wp.com\/www.masaki-parfums.com\/wp-content\/uploads\/2024\/03\/HD-Shiro-80ml-scaled.webp?fit=2560%2C2560&ssl=1","width":2560,"height":2560,"caption":"Shiro Fragrance Masaki Paris Parfums"},{"@type":"BreadcrumbList","@id":"https:\/\/www.masaki-parfums.com\/shop\/shiro\/#breadcrumb","itemListElement":[{"@type":"ListItem","position":1,"name":"Home","item":"https:\/\/www.masaki-parfums.com\/"},{"@type":"ListItem","position":2,"name":"Products","item":"https:\/\/www.masaki-parfums.com\/eshop\/"},{"@type":"ListItem","position":3,"name":"Shiro"}]},{"@type":"WebSite","@id":"https:\/\/www.masaki-parfums.com\/#website","url":"https:\/\/www.masaki-parfums.com\/","name":"Masak\u00ef Parfums","description":"Official Store","publisher":{"@id":"https:\/\/www.masaki-parfums.com\/#organization"},"potentialAction":[{"@type":"SearchAction","target":{"@type":"EntryPoint","urlTemplate":"https:\/\/www.masaki-parfums.com\/?s={search_term_string}"},"query-input":{"@type":"PropertyValueSpecification","valueRequired":true,"valueName":"search_term_string"}}],"inLanguage":"fr-FR"},{"@type":"Organization","@id":"https:\/\/www.masaki-parfums.com\/#organization","name":"Masak\u00ef Parfums","url":"https:\/\/www.masaki-parfums.com\/","logo":{"@type":"ImageObject","inLanguage":"fr-FR","@id":"https:\/\/www.masaki-parfums.com\/#\/schema\/logo\/image\/","url":"https:\/\/i0.wp.com\/www.masaki-parfums.com\/wp-content\/uploads\/2023\/10\/logo-masaki-350x350-1.png?fit=350%2C350&ssl=1","contentUrl":"https:\/\/i0.wp.com\/www.masaki-parfums.com\/wp-content\/uploads\/2023\/10\/logo-masaki-350x350-1.png?fit=350%2C350&ssl=1","width":350,"height":350,"caption":"Masak\u00ef Parfums"},"image":{"@id":"https:\/\/www.masaki-parfums.com\/#\/schema\/logo\/image\/"}}]}},"jetpack_publicize_connections":[],"jetpack_sharing_enabled":true,"jetpack_likes_enabled":true,"_links":{"self":[{"href":"https:\/\/www.masaki-parfums.com\/fr\/wp-json\/wp\/v2\/product\/1982","targetHints":{"allow":["GET"]}}],"collection":[{"href":"https:\/\/www.masaki-parfums.com\/fr\/wp-json\/wp\/v2\/product"}],"about":[{"href":"https:\/\/www.masaki-parfums.com\/fr\/wp-json\/wp\/v2\/types\/product"}],"wp:featuredmedia":[{"embeddable":true,"href":"https:\/\/www.masaki-parfums.com\/fr\/wp-json\/wp\/v2\/media\/5208"}],"wp:attachment":[{"href":"https:\/\/www.masaki-parfums.com\/fr\/wp-json\/wp\/v2\/media?parent=1982"}],"wp:term":[{"taxonomy":"product_brand","embeddable":true,"href":"https:\/\/www.masaki-parfums.com\/fr\/wp-json\/wp\/v2\/product_brand?post=1982"},{"taxonomy":"product_cat","embeddable":true,"href":"https:\/\/www.masaki-parfums.com\/fr\/wp-json\/wp\/v2\/product_cat?post=1982"},{"taxonomy":"product_tag","embeddable":true,"href":"https:\/\/www.masaki-parfums.com\/fr\/wp-json\/wp\/v2\/product_tag?post=1982"}],"curies":[{"name":"wp","href":"https:\/\/api.w.org\/{rel}","templated":true}]}}