{"id":1993,"date":"2018-03-10T20:41:11","date_gmt":"2018-03-10T20:41:11","guid":{"rendered":"https:\/\/masaki-parfums.com\/wordpress\/?post_type=product&#038;p=1993"},"modified":"2026-05-12T16:47:14","modified_gmt":"2026-05-12T14:47:14","slug":"masaki-masaki","status":"publish","type":"product","link":"https:\/\/www.masaki-parfums.com\/fr\/shop\/masaki-masaki\/","title":{"rendered":"Masak\u00ef \/ Masak\u00ef"},"content":{"rendered":"<p style=\"text-align: center;\"><strong>NOTES DE T\u00caTE<\/strong><\/p>\n<p style=\"text-align: center;\"><em>Litchi, Pomme Fuji, Fruit de la Passion, Past\u00e8que<\/em><\/p>\n<p style=\"text-align: center;\"><strong>NOTES DU C\u0152UR<\/strong><\/p>\n<p style=\"text-align: center;\"><em>Sakura, Rose \u00e0 face d'ange, Magnolia<\/em><\/p>\n<p style=\"text-align: center;\"><strong>NOTES DE FOND<\/strong><\/p>\n<p style=\"text-align: center;\"><em>Framboise, Patchouli, Musc Cristallin, Bois de C\u00e8dre Blanc<\/em><\/p>\n<p>&nbsp;<\/p>\n<h4><strong>LA FRAGRANCE<\/strong><\/h4>\n<p>Masak\u00ef \/ Masak\u00ef by Masaki Matsushima est une fragrance inspir\u00e9e par l\u2019\u00e9l\u00e9gance raffin\u00e9e d\u2019une personnalit\u00e9 new-yorkaise. S\u2019\u00e9loignant de son style minimaliste, le cr\u00e9ateur a imagin\u00e9 un parfum r\u00e9solument f\u00e9minin, incarnant sophistication et gr\u00e2ce.<\/p>\n<p>La fragrance s\u2019ouvre sur un m\u00e9lange vibrant et rafra\u00eechissant de litchi, de pomme Fuji, de fruit de la passion et de past\u00e8que. D\u00e8s les premi\u00e8res notes, cette alliance s\u00e9duit les sens par son caract\u00e8re juteux, sucr\u00e9 et \u00e9nergisant. Cette combinaison fruit\u00e9e cr\u00e9e une ouverture gourmande qui pr\u00e9pare l\u2019\u00e9volution du parfum.<\/p>\n<p>\u00c0 mesure que la fragrance se d\u00e9veloppe, le c\u0153ur d\u00e9voile un d\u00e9licat bouquet floral. Ensuite, le sakura, la rose Angel Face et le magnolia s\u2019unissent pour former une harmonie \u00e9l\u00e9gante et f\u00e9minine. Ces notes florales prolongent avec douceur l\u2019\u00e9clat fruit\u00e9 des notes de t\u00eate, \u00e9voquant une sensation de gr\u00e2ce et de l\u00e9g\u00e8ret\u00e9. Ensemble, elles composent un c\u0153ur captivant qui enrichit la fragrance tout en conservant une grande d\u00e9licatesse.<\/p>\n<p>Enfin, les notes de fond apportent profondeur et richesse. L\u2019association sensuelle de la framboise, du patchouli, du musc cristallin et du bois de c\u00e8dre blanc cr\u00e9e un sillage chaud et opulent qui persiste sur la peau. Ces notes ancrent la composition, ajoutant une touche de sophistication et laissant une impression durable et luxueuse.<\/p>\n<p>En d\u00e9finitive, Masak\u00ef \/ Masak\u00ef est une fragrance qui c\u00e9l\u00e8bre la femme moderne et s\u00fbre d\u2019elle, qui exprime sa f\u00e9minit\u00e9 avec \u00e9l\u00e9gance et assurance. L\u2019ouverture fruit\u00e9e, le c\u0153ur floral et le fond riche et sensuel s\u2019unissent pour cr\u00e9er un parfum opulent, id\u00e9al en toute occasion.<\/p>\n<p>Parfumeur :\u00a0<strong>Jean Jacques<\/strong><\/p>\n<p>Designer: <a href=\"https:\/\/www.masaki-parfums.com\/fr\/universe\/\"><strong>Masaki Matsushima<\/strong><\/a><\/p>\n<p><span style=\"font-weight: 400;\">Vaporisateur Naturel : 80ml \/ 2.7 oz | 40ml \/ 1.4 oz | 10ml \/ 0.3 oz | 1ml \/ 0.03 oz<\/span><\/p>","protected":false},"excerpt":{"rendered":"<p><strong>LE CONCEPT<\/strong><\/p>\n<p>Un parfum inspir\u00e9 par le charme sophistiqu\u00e9 d'une jeune femme qui navigue sans effort dans les rues anim\u00e9es de Park Avenue, s'adonne \u00e0 des s\u00e9ances de shopping sur la Cinqui\u00e8me Avenue et trouve du r\u00e9confort dans les promenades \u00e0 Central Park et les r\u00e9trospectives des mus\u00e9es de Manhattan. Avec un sens inn\u00e9 du chic, elle adore l'allure subtile du rose p\u00e2le.<\/p>\n<p>Le cr\u00e9ateur Masak\u00ef Matsush\u00efma s'est inspir\u00e9 de cette personnalit\u00e9 new-yorkaise distingu\u00e9e pour cr\u00e9er un parfum f\u00e9minin unique. Le r\u00e9sultat est un parfum raffin\u00e9 et opulent qui porte la marque unique de la cr\u00e9atrice de tendances japonaise. Pr\u00e9sent\u00e9 dans un flacon demi-lune m\u00e9ticuleusement travaill\u00e9, avec un bouchon transparent d\u00e9centr\u00e9 et une base d'injection en verre, ce parfum respire l'\u00e9l\u00e9gance sous tous les angles.<\/p>","protected":false},"featured_media":5205,"template":"","meta":{"_acf_changed":false,"jetpack_publicize_message":"","jetpack_publicize_feature_enabled":true,"jetpack_social_post_already_shared":true,"jetpack_social_options":{"image_generator_settings":{"template":"highway","default_image_id":0,"font":"","enabled":false},"version":2}},"product_brand":[],"product_cat":[135],"product_tag":[],"class_list":{"0":"post-1993","1":"product","2":"type-product","3":"status-publish","4":"has-post-thumbnail","6":"product_cat-feminine","8":"first","9":"instock","10":"taxable","11":"shipping-taxable","12":"purchasable","13":"product-type-variable","14":"has-default-attributes"},"acf":[],"yoast_head":"<!-- This site is optimized with the Yoast SEO Premium plugin v24.7 (Yoast SEO v27.6) - https:\/\/yoast.com\/product\/yoast-seo-premium-wordpress\/ -->\n<title>Masak\u00ef \/ Masak\u00ef - Fragrance by Masak\u00ef Parfums<\/title>\n<meta name=\"description\" content=\"Discover Masak\u00ef \/ Masak\u00ef by Masak\u00ef Parfums: a classy and opulent chypre fruity scent - Available on the Official Masak\u00ef Online Boutique\" \/>\n<meta name=\"robots\" content=\"index, follow, max-snippet:-1, max-image-preview:large, max-video-preview:-1\" \/>\n<link rel=\"canonical\" href=\"https:\/\/www.masaki-parfums.com\/fr\/shop\/masaki-masaki\/\" \/>\n<meta property=\"og:locale\" content=\"fr_FR\" \/>\n<meta property=\"og:type\" content=\"article\" \/>\n<meta property=\"og:title\" content=\"Masak\u00ef \/ Masak\u00ef\" \/>\n<meta property=\"og:description\" content=\"Discover Masak\u00ef \/ Masak\u00ef by Masak\u00ef Parfums: a classy and opulent chypre fruity scent - Available on the Official Masak\u00ef Online Boutique\" \/>\n<meta property=\"og:url\" content=\"https:\/\/www.masaki-parfums.com\/fr\/shop\/masaki-masaki\/\" \/>\n<meta property=\"og:site_name\" content=\"Masak\u00ef Parfums\" \/>\n<meta property=\"article:modified_time\" content=\"2026-05-12T14:47:14+00:00\" \/>\n<meta property=\"og:image\" content=\"https:\/\/www.masaki-parfums.com\/wp-content\/uploads\/2024\/03\/HD-Masaki-Masaki-80ml-scaled.webp\" \/>\n\t<meta property=\"og:image:width\" content=\"2560\" \/>\n\t<meta property=\"og:image:height\" content=\"2560\" \/>\n\t<meta property=\"og:image:type\" content=\"image\/webp\" \/>\n<meta name=\"twitter:card\" content=\"summary_large_image\" \/>\n<meta name=\"twitter:label1\" content=\"Dur\u00e9e de lecture estim\u00e9e\" \/>\n\t<meta name=\"twitter:data1\" content=\"2 minutes\" \/>\n<script type=\"application\/ld+json\" class=\"yoast-schema-graph\">{\"@context\":\"https:\\\/\\\/schema.org\",\"@graph\":[{\"@type\":\"WebPage\",\"@id\":\"https:\\\/\\\/www.masaki-parfums.com\\\/shop\\\/masaki-masaki\\\/\",\"url\":\"https:\\\/\\\/www.masaki-parfums.com\\\/shop\\\/masaki-masaki\\\/\",\"name\":\"Masak\u00ef \\\/ Masak\u00ef - Fragrance by Masak\u00ef Parfums\",\"isPartOf\":{\"@id\":\"https:\\\/\\\/www.masaki-parfums.com\\\/#website\"},\"primaryImageOfPage\":{\"@id\":\"https:\\\/\\\/www.masaki-parfums.com\\\/shop\\\/masaki-masaki\\\/#primaryimage\"},\"image\":{\"@id\":\"https:\\\/\\\/www.masaki-parfums.com\\\/shop\\\/masaki-masaki\\\/#primaryimage\"},\"thumbnailUrl\":\"https:\\\/\\\/i0.wp.com\\\/www.masaki-parfums.com\\\/wp-content\\\/uploads\\\/2024\\\/03\\\/HD-Masaki-Masaki-80ml-scaled.webp?fit=2560%2C2560&ssl=1\",\"datePublished\":\"2018-03-10T20:41:11+00:00\",\"dateModified\":\"2026-05-12T14:47:14+00:00\",\"description\":\"Discover Masak\u00ef \\\/ Masak\u00ef by Masak\u00ef Parfums: a classy and opulent chypre fruity scent - Available on the Official Masak\u00ef Online Boutique\",\"breadcrumb\":{\"@id\":\"https:\\\/\\\/www.masaki-parfums.com\\\/shop\\\/masaki-masaki\\\/#breadcrumb\"},\"inLanguage\":\"fr-FR\",\"potentialAction\":[{\"@type\":\"ReadAction\",\"target\":[\"https:\\\/\\\/www.masaki-parfums.com\\\/shop\\\/masaki-masaki\\\/\"]}]},{\"@type\":\"ImageObject\",\"inLanguage\":\"fr-FR\",\"@id\":\"https:\\\/\\\/www.masaki-parfums.com\\\/shop\\\/masaki-masaki\\\/#primaryimage\",\"url\":\"https:\\\/\\\/i0.wp.com\\\/www.masaki-parfums.com\\\/wp-content\\\/uploads\\\/2024\\\/03\\\/HD-Masaki-Masaki-80ml-scaled.webp?fit=2560%2C2560&ssl=1\",\"contentUrl\":\"https:\\\/\\\/i0.wp.com\\\/www.masaki-parfums.com\\\/wp-content\\\/uploads\\\/2024\\\/03\\\/HD-Masaki-Masaki-80ml-scaled.webp?fit=2560%2C2560&ssl=1\",\"width\":2560,\"height\":2560,\"caption\":\"Masak\u00ef \\\/ Masak\u00ef Fragrance Masaki Paris Parfums\"},{\"@type\":\"BreadcrumbList\",\"@id\":\"https:\\\/\\\/www.masaki-parfums.com\\\/shop\\\/masaki-masaki\\\/#breadcrumb\",\"itemListElement\":[{\"@type\":\"ListItem\",\"position\":1,\"name\":\"Home\",\"item\":\"https:\\\/\\\/www.masaki-parfums.com\\\/\"},{\"@type\":\"ListItem\",\"position\":2,\"name\":\"Products\",\"item\":\"https:\\\/\\\/www.masaki-parfums.com\\\/eshop\\\/\"},{\"@type\":\"ListItem\",\"position\":3,\"name\":\"Masak\u00ef \\\/ Masak\u00ef\"}]},{\"@type\":\"WebSite\",\"@id\":\"https:\\\/\\\/www.masaki-parfums.com\\\/#website\",\"url\":\"https:\\\/\\\/www.masaki-parfums.com\\\/\",\"name\":\"Masak\u00ef Parfums\",\"description\":\"Official Store\",\"publisher\":{\"@id\":\"https:\\\/\\\/www.masaki-parfums.com\\\/#organization\"},\"potentialAction\":[{\"@type\":\"SearchAction\",\"target\":{\"@type\":\"EntryPoint\",\"urlTemplate\":\"https:\\\/\\\/www.masaki-parfums.com\\\/?s={search_term_string}\"},\"query-input\":{\"@type\":\"PropertyValueSpecification\",\"valueRequired\":true,\"valueName\":\"search_term_string\"}}],\"inLanguage\":\"fr-FR\"},{\"@type\":\"Organization\",\"@id\":\"https:\\\/\\\/www.masaki-parfums.com\\\/#organization\",\"name\":\"Masak\u00ef Parfums\",\"url\":\"https:\\\/\\\/www.masaki-parfums.com\\\/\",\"logo\":{\"@type\":\"ImageObject\",\"inLanguage\":\"fr-FR\",\"@id\":\"https:\\\/\\\/www.masaki-parfums.com\\\/#\\\/schema\\\/logo\\\/image\\\/\",\"url\":\"https:\\\/\\\/i0.wp.com\\\/www.masaki-parfums.com\\\/wp-content\\\/uploads\\\/2023\\\/10\\\/logo-masaki-350x350-1.png?fit=350%2C350&ssl=1\",\"contentUrl\":\"https:\\\/\\\/i0.wp.com\\\/www.masaki-parfums.com\\\/wp-content\\\/uploads\\\/2023\\\/10\\\/logo-masaki-350x350-1.png?fit=350%2C350&ssl=1\",\"width\":350,\"height\":350,\"caption\":\"Masak\u00ef Parfums\"},\"image\":{\"@id\":\"https:\\\/\\\/www.masaki-parfums.com\\\/#\\\/schema\\\/logo\\\/image\\\/\"}}]}<\/script>\n<!-- \/ Yoast SEO Premium plugin. -->","yoast_head_json":{"title":"Masak\u00ef \/ Masak\u00ef - Fragrance by Masak\u00ef Parfums","description":"Discover Masak\u00ef \/ Masak\u00ef by Masak\u00ef Parfums: a classy and opulent chypre fruity scent - Available on the Official Masak\u00ef Online Boutique","robots":{"index":"index","follow":"follow","max-snippet":"max-snippet:-1","max-image-preview":"max-image-preview:large","max-video-preview":"max-video-preview:-1"},"canonical":"https:\/\/www.masaki-parfums.com\/fr\/shop\/masaki-masaki\/","og_locale":"fr_FR","og_type":"article","og_title":"Masak\u00ef \/ Masak\u00ef","og_description":"Discover Masak\u00ef \/ Masak\u00ef by Masak\u00ef Parfums: a classy and opulent chypre fruity scent - Available on the Official Masak\u00ef Online Boutique","og_url":"https:\/\/www.masaki-parfums.com\/fr\/shop\/masaki-masaki\/","og_site_name":"Masak\u00ef Parfums","article_modified_time":"2026-05-12T14:47:14+00:00","og_image":[{"width":2560,"height":2560,"url":"https:\/\/www.masaki-parfums.com\/wp-content\/uploads\/2024\/03\/HD-Masaki-Masaki-80ml-scaled.webp","type":"image\/webp"}],"twitter_card":"summary_large_image","twitter_misc":{"Dur\u00e9e de lecture estim\u00e9e":"2 minutes"},"schema":{"@context":"https:\/\/schema.org","@graph":[{"@type":"WebPage","@id":"https:\/\/www.masaki-parfums.com\/shop\/masaki-masaki\/","url":"https:\/\/www.masaki-parfums.com\/shop\/masaki-masaki\/","name":"Masak\u00ef \/ Masak\u00ef - Fragrance by Masak\u00ef Parfums","isPartOf":{"@id":"https:\/\/www.masaki-parfums.com\/#website"},"primaryImageOfPage":{"@id":"https:\/\/www.masaki-parfums.com\/shop\/masaki-masaki\/#primaryimage"},"image":{"@id":"https:\/\/www.masaki-parfums.com\/shop\/masaki-masaki\/#primaryimage"},"thumbnailUrl":"https:\/\/i0.wp.com\/www.masaki-parfums.com\/wp-content\/uploads\/2024\/03\/HD-Masaki-Masaki-80ml-scaled.webp?fit=2560%2C2560&ssl=1","datePublished":"2018-03-10T20:41:11+00:00","dateModified":"2026-05-12T14:47:14+00:00","description":"Discover Masak\u00ef \/ Masak\u00ef by Masak\u00ef Parfums: a classy and opulent chypre fruity scent - Available on the Official Masak\u00ef Online Boutique","breadcrumb":{"@id":"https:\/\/www.masaki-parfums.com\/shop\/masaki-masaki\/#breadcrumb"},"inLanguage":"fr-FR","potentialAction":[{"@type":"ReadAction","target":["https:\/\/www.masaki-parfums.com\/shop\/masaki-masaki\/"]}]},{"@type":"ImageObject","inLanguage":"fr-FR","@id":"https:\/\/www.masaki-parfums.com\/shop\/masaki-masaki\/#primaryimage","url":"https:\/\/i0.wp.com\/www.masaki-parfums.com\/wp-content\/uploads\/2024\/03\/HD-Masaki-Masaki-80ml-scaled.webp?fit=2560%2C2560&ssl=1","contentUrl":"https:\/\/i0.wp.com\/www.masaki-parfums.com\/wp-content\/uploads\/2024\/03\/HD-Masaki-Masaki-80ml-scaled.webp?fit=2560%2C2560&ssl=1","width":2560,"height":2560,"caption":"Masak\u00ef \/ Masak\u00ef Fragrance Masaki Paris Parfums"},{"@type":"BreadcrumbList","@id":"https:\/\/www.masaki-parfums.com\/shop\/masaki-masaki\/#breadcrumb","itemListElement":[{"@type":"ListItem","position":1,"name":"Home","item":"https:\/\/www.masaki-parfums.com\/"},{"@type":"ListItem","position":2,"name":"Products","item":"https:\/\/www.masaki-parfums.com\/eshop\/"},{"@type":"ListItem","position":3,"name":"Masak\u00ef \/ Masak\u00ef"}]},{"@type":"WebSite","@id":"https:\/\/www.masaki-parfums.com\/#website","url":"https:\/\/www.masaki-parfums.com\/","name":"Masak\u00ef Parfums","description":"Official Store","publisher":{"@id":"https:\/\/www.masaki-parfums.com\/#organization"},"potentialAction":[{"@type":"SearchAction","target":{"@type":"EntryPoint","urlTemplate":"https:\/\/www.masaki-parfums.com\/?s={search_term_string}"},"query-input":{"@type":"PropertyValueSpecification","valueRequired":true,"valueName":"search_term_string"}}],"inLanguage":"fr-FR"},{"@type":"Organization","@id":"https:\/\/www.masaki-parfums.com\/#organization","name":"Masak\u00ef Parfums","url":"https:\/\/www.masaki-parfums.com\/","logo":{"@type":"ImageObject","inLanguage":"fr-FR","@id":"https:\/\/www.masaki-parfums.com\/#\/schema\/logo\/image\/","url":"https:\/\/i0.wp.com\/www.masaki-parfums.com\/wp-content\/uploads\/2023\/10\/logo-masaki-350x350-1.png?fit=350%2C350&ssl=1","contentUrl":"https:\/\/i0.wp.com\/www.masaki-parfums.com\/wp-content\/uploads\/2023\/10\/logo-masaki-350x350-1.png?fit=350%2C350&ssl=1","width":350,"height":350,"caption":"Masak\u00ef Parfums"},"image":{"@id":"https:\/\/www.masaki-parfums.com\/#\/schema\/logo\/image\/"}}]}},"jetpack_publicize_connections":[],"jetpack_sharing_enabled":true,"jetpack_likes_enabled":true,"_links":{"self":[{"href":"https:\/\/www.masaki-parfums.com\/fr\/wp-json\/wp\/v2\/product\/1993","targetHints":{"allow":["GET"]}}],"collection":[{"href":"https:\/\/www.masaki-parfums.com\/fr\/wp-json\/wp\/v2\/product"}],"about":[{"href":"https:\/\/www.masaki-parfums.com\/fr\/wp-json\/wp\/v2\/types\/product"}],"wp:featuredmedia":[{"embeddable":true,"href":"https:\/\/www.masaki-parfums.com\/fr\/wp-json\/wp\/v2\/media\/5205"}],"wp:attachment":[{"href":"https:\/\/www.masaki-parfums.com\/fr\/wp-json\/wp\/v2\/media?parent=1993"}],"wp:term":[{"taxonomy":"product_brand","embeddable":true,"href":"https:\/\/www.masaki-parfums.com\/fr\/wp-json\/wp\/v2\/product_brand?post=1993"},{"taxonomy":"product_cat","embeddable":true,"href":"https:\/\/www.masaki-parfums.com\/fr\/wp-json\/wp\/v2\/product_cat?post=1993"},{"taxonomy":"product_tag","embeddable":true,"href":"https:\/\/www.masaki-parfums.com\/fr\/wp-json\/wp\/v2\/product_tag?post=1993"}],"curies":[{"name":"wp","href":"https:\/\/api.w.org\/{rel}","templated":true}]}}