{"id":2014,"date":"2018-03-10T20:47:59","date_gmt":"2018-03-10T20:47:59","guid":{"rendered":"https:\/\/masaki-parfums.com\/wordpress\/?post_type=product&#038;p=2014"},"modified":"2026-04-27T15:47:23","modified_gmt":"2026-04-27T13:47:23","slug":"matsu-sakura","status":"publish","type":"product","link":"https:\/\/www.masaki-parfums.com\/fr\/shop\/matsu-sakura\/","title":{"rendered":"Matsu Sakura"},"content":{"rendered":"<p style=\"text-align: center;\"><strong>NOTES DE T\u00caTE<\/strong><\/p>\n<p style=\"text-align: center;\"><em>Litchi, Poire<\/em><\/p>\n<p style=\"text-align: center;\"><strong>NOTES DU C\u0152UR<\/strong><\/p>\n<p style=\"text-align: center;\"><em>Sakura, Pois de Senteur<\/em><\/p>\n<p style=\"text-align: center;\"><strong>NOTES DE FOND<\/strong><\/p>\n<p style=\"text-align: center;\"><em>C\u0153ur de Patchouli, Musc Cristallin<\/em><\/p>\n<p>&nbsp;<\/p>\n<h4><strong>LA FRAGRANCE<\/strong><\/h4>\n<p>Matsu Sakura by Masaki Matsushima est une fragrance inspir\u00e9e par la beaut\u00e9 d\u00e9licate et la puissance symbolique de la fleur de sakura. V\u00e9n\u00e9r\u00e9e pour incarner la gr\u00e2ce, l\u2019\u00e9ph\u00e9m\u00e8re et une beaut\u00e9 exquise, la fleur de cerisier refl\u00e8te la nature \u00e0 la fois fugace et magnifique du printemps. Cette cr\u00e9ation conceptuelle capture l\u2019essence d\u2019un matin printanier en pleine floraison, m\u00ealant douceur et fra\u00eecheur \u00e0 chaque note.<\/p>\n<p>La fragrance s\u2019ouvre sur une explosion de fruits \u00e9clatants. D\u00e8s les premi\u00e8res notes, le litchi et la poire s\u2019unissent pour offrir une introduction juteuse et rafra\u00eechissante, \u00e9voquant la douceur des fruits baign\u00e9s de soleil matinal. Ces notes de t\u00eate lumineuses conf\u00e8rent \u00e0 la fragrance une \u00e9nergie vive et p\u00e9tillante.<\/p>\n<p>\u00c0 mesure qu\u2019elle \u00e9volue, le c\u0153ur r\u00e9v\u00e8le un d\u00e9licat bouquet floral. Ici, les notes douces et a\u00e9riennes de sakura se m\u00ealent harmonieusement \u00e0 la subtilit\u00e9 sucr\u00e9e du pois de senteur, apportant une dimension romantique et \u00e9l\u00e9gante. Ces accords floraux \u00e9voquent la beaut\u00e9 d\u2019une journ\u00e9e printani\u00e8re paisible, o\u00f9 tout semble l\u00e9ger et empreint de possibilit\u00e9s.<\/p>\n<p>Enfin, les notes de fond apportent profondeur et chaleur. La sensualit\u00e9 du c\u0153ur de patchouli est sublim\u00e9e par l\u2019\u00e9treinte douce et enveloppante du musc cristallin, cr\u00e9ant une finale harmonieuse. Ensemble, ces notes ancrent la composition tout en pr\u00e9servant sa dimension \u00e9th\u00e9r\u00e9e, offrant un sillage \u00e9quilibr\u00e9 et durable.<\/p>\n<p>Matsu Sakura est la fragrance id\u00e9ale pour celles et ceux qui recherchent un parfum incarnant la beaut\u00e9 \u00e9ph\u00e9m\u00e8re et l\u2019\u00e9l\u00e9gance du printemps. Ses notes de t\u00eate fruit\u00e9es et lumineuses, son c\u0153ur floral d\u00e9licat et son fond sensuel s\u2019unissent pour cr\u00e9er une fragrance \u00e0 la fois fra\u00eeche, romantique et intemporelle. Port\u00e9e au quotidien ou lors d\u2019occasions sp\u00e9ciales, Matsu Sakura est une invitation \u00e0 un voyage olfactif au c\u0153ur du printemps.<\/p>\n<p>Parfumeur : <strong>J\u00e9r\u00f4me di Marino<\/strong><\/p>\n<p>Designer: <a href=\"https:\/\/www.masaki-parfums.com\/fr\/universe\/\"><strong>Masaki Matsushima<\/strong><\/a><\/p>\n<p><span style=\"font-weight: 400;\">Vaporisateur Naturel : 80ml \/ 2.7 oz | 40ml \/ 1.4 oz | 10ml \/ 0.3 oz | 1ml \/ 0.03 oz<\/span><\/p>","protected":false},"excerpt":{"rendered":"<p><strong>LE CONCEPT<\/strong><\/p>\n<p>S'inspirant de la gracieuse fleur de Sakura, Masak\u00ef Matsush\u00efma pr\u00e9sente Matsu Sakura, un parfum qui capture la beaut\u00e9 d\u00e9licate et la richesse symbolique des cerisiers en fleurs. Au Japon, ces fleurs annoncent l'arriv\u00e9e du printemps et sont c\u00e9l\u00e9br\u00e9es lors du vibrant festival Hanami. Avec Matsu Sakura, Matsush\u00efma propose une r\u00e9interpr\u00e9tation contemporaine de la d\u00e9licatesse, invitant les femmes \u00e0 embrasser leur essence romantique et \u00e0 d\u00e9voiler leur beaut\u00e9 int\u00e9rieure au monde.<\/p>\n<p>Le parfum d\u00e9gage une aura divine, insufflant de la sensualit\u00e9 dans chaque facette de son caract\u00e8re \u00e0 la fois doux et confiant. Pr\u00e9sent\u00e9 dans un flacon rond au fini givr\u00e9 et au bouchon rose tendre, Matsu Sakura incarne l'\u00e9l\u00e9gance minimaliste, accentu\u00e9e par un emballage d\u00e9licat qui souligne le charme exquis de la fragrance.<\/p>","protected":false},"featured_media":5252,"template":"","meta":{"_acf_changed":false,"jetpack_post_was_ever_published":false,"jetpack_publicize_message":"","jetpack_publicize_feature_enabled":true,"jetpack_social_post_already_shared":true,"jetpack_social_options":{"image_generator_settings":{"template":"highway","default_image_id":0,"font":"","enabled":false},"version":2}},"product_brand":[],"product_cat":[135],"product_tag":[159],"class_list":{"0":"post-2014","1":"product","2":"type-product","3":"status-publish","4":"has-post-thumbnail","6":"product_cat-feminine","7":"product_tag-matsu-sakura","9":"first","10":"instock","11":"taxable","12":"shipping-taxable","13":"purchasable","14":"product-type-variable","15":"has-default-attributes"},"acf":[],"yoast_head":"<!-- This site is optimized with the Yoast SEO Premium plugin v24.7 (Yoast SEO v27.5) - https:\/\/yoast.com\/product\/yoast-seo-premium-wordpress\/ -->\n<title>Matsu Sakura - Fragrance by Masak\u00ef Parfums<\/title>\n<meta name=\"description\" content=\"Discover Matsu Sakura by Masak\u00ef Parfums: A fragrance inspired by the Sakura Flower - Available now on the Official Masak\u00ef Parfums Online Boutique\" \/>\n<meta name=\"robots\" content=\"index, follow, max-snippet:-1, max-image-preview:large, max-video-preview:-1\" \/>\n<link rel=\"canonical\" href=\"https:\/\/www.masaki-parfums.com\/fr\/shop\/matsu-sakura\/\" \/>\n<meta property=\"og:locale\" content=\"fr_FR\" \/>\n<meta property=\"og:type\" content=\"article\" \/>\n<meta property=\"og:title\" content=\"Matsu Sakura\" \/>\n<meta property=\"og:description\" content=\"Discover Matsu Sakura by Masak\u00ef Parfums: A fragrance inspired by the Sakura Flower - Available now on the Official Masak\u00ef Parfums Online Boutique\" \/>\n<meta property=\"og:url\" content=\"https:\/\/www.masaki-parfums.com\/fr\/shop\/matsu-sakura\/\" \/>\n<meta property=\"og:site_name\" content=\"Masak\u00ef Parfums\" \/>\n<meta property=\"article:modified_time\" content=\"2026-04-27T13:47:23+00:00\" \/>\n<meta property=\"og:image\" content=\"https:\/\/www.masaki-parfums.com\/wp-content\/uploads\/2024\/03\/HD-matsusakura-80ml-scaled.webp\" \/>\n\t<meta property=\"og:image:width\" content=\"2560\" \/>\n\t<meta property=\"og:image:height\" content=\"2560\" \/>\n\t<meta property=\"og:image:type\" content=\"image\/webp\" \/>\n<meta name=\"twitter:card\" content=\"summary_large_image\" \/>\n<meta name=\"twitter:label1\" content=\"Dur\u00e9e de lecture estim\u00e9e\" \/>\n\t<meta name=\"twitter:data1\" content=\"2 minutes\" \/>\n<script type=\"application\/ld+json\" class=\"yoast-schema-graph\">{\"@context\":\"https:\\\/\\\/schema.org\",\"@graph\":[{\"@type\":\"WebPage\",\"@id\":\"https:\\\/\\\/www.masaki-parfums.com\\\/shop\\\/matsu-sakura\\\/\",\"url\":\"https:\\\/\\\/www.masaki-parfums.com\\\/shop\\\/matsu-sakura\\\/\",\"name\":\"Matsu Sakura - Fragrance by Masak\u00ef Parfums\",\"isPartOf\":{\"@id\":\"https:\\\/\\\/www.masaki-parfums.com\\\/#website\"},\"primaryImageOfPage\":{\"@id\":\"https:\\\/\\\/www.masaki-parfums.com\\\/shop\\\/matsu-sakura\\\/#primaryimage\"},\"image\":{\"@id\":\"https:\\\/\\\/www.masaki-parfums.com\\\/shop\\\/matsu-sakura\\\/#primaryimage\"},\"thumbnailUrl\":\"https:\\\/\\\/i0.wp.com\\\/www.masaki-parfums.com\\\/wp-content\\\/uploads\\\/2024\\\/03\\\/HD-matsusakura-80ml-scaled.webp?fit=2560%2C2560&ssl=1\",\"datePublished\":\"2018-03-10T20:47:59+00:00\",\"dateModified\":\"2026-04-27T13:47:23+00:00\",\"description\":\"Discover Matsu Sakura by Masak\u00ef Parfums: A fragrance inspired by the Sakura Flower - Available now on the Official Masak\u00ef Parfums Online Boutique\",\"breadcrumb\":{\"@id\":\"https:\\\/\\\/www.masaki-parfums.com\\\/shop\\\/matsu-sakura\\\/#breadcrumb\"},\"inLanguage\":\"fr-FR\",\"potentialAction\":[{\"@type\":\"ReadAction\",\"target\":[\"https:\\\/\\\/www.masaki-parfums.com\\\/shop\\\/matsu-sakura\\\/\"]}]},{\"@type\":\"ImageObject\",\"inLanguage\":\"fr-FR\",\"@id\":\"https:\\\/\\\/www.masaki-parfums.com\\\/shop\\\/matsu-sakura\\\/#primaryimage\",\"url\":\"https:\\\/\\\/i0.wp.com\\\/www.masaki-parfums.com\\\/wp-content\\\/uploads\\\/2024\\\/03\\\/HD-matsusakura-80ml-scaled.webp?fit=2560%2C2560&ssl=1\",\"contentUrl\":\"https:\\\/\\\/i0.wp.com\\\/www.masaki-parfums.com\\\/wp-content\\\/uploads\\\/2024\\\/03\\\/HD-matsusakura-80ml-scaled.webp?fit=2560%2C2560&ssl=1\",\"width\":2560,\"height\":2560,\"caption\":\"Matsu Sakura Fragrance Masaki Paris Parfums\"},{\"@type\":\"BreadcrumbList\",\"@id\":\"https:\\\/\\\/www.masaki-parfums.com\\\/shop\\\/matsu-sakura\\\/#breadcrumb\",\"itemListElement\":[{\"@type\":\"ListItem\",\"position\":1,\"name\":\"Home\",\"item\":\"https:\\\/\\\/www.masaki-parfums.com\\\/\"},{\"@type\":\"ListItem\",\"position\":2,\"name\":\"Products\",\"item\":\"https:\\\/\\\/www.masaki-parfums.com\\\/eshop\\\/\"},{\"@type\":\"ListItem\",\"position\":3,\"name\":\"Matsu Sakura\"}]},{\"@type\":\"WebSite\",\"@id\":\"https:\\\/\\\/www.masaki-parfums.com\\\/#website\",\"url\":\"https:\\\/\\\/www.masaki-parfums.com\\\/\",\"name\":\"Masak\u00ef Parfums\",\"description\":\"Official Store\",\"publisher\":{\"@id\":\"https:\\\/\\\/www.masaki-parfums.com\\\/#organization\"},\"potentialAction\":[{\"@type\":\"SearchAction\",\"target\":{\"@type\":\"EntryPoint\",\"urlTemplate\":\"https:\\\/\\\/www.masaki-parfums.com\\\/?s={search_term_string}\"},\"query-input\":{\"@type\":\"PropertyValueSpecification\",\"valueRequired\":true,\"valueName\":\"search_term_string\"}}],\"inLanguage\":\"fr-FR\"},{\"@type\":\"Organization\",\"@id\":\"https:\\\/\\\/www.masaki-parfums.com\\\/#organization\",\"name\":\"Masak\u00ef Parfums\",\"url\":\"https:\\\/\\\/www.masaki-parfums.com\\\/\",\"logo\":{\"@type\":\"ImageObject\",\"inLanguage\":\"fr-FR\",\"@id\":\"https:\\\/\\\/www.masaki-parfums.com\\\/#\\\/schema\\\/logo\\\/image\\\/\",\"url\":\"https:\\\/\\\/i0.wp.com\\\/www.masaki-parfums.com\\\/wp-content\\\/uploads\\\/2023\\\/10\\\/logo-masaki-350x350-1.png?fit=350%2C350&ssl=1\",\"contentUrl\":\"https:\\\/\\\/i0.wp.com\\\/www.masaki-parfums.com\\\/wp-content\\\/uploads\\\/2023\\\/10\\\/logo-masaki-350x350-1.png?fit=350%2C350&ssl=1\",\"width\":350,\"height\":350,\"caption\":\"Masak\u00ef Parfums\"},\"image\":{\"@id\":\"https:\\\/\\\/www.masaki-parfums.com\\\/#\\\/schema\\\/logo\\\/image\\\/\"}}]}<\/script>\n<!-- \/ Yoast SEO Premium plugin. -->","yoast_head_json":{"title":"Matsu Sakura - Fragrance by Masak\u00ef Parfums","description":"Discover Matsu Sakura by Masak\u00ef Parfums: A fragrance inspired by the Sakura Flower - Available now on the Official Masak\u00ef Parfums Online Boutique","robots":{"index":"index","follow":"follow","max-snippet":"max-snippet:-1","max-image-preview":"max-image-preview:large","max-video-preview":"max-video-preview:-1"},"canonical":"https:\/\/www.masaki-parfums.com\/fr\/shop\/matsu-sakura\/","og_locale":"fr_FR","og_type":"article","og_title":"Matsu Sakura","og_description":"Discover Matsu Sakura by Masak\u00ef Parfums: A fragrance inspired by the Sakura Flower - Available now on the Official Masak\u00ef Parfums Online Boutique","og_url":"https:\/\/www.masaki-parfums.com\/fr\/shop\/matsu-sakura\/","og_site_name":"Masak\u00ef Parfums","article_modified_time":"2026-04-27T13:47:23+00:00","og_image":[{"width":2560,"height":2560,"url":"https:\/\/www.masaki-parfums.com\/wp-content\/uploads\/2024\/03\/HD-matsusakura-80ml-scaled.webp","type":"image\/webp"}],"twitter_card":"summary_large_image","twitter_misc":{"Dur\u00e9e de lecture estim\u00e9e":"2 minutes"},"schema":{"@context":"https:\/\/schema.org","@graph":[{"@type":"WebPage","@id":"https:\/\/www.masaki-parfums.com\/shop\/matsu-sakura\/","url":"https:\/\/www.masaki-parfums.com\/shop\/matsu-sakura\/","name":"Matsu Sakura - Fragrance by Masak\u00ef Parfums","isPartOf":{"@id":"https:\/\/www.masaki-parfums.com\/#website"},"primaryImageOfPage":{"@id":"https:\/\/www.masaki-parfums.com\/shop\/matsu-sakura\/#primaryimage"},"image":{"@id":"https:\/\/www.masaki-parfums.com\/shop\/matsu-sakura\/#primaryimage"},"thumbnailUrl":"https:\/\/i0.wp.com\/www.masaki-parfums.com\/wp-content\/uploads\/2024\/03\/HD-matsusakura-80ml-scaled.webp?fit=2560%2C2560&ssl=1","datePublished":"2018-03-10T20:47:59+00:00","dateModified":"2026-04-27T13:47:23+00:00","description":"Discover Matsu Sakura by Masak\u00ef Parfums: A fragrance inspired by the Sakura Flower - Available now on the Official Masak\u00ef Parfums Online Boutique","breadcrumb":{"@id":"https:\/\/www.masaki-parfums.com\/shop\/matsu-sakura\/#breadcrumb"},"inLanguage":"fr-FR","potentialAction":[{"@type":"ReadAction","target":["https:\/\/www.masaki-parfums.com\/shop\/matsu-sakura\/"]}]},{"@type":"ImageObject","inLanguage":"fr-FR","@id":"https:\/\/www.masaki-parfums.com\/shop\/matsu-sakura\/#primaryimage","url":"https:\/\/i0.wp.com\/www.masaki-parfums.com\/wp-content\/uploads\/2024\/03\/HD-matsusakura-80ml-scaled.webp?fit=2560%2C2560&ssl=1","contentUrl":"https:\/\/i0.wp.com\/www.masaki-parfums.com\/wp-content\/uploads\/2024\/03\/HD-matsusakura-80ml-scaled.webp?fit=2560%2C2560&ssl=1","width":2560,"height":2560,"caption":"Matsu Sakura Fragrance Masaki Paris Parfums"},{"@type":"BreadcrumbList","@id":"https:\/\/www.masaki-parfums.com\/shop\/matsu-sakura\/#breadcrumb","itemListElement":[{"@type":"ListItem","position":1,"name":"Home","item":"https:\/\/www.masaki-parfums.com\/"},{"@type":"ListItem","position":2,"name":"Products","item":"https:\/\/www.masaki-parfums.com\/eshop\/"},{"@type":"ListItem","position":3,"name":"Matsu Sakura"}]},{"@type":"WebSite","@id":"https:\/\/www.masaki-parfums.com\/#website","url":"https:\/\/www.masaki-parfums.com\/","name":"Masak\u00ef Parfums","description":"Official Store","publisher":{"@id":"https:\/\/www.masaki-parfums.com\/#organization"},"potentialAction":[{"@type":"SearchAction","target":{"@type":"EntryPoint","urlTemplate":"https:\/\/www.masaki-parfums.com\/?s={search_term_string}"},"query-input":{"@type":"PropertyValueSpecification","valueRequired":true,"valueName":"search_term_string"}}],"inLanguage":"fr-FR"},{"@type":"Organization","@id":"https:\/\/www.masaki-parfums.com\/#organization","name":"Masak\u00ef Parfums","url":"https:\/\/www.masaki-parfums.com\/","logo":{"@type":"ImageObject","inLanguage":"fr-FR","@id":"https:\/\/www.masaki-parfums.com\/#\/schema\/logo\/image\/","url":"https:\/\/i0.wp.com\/www.masaki-parfums.com\/wp-content\/uploads\/2023\/10\/logo-masaki-350x350-1.png?fit=350%2C350&ssl=1","contentUrl":"https:\/\/i0.wp.com\/www.masaki-parfums.com\/wp-content\/uploads\/2023\/10\/logo-masaki-350x350-1.png?fit=350%2C350&ssl=1","width":350,"height":350,"caption":"Masak\u00ef Parfums"},"image":{"@id":"https:\/\/www.masaki-parfums.com\/#\/schema\/logo\/image\/"}}]}},"jetpack_publicize_connections":[],"jetpack_sharing_enabled":true,"jetpack_likes_enabled":true,"_links":{"self":[{"href":"https:\/\/www.masaki-parfums.com\/fr\/wp-json\/wp\/v2\/product\/2014","targetHints":{"allow":["GET"]}}],"collection":[{"href":"https:\/\/www.masaki-parfums.com\/fr\/wp-json\/wp\/v2\/product"}],"about":[{"href":"https:\/\/www.masaki-parfums.com\/fr\/wp-json\/wp\/v2\/types\/product"}],"wp:featuredmedia":[{"embeddable":true,"href":"https:\/\/www.masaki-parfums.com\/fr\/wp-json\/wp\/v2\/media\/5252"}],"wp:attachment":[{"href":"https:\/\/www.masaki-parfums.com\/fr\/wp-json\/wp\/v2\/media?parent=2014"}],"wp:term":[{"taxonomy":"product_brand","embeddable":true,"href":"https:\/\/www.masaki-parfums.com\/fr\/wp-json\/wp\/v2\/product_brand?post=2014"},{"taxonomy":"product_cat","embeddable":true,"href":"https:\/\/www.masaki-parfums.com\/fr\/wp-json\/wp\/v2\/product_cat?post=2014"},{"taxonomy":"product_tag","embeddable":true,"href":"https:\/\/www.masaki-parfums.com\/fr\/wp-json\/wp\/v2\/product_tag?post=2014"}],"curies":[{"name":"wp","href":"https:\/\/api.w.org\/{rel}","templated":true}]}}