{"id":2039,"date":"2018-03-10T20:59:14","date_gmt":"2018-03-10T20:59:14","guid":{"rendered":"https:\/\/masaki-parfums.com\/wordpress\/?post_type=product&#038;p=2039"},"modified":"2025-06-03T14:49:17","modified_gmt":"2025-06-03T12:49:17","slug":"suu","status":"publish","type":"product","link":"https:\/\/www.masaki-parfums.com\/fr\/shop\/suu\/","title":{"rendered":"Suu&#8230;"},"content":{"rendered":"<p style=\"text-align: center\"><strong>NOTES DE T\u00caTE<\/strong><\/p>\n<p style=\"text-align: center\"><em>Nashi, Boongon, Star Fruit<\/em><\/p>\n<p style=\"text-align: center\"><strong>NOTES DU C\u0152UR<\/strong><\/p>\n<p style=\"text-align: center\"><em>Jasmin \u00e9toil\u00e9, Fleur de Lotus<\/em><\/p>\n<p style=\"text-align: center\"><strong>NOTES DE FOND<\/strong><\/p>\n<p style=\"text-align: center\"><em>Musc Cristallin, Bois de C\u00e8dre Blanc<\/em><\/p>\n<p>&nbsp;<\/p>\n<p><strong>LA FRAGRANCE<\/strong><\/p>\n<p>Suu\u2026 by Masaki Matsushima est une fragrance qui incarne la tranquillit\u00e9 et l\u2019\u00e9l\u00e9gance. Cr\u00e9\u00e9e par le parfumeur Jean Jacques, elle vous invite \u00e0 vivre un moment de pure s\u00e9r\u00e9nit\u00e9. Inspir\u00e9e par la simplicit\u00e9 d\u2019un \u00e9tat d\u2019esprit zen, cette senteur \u00e9voque une bouff\u00e9e d\u2019air frais apaisante.<\/p>\n<p>La fragrance s\u2019ouvre sur une explosion d\u2019\u00e9nergie. Le nashi juteux s\u2019associe \u00e0 l\u2019\u00e9clat zest\u00e9 du boongon et \u00e0 la douceur exotique du carambole, offrant une introduction vive et stimulante. Ensemble, ces fruits \u00e9veillent les sens et instaurent une tonalit\u00e9 vibrante.<\/p>\n<p>\u00c0 mesure que le parfum \u00e9volue, le c\u0153ur r\u00e9v\u00e8le une douceur florale d\u00e9licate. Le jasmin \u00e9toil\u00e9 f\u00e9minin et l\u2019essence apaisante de fleur de lotus s\u2019\u00e9panouissent harmonieusement, apportant une dimension \u00e9l\u00e9gante et a\u00e9rienne. Ces notes florales \u00e9voquent une sensation de paix, comme une promenade dans un jardin paisible au printemps.<\/p>\n<p>Enfin, le fond apporte \u00e9quilibre et apaisement. Le musc cristallin enveloppe la composition d\u2019une chaleur douce et poudr\u00e9e, tandis que le bois de c\u00e8dre blanc apporte une profondeur bois\u00e9e et structurante. Cette alliance cr\u00e9e une impression durable d\u2019harmonie, m\u00ealant fra\u00eecheur et r\u00e9confort.<\/p>\n<p>Suu\u2026 est un choix id\u00e9al pour celles et ceux qui recherchent un parfum \u00e0 la fois \u00e9nergisant et apaisant. Ses fruits \u00e9clatants, ses fleurs d\u00e9licates et son fond serein s\u2019unissent avec fluidit\u00e9 pour offrir une fragrance \u00e0 la fois vivifiante et r\u00e9confortante. Port\u00e9 au quotidien ou lors de moments particuliers, Suu\u2026 capture la beaut\u00e9 de l\u2019\u00e9quilibre et de la simplicit\u00e9 \u00e0 chaque vaporisation.<\/p>\n<p>Parfumeur :<strong> Jean Jacques<\/strong><\/p>\n<p>Designer: <a href=\"https:\/\/www.masaki-parfums.com\/fr\/universe\/\"><strong>Masaki Matsushima<\/strong><\/a><\/p>\n<p><span style=\"font-weight: 400\">Vaporisateur Naturel : 80ml \/ 2.7 oz | 40ml \/ 1.4 oz | 10ml \/ 0.3 oz | 1ml \/ 0.03 oz<\/span><\/p>","protected":false},"excerpt":{"rendered":"<p><strong>LE CONCEPT<\/strong><\/p>\n<p>Inspirez profond\u00e9ment : Suu... en japonais. Masak\u00ef puise dans l'essence de la vie pour cr\u00e9er un parfum f\u00e9minin qui s'inspire de l'\u00e9l\u00e9ment air.<\/p>\n<p>Le design du flacon refl\u00e8te cette philosophie : ressemblant \u00e0 une bouche ouverte dans une position respiratoire \u00e9quilibr\u00e9e, il exprime la volont\u00e9 de distribuer de l'air partout o\u00f9 cela est n\u00e9cessaire. Les couleurs de base \u00e9voquent des sentiments de s\u00e9r\u00e9nit\u00e9, renfor\u00e7ant encore le lien du parfum avec les pratiques spirituelles et la tranquillit\u00e9.<\/p>","protected":false},"featured_media":5752,"template":"","meta":{"_acf_changed":false,"jetpack_post_was_ever_published":false,"jetpack_publicize_message":"","jetpack_publicize_feature_enabled":true,"jetpack_social_post_already_shared":true,"jetpack_social_options":{"image_generator_settings":{"template":"highway","default_image_id":0,"font":"","enabled":false},"version":2}},"product_brand":[],"product_cat":[135],"product_tag":[],"class_list":{"0":"post-2039","1":"product","2":"type-product","3":"status-publish","4":"has-post-thumbnail","6":"product_cat-feminine","8":"first","9":"instock","10":"taxable","11":"shipping-taxable","12":"purchasable","13":"product-type-variable","14":"has-default-attributes"},"acf":[],"yoast_head":"<!-- This site is optimized with the Yoast SEO Premium plugin v24.7 (Yoast SEO v27.5) - https:\/\/yoast.com\/product\/yoast-seo-premium-wordpress\/ -->\n<title>Suu... - Fragrance by Masak\u00ef Parfums<\/title>\n<meta name=\"description\" content=\"Discover Suu... by Masak\u00ef Parfums: An opening of exotic, juicy fruits with a delicate floral heart - Available on the Official Masak\u00ef Online Boutique\" \/>\n<meta name=\"robots\" content=\"index, follow, max-snippet:-1, max-image-preview:large, max-video-preview:-1\" \/>\n<link rel=\"canonical\" href=\"https:\/\/www.masaki-parfums.com\/fr\/shop\/suu\/\" \/>\n<meta property=\"og:locale\" content=\"fr_FR\" \/>\n<meta property=\"og:type\" content=\"article\" \/>\n<meta property=\"og:title\" content=\"Suu...\" \/>\n<meta property=\"og:description\" content=\"Discover Suu... by Masak\u00ef Parfums: An opening of exotic, juicy fruits with a delicate floral heart - Available on the Official Masak\u00ef Online Boutique\" \/>\n<meta property=\"og:url\" content=\"https:\/\/www.masaki-parfums.com\/fr\/shop\/suu\/\" \/>\n<meta property=\"og:site_name\" content=\"Masak\u00ef Parfums\" \/>\n<meta property=\"article:modified_time\" content=\"2025-06-03T12:49:17+00:00\" \/>\n<meta property=\"og:image\" content=\"https:\/\/www.masaki-parfums.com\/wp-content\/uploads\/2024\/04\/HD-Suu-80ml-scaled.webp\" \/>\n\t<meta property=\"og:image:width\" content=\"2560\" \/>\n\t<meta property=\"og:image:height\" content=\"2560\" \/>\n\t<meta property=\"og:image:type\" content=\"image\/webp\" \/>\n<meta name=\"twitter:card\" content=\"summary_large_image\" \/>\n<meta name=\"twitter:label1\" content=\"Dur\u00e9e de lecture estim\u00e9e\" \/>\n\t<meta name=\"twitter:data1\" content=\"2 minutes\" \/>\n<script type=\"application\/ld+json\" class=\"yoast-schema-graph\">{\"@context\":\"https:\\\/\\\/schema.org\",\"@graph\":[{\"@type\":\"WebPage\",\"@id\":\"https:\\\/\\\/www.masaki-parfums.com\\\/shop\\\/suu\\\/\",\"url\":\"https:\\\/\\\/www.masaki-parfums.com\\\/shop\\\/suu\\\/\",\"name\":\"Suu... - Fragrance by Masak\u00ef Parfums\",\"isPartOf\":{\"@id\":\"https:\\\/\\\/www.masaki-parfums.com\\\/#website\"},\"primaryImageOfPage\":{\"@id\":\"https:\\\/\\\/www.masaki-parfums.com\\\/shop\\\/suu\\\/#primaryimage\"},\"image\":{\"@id\":\"https:\\\/\\\/www.masaki-parfums.com\\\/shop\\\/suu\\\/#primaryimage\"},\"thumbnailUrl\":\"https:\\\/\\\/i0.wp.com\\\/www.masaki-parfums.com\\\/wp-content\\\/uploads\\\/2024\\\/04\\\/HD-Suu-80ml-scaled.webp?fit=2560%2C2560&ssl=1\",\"datePublished\":\"2018-03-10T20:59:14+00:00\",\"dateModified\":\"2025-06-03T12:49:17+00:00\",\"description\":\"Discover Suu... by Masak\u00ef Parfums: An opening of exotic, juicy fruits with a delicate floral heart - Available on the Official Masak\u00ef Online Boutique\",\"breadcrumb\":{\"@id\":\"https:\\\/\\\/www.masaki-parfums.com\\\/shop\\\/suu\\\/#breadcrumb\"},\"inLanguage\":\"fr-FR\",\"potentialAction\":[{\"@type\":\"ReadAction\",\"target\":[\"https:\\\/\\\/www.masaki-parfums.com\\\/shop\\\/suu\\\/\"]}]},{\"@type\":\"ImageObject\",\"inLanguage\":\"fr-FR\",\"@id\":\"https:\\\/\\\/www.masaki-parfums.com\\\/shop\\\/suu\\\/#primaryimage\",\"url\":\"https:\\\/\\\/i0.wp.com\\\/www.masaki-parfums.com\\\/wp-content\\\/uploads\\\/2024\\\/04\\\/HD-Suu-80ml-scaled.webp?fit=2560%2C2560&ssl=1\",\"contentUrl\":\"https:\\\/\\\/i0.wp.com\\\/www.masaki-parfums.com\\\/wp-content\\\/uploads\\\/2024\\\/04\\\/HD-Suu-80ml-scaled.webp?fit=2560%2C2560&ssl=1\",\"width\":2560,\"height\":2560,\"caption\":\"Suu Masaki Paris Parfums\"},{\"@type\":\"BreadcrumbList\",\"@id\":\"https:\\\/\\\/www.masaki-parfums.com\\\/shop\\\/suu\\\/#breadcrumb\",\"itemListElement\":[{\"@type\":\"ListItem\",\"position\":1,\"name\":\"Home\",\"item\":\"https:\\\/\\\/www.masaki-parfums.com\\\/\"},{\"@type\":\"ListItem\",\"position\":2,\"name\":\"Products\",\"item\":\"https:\\\/\\\/www.masaki-parfums.com\\\/eshop\\\/\"},{\"@type\":\"ListItem\",\"position\":3,\"name\":\"Suu&#8230;\"}]},{\"@type\":\"WebSite\",\"@id\":\"https:\\\/\\\/www.masaki-parfums.com\\\/#website\",\"url\":\"https:\\\/\\\/www.masaki-parfums.com\\\/\",\"name\":\"Masak\u00ef Parfums\",\"description\":\"Official Store\",\"publisher\":{\"@id\":\"https:\\\/\\\/www.masaki-parfums.com\\\/#organization\"},\"potentialAction\":[{\"@type\":\"SearchAction\",\"target\":{\"@type\":\"EntryPoint\",\"urlTemplate\":\"https:\\\/\\\/www.masaki-parfums.com\\\/?s={search_term_string}\"},\"query-input\":{\"@type\":\"PropertyValueSpecification\",\"valueRequired\":true,\"valueName\":\"search_term_string\"}}],\"inLanguage\":\"fr-FR\"},{\"@type\":\"Organization\",\"@id\":\"https:\\\/\\\/www.masaki-parfums.com\\\/#organization\",\"name\":\"Masak\u00ef Parfums\",\"url\":\"https:\\\/\\\/www.masaki-parfums.com\\\/\",\"logo\":{\"@type\":\"ImageObject\",\"inLanguage\":\"fr-FR\",\"@id\":\"https:\\\/\\\/www.masaki-parfums.com\\\/#\\\/schema\\\/logo\\\/image\\\/\",\"url\":\"https:\\\/\\\/i0.wp.com\\\/www.masaki-parfums.com\\\/wp-content\\\/uploads\\\/2023\\\/10\\\/logo-masaki-350x350-1.png?fit=350%2C350&ssl=1\",\"contentUrl\":\"https:\\\/\\\/i0.wp.com\\\/www.masaki-parfums.com\\\/wp-content\\\/uploads\\\/2023\\\/10\\\/logo-masaki-350x350-1.png?fit=350%2C350&ssl=1\",\"width\":350,\"height\":350,\"caption\":\"Masak\u00ef Parfums\"},\"image\":{\"@id\":\"https:\\\/\\\/www.masaki-parfums.com\\\/#\\\/schema\\\/logo\\\/image\\\/\"}}]}<\/script>\n<!-- \/ Yoast SEO Premium plugin. -->","yoast_head_json":{"title":"Suu... - Fragrance by Masak\u00ef Parfums","description":"Discover Suu... by Masak\u00ef Parfums: An opening of exotic, juicy fruits with a delicate floral heart - Available on the Official Masak\u00ef Online Boutique","robots":{"index":"index","follow":"follow","max-snippet":"max-snippet:-1","max-image-preview":"max-image-preview:large","max-video-preview":"max-video-preview:-1"},"canonical":"https:\/\/www.masaki-parfums.com\/fr\/shop\/suu\/","og_locale":"fr_FR","og_type":"article","og_title":"Suu...","og_description":"Discover Suu... by Masak\u00ef Parfums: An opening of exotic, juicy fruits with a delicate floral heart - Available on the Official Masak\u00ef Online Boutique","og_url":"https:\/\/www.masaki-parfums.com\/fr\/shop\/suu\/","og_site_name":"Masak\u00ef Parfums","article_modified_time":"2025-06-03T12:49:17+00:00","og_image":[{"width":2560,"height":2560,"url":"https:\/\/www.masaki-parfums.com\/wp-content\/uploads\/2024\/04\/HD-Suu-80ml-scaled.webp","type":"image\/webp"}],"twitter_card":"summary_large_image","twitter_misc":{"Dur\u00e9e de lecture estim\u00e9e":"2 minutes"},"schema":{"@context":"https:\/\/schema.org","@graph":[{"@type":"WebPage","@id":"https:\/\/www.masaki-parfums.com\/shop\/suu\/","url":"https:\/\/www.masaki-parfums.com\/shop\/suu\/","name":"Suu... - Fragrance by Masak\u00ef Parfums","isPartOf":{"@id":"https:\/\/www.masaki-parfums.com\/#website"},"primaryImageOfPage":{"@id":"https:\/\/www.masaki-parfums.com\/shop\/suu\/#primaryimage"},"image":{"@id":"https:\/\/www.masaki-parfums.com\/shop\/suu\/#primaryimage"},"thumbnailUrl":"https:\/\/i0.wp.com\/www.masaki-parfums.com\/wp-content\/uploads\/2024\/04\/HD-Suu-80ml-scaled.webp?fit=2560%2C2560&ssl=1","datePublished":"2018-03-10T20:59:14+00:00","dateModified":"2025-06-03T12:49:17+00:00","description":"Discover Suu... by Masak\u00ef Parfums: An opening of exotic, juicy fruits with a delicate floral heart - Available on the Official Masak\u00ef Online Boutique","breadcrumb":{"@id":"https:\/\/www.masaki-parfums.com\/shop\/suu\/#breadcrumb"},"inLanguage":"fr-FR","potentialAction":[{"@type":"ReadAction","target":["https:\/\/www.masaki-parfums.com\/shop\/suu\/"]}]},{"@type":"ImageObject","inLanguage":"fr-FR","@id":"https:\/\/www.masaki-parfums.com\/shop\/suu\/#primaryimage","url":"https:\/\/i0.wp.com\/www.masaki-parfums.com\/wp-content\/uploads\/2024\/04\/HD-Suu-80ml-scaled.webp?fit=2560%2C2560&ssl=1","contentUrl":"https:\/\/i0.wp.com\/www.masaki-parfums.com\/wp-content\/uploads\/2024\/04\/HD-Suu-80ml-scaled.webp?fit=2560%2C2560&ssl=1","width":2560,"height":2560,"caption":"Suu Masaki Paris Parfums"},{"@type":"BreadcrumbList","@id":"https:\/\/www.masaki-parfums.com\/shop\/suu\/#breadcrumb","itemListElement":[{"@type":"ListItem","position":1,"name":"Home","item":"https:\/\/www.masaki-parfums.com\/"},{"@type":"ListItem","position":2,"name":"Products","item":"https:\/\/www.masaki-parfums.com\/eshop\/"},{"@type":"ListItem","position":3,"name":"Suu&#8230;"}]},{"@type":"WebSite","@id":"https:\/\/www.masaki-parfums.com\/#website","url":"https:\/\/www.masaki-parfums.com\/","name":"Masak\u00ef Parfums","description":"Official Store","publisher":{"@id":"https:\/\/www.masaki-parfums.com\/#organization"},"potentialAction":[{"@type":"SearchAction","target":{"@type":"EntryPoint","urlTemplate":"https:\/\/www.masaki-parfums.com\/?s={search_term_string}"},"query-input":{"@type":"PropertyValueSpecification","valueRequired":true,"valueName":"search_term_string"}}],"inLanguage":"fr-FR"},{"@type":"Organization","@id":"https:\/\/www.masaki-parfums.com\/#organization","name":"Masak\u00ef Parfums","url":"https:\/\/www.masaki-parfums.com\/","logo":{"@type":"ImageObject","inLanguage":"fr-FR","@id":"https:\/\/www.masaki-parfums.com\/#\/schema\/logo\/image\/","url":"https:\/\/i0.wp.com\/www.masaki-parfums.com\/wp-content\/uploads\/2023\/10\/logo-masaki-350x350-1.png?fit=350%2C350&ssl=1","contentUrl":"https:\/\/i0.wp.com\/www.masaki-parfums.com\/wp-content\/uploads\/2023\/10\/logo-masaki-350x350-1.png?fit=350%2C350&ssl=1","width":350,"height":350,"caption":"Masak\u00ef Parfums"},"image":{"@id":"https:\/\/www.masaki-parfums.com\/#\/schema\/logo\/image\/"}}]}},"jetpack_publicize_connections":[],"jetpack_sharing_enabled":true,"jetpack_likes_enabled":true,"_links":{"self":[{"href":"https:\/\/www.masaki-parfums.com\/fr\/wp-json\/wp\/v2\/product\/2039","targetHints":{"allow":["GET"]}}],"collection":[{"href":"https:\/\/www.masaki-parfums.com\/fr\/wp-json\/wp\/v2\/product"}],"about":[{"href":"https:\/\/www.masaki-parfums.com\/fr\/wp-json\/wp\/v2\/types\/product"}],"wp:featuredmedia":[{"embeddable":true,"href":"https:\/\/www.masaki-parfums.com\/fr\/wp-json\/wp\/v2\/media\/5752"}],"wp:attachment":[{"href":"https:\/\/www.masaki-parfums.com\/fr\/wp-json\/wp\/v2\/media?parent=2039"}],"wp:term":[{"taxonomy":"product_brand","embeddable":true,"href":"https:\/\/www.masaki-parfums.com\/fr\/wp-json\/wp\/v2\/product_brand?post=2039"},{"taxonomy":"product_cat","embeddable":true,"href":"https:\/\/www.masaki-parfums.com\/fr\/wp-json\/wp\/v2\/product_cat?post=2039"},{"taxonomy":"product_tag","embeddable":true,"href":"https:\/\/www.masaki-parfums.com\/fr\/wp-json\/wp\/v2\/product_tag?post=2039"}],"curies":[{"name":"wp","href":"https:\/\/api.w.org\/{rel}","templated":true}]}}