{"id":2063,"date":"2018-03-10T21:07:25","date_gmt":"2018-03-10T21:07:25","guid":{"rendered":"https:\/\/masaki-parfums.com\/wordpress\/?post_type=product&#038;p=2063"},"modified":"2025-02-05T16:39:27","modified_gmt":"2025-02-05T15:39:27","slug":"mat-stone","status":"publish","type":"product","link":"https:\/\/www.masaki-parfums.com\/fr\/shop\/mat-stone\/","title":{"rendered":"mat; Stone"},"content":{"rendered":"<div>\n<p style=\"text-align: center\"><strong>NOTES DE T\u00caTE<\/strong><\/p>\n<p style=\"text-align: center\"><em>Citron Vert, Cardamome, Ang\u00e9lique, Fra\u00eecheur Marine<\/em><\/p>\n<p style=\"text-align: center\"><strong>NOTES DU C\u0152UR<\/strong><\/p>\n<p style=\"text-align: center\"><em>Accords Fusing Woods, Accord Mojito, Feuille de Violette<\/em><\/p>\n<p style=\"text-align: center\"><strong>NOTES DE FOND<\/strong><\/p>\n<p style=\"text-align: center\"><em>Bois de Cachemire, Musc Min\u00e9ral<\/em><\/p>\n<p>&nbsp;<\/p>\n<h4><strong>LA FRAGRANCE<\/strong><\/h4>\n<p>mat; Stone by Masaki Matsushima puise son inspiration dans l\u2019\u00e9l\u00e9gance intemporelle du marbre. Ce mat\u00e9riau, v\u00e9n\u00e9r\u00e9 par les Grecs et les Romains de l\u2019Antiquit\u00e9, symbolise la force et la beaut\u00e9. La fragrance r\u00e9interpr\u00e8te la surface lisse et froide du marbre en une fra\u00eecheur min\u00e9rale contemporaine. Cr\u00e9\u00e9e par le parfumeur Jean Jacques, mat; Stone incarne une sophistication moderne et une confiance discr\u00e8te.<\/p>\n<p>La fragrance s\u2019ouvre sur une explosion d\u2019\u00e9nergie rafra\u00eechissante. Tout d\u2019abord, un accord marin min\u00e9ral s\u2019associe \u00e0 la vivacit\u00e9 du citron vert et \u00e0 la chaleur \u00e9pic\u00e9e de la cardamome, offrant une ouverture dynamique et cristalline. Puis, l\u2019ang\u00e9lique apporte une profondeur terreuse, \u00e9quilibrant l\u2019\u00e9clat des agrumes par une touche subtilement herbac\u00e9e. Ensemble, ces notes cr\u00e9ent une introduction \u00e0 la fois fra\u00eeche et vivifiante.<\/p>\n<p>\u00c0 mesure que le parfum \u00e9volue, le c\u0153ur d\u00e9voile un jeu de contrastes. La feuille de violette apporte une fra\u00eecheur verte et a\u00e9rienne, sublim\u00e9e par l\u2019\u00e9clat givr\u00e9 d\u2019un accord mojito, \u00e0 la fois frais et p\u00e9tillant. Parall\u00e8lement, les accords bois\u00e9s fusionn\u00e9s apportent une profondeur chaleureuse, cr\u00e9ant un \u00e9quilibre parfait entre fra\u00eecheur et chaleur.<\/p>\n<p>Enfin, le fond laisse une empreinte durable, m\u00ealant douceur et force. Le musc min\u00e9ral renforce la puret\u00e9 de la composition, rappelant la douceur du marbre poli. Les bois de cachemire enveloppent ensuite la fragrance d\u2019une chaleur velout\u00e9e, ancrant l\u2019ensemble dans une \u00e9l\u00e9gance subtile.<\/p>\n<p>mat; Stone est une fragrance de contrastes : fra\u00eeche mais chaleureuse, douce mais affirm\u00e9e. Id\u00e9ale pour l\u2019homme moderne, elle capture l\u2019essence d\u2019une sophistication discr\u00e8te. \u00c0 l\u2019image du marbre, ce parfum est intemporel, saisissant et profond\u00e9ment m\u00e9morable.<\/p>\n<p>Parfumeur : <strong>Jean Jacques<\/strong><\/p>\n<p>Designer: <a href=\"https:\/\/www.masaki-parfums.com\/fr\/universe\/\"><strong>Masaki Matsushima<\/strong><\/a><\/p>\n<p><span style=\"font-weight: 400\">Vaporisateur Naturel :  80ml \/ 2.7 oz | 40ml \/ 1.4 oz | 1ml \/ 0.03 oz<\/span><\/p>\n<\/div>\n<div><\/div>","protected":false},"excerpt":{"rendered":"<p><strong><img fetchpriority=\"high\" decoding=\"async\" class=\"wp-image-5377 aligncenter\" src=\"https:\/\/www.masaki-parfums.com\/wp-content\/uploads\/2024\/03\/4.png\" alt=\"\" width=\"955\" height=\"955\" srcset=\"https:\/\/i0.wp.com\/www.masaki-parfums.com\/wp-content\/uploads\/2024\/03\/4.png?w=1080&amp;ssl=1 1080w, https:\/\/i0.wp.com\/www.masaki-parfums.com\/wp-content\/uploads\/2024\/03\/4.png?resize=12%2C12&amp;ssl=1 12w, https:\/\/i0.wp.com\/www.masaki-parfums.com\/wp-content\/uploads\/2024\/03\/4.png?resize=300%2C300&amp;ssl=1 300w, https:\/\/i0.wp.com\/www.masaki-parfums.com\/wp-content\/uploads\/2024\/03\/4.png?resize=600%2C600&amp;ssl=1 600w, https:\/\/i0.wp.com\/www.masaki-parfums.com\/wp-content\/uploads\/2024\/03\/4.png?resize=100%2C100&amp;ssl=1 100w\" sizes=\"(max-width: 955px) 100vw, 955px\" \/><\/strong><\/p>\n<p><strong>LE CONCEPT<\/strong><\/p>\n<p>Le marbre, v\u00e9n\u00e9r\u00e9 pour sa pr\u00e9ciosit\u00e9 et son luxe, a \u00e9t\u00e9 la pierre angulaire de l'art sculptural et de l'architecture durable, notamment dans les chefs-d'\u0153uvre grecs et romains.<\/p>\n<p>S'inspirant de ce mat\u00e9riau pr\u00e9cieux, Masak\u00ef Matsush\u00efma en explore les variations nuanc\u00e9es dans la cr\u00e9ation de la nouvelle ligne de parfums masculins : mat; Stone. Ce parfum distinctif incarne l'essence d'une personne qui respire la confiance, l'audace et l'intelligence.<\/p>\n<p>Tout comme la pierre noble elle-m\u00eame, ce parfum incarne la force et la s\u00e9r\u00e9nit\u00e9, refl\u00e9tant l'attitude positive et la d\u00e9termination in\u00e9branlable de la personne qui le porte dans tous les aspects de la vie. Avec son allure passionn\u00e9e et s\u00e9duisante, mat ; Stone \u00e9l\u00e8ve la pr\u00e9sence de la personne qui le porte, lui conf\u00e9rant une aura d'\u00e9l\u00e9gance et de sensualit\u00e9 qui laisse une impression durable.<\/p>","protected":false},"featured_media":5235,"template":"","meta":{"_acf_changed":false,"jetpack_post_was_ever_published":false,"jetpack_publicize_message":"","jetpack_publicize_feature_enabled":true,"jetpack_social_post_already_shared":true,"jetpack_social_options":{"image_generator_settings":{"template":"highway","default_image_id":0,"font":"","enabled":false},"version":2}},"product_brand":[],"product_cat":[136],"product_tag":[],"class_list":{"0":"post-2063","1":"product","2":"type-product","3":"status-publish","4":"has-post-thumbnail","6":"product_cat-masculine-fragrances","8":"first","9":"instock","10":"taxable","11":"shipping-taxable","12":"purchasable","13":"product-type-variable","14":"has-default-attributes"},"acf":[],"yoast_head":"<!-- This site is optimized with the Yoast SEO Premium plugin v24.7 (Yoast SEO v27.5) - https:\/\/yoast.com\/product\/yoast-seo-premium-wordpress\/ -->\n<title>mat; Stone - Masak\u00ef Parfums<\/title>\n<meta name=\"description\" content=\"Discover mat; Stone : Lime, cardamom, marine freshness, fusing woods, mojito accord, cashmere woods, mineral musk. Perfumed by Jean Jacques - Now Available!\" \/>\n<meta name=\"robots\" content=\"index, follow, max-snippet:-1, max-image-preview:large, max-video-preview:-1\" \/>\n<link rel=\"canonical\" href=\"https:\/\/www.masaki-parfums.com\/fr\/shop\/mat-stone\/\" \/>\n<meta property=\"og:locale\" content=\"fr_FR\" \/>\n<meta property=\"og:type\" content=\"article\" \/>\n<meta property=\"og:title\" content=\"mat; Stone\" \/>\n<meta property=\"og:description\" content=\"Discover mat; Stone : Lime, cardamom, marine freshness, fusing woods, mojito accord, cashmere woods, mineral musk. Perfumed by Jean Jacques - Now Available!\" \/>\n<meta property=\"og:url\" content=\"https:\/\/www.masaki-parfums.com\/fr\/shop\/mat-stone\/\" \/>\n<meta property=\"og:site_name\" content=\"Masak\u00ef Parfums\" \/>\n<meta property=\"article:modified_time\" content=\"2025-02-05T15:39:27+00:00\" \/>\n<meta property=\"og:image\" content=\"https:\/\/www.masaki-parfums.com\/wp-content\/uploads\/2024\/03\/HD-mat-Stone-80ml-scaled.webp\" \/>\n\t<meta property=\"og:image:width\" content=\"2560\" \/>\n\t<meta property=\"og:image:height\" content=\"2560\" \/>\n\t<meta property=\"og:image:type\" content=\"image\/webp\" \/>\n<meta name=\"twitter:card\" content=\"summary_large_image\" \/>\n<meta name=\"twitter:label1\" content=\"Dur\u00e9e de lecture estim\u00e9e\" \/>\n\t<meta name=\"twitter:data1\" content=\"2 minutes\" \/>\n<script type=\"application\/ld+json\" class=\"yoast-schema-graph\">{\"@context\":\"https:\\\/\\\/schema.org\",\"@graph\":[{\"@type\":\"WebPage\",\"@id\":\"https:\\\/\\\/www.masaki-parfums.com\\\/shop\\\/mat-stone\\\/\",\"url\":\"https:\\\/\\\/www.masaki-parfums.com\\\/shop\\\/mat-stone\\\/\",\"name\":\"mat; Stone - Masak\u00ef Parfums\",\"isPartOf\":{\"@id\":\"https:\\\/\\\/www.masaki-parfums.com\\\/#website\"},\"primaryImageOfPage\":{\"@id\":\"https:\\\/\\\/www.masaki-parfums.com\\\/shop\\\/mat-stone\\\/#primaryimage\"},\"image\":{\"@id\":\"https:\\\/\\\/www.masaki-parfums.com\\\/shop\\\/mat-stone\\\/#primaryimage\"},\"thumbnailUrl\":\"https:\\\/\\\/i0.wp.com\\\/www.masaki-parfums.com\\\/wp-content\\\/uploads\\\/2024\\\/03\\\/HD-mat-Stone-80ml-scaled.webp?fit=2560%2C2560&ssl=1\",\"datePublished\":\"2018-03-10T21:07:25+00:00\",\"dateModified\":\"2025-02-05T15:39:27+00:00\",\"description\":\"Discover mat; Stone : Lime, cardamom, marine freshness, fusing woods, mojito accord, cashmere woods, mineral musk. Perfumed by Jean Jacques - Now Available!\",\"breadcrumb\":{\"@id\":\"https:\\\/\\\/www.masaki-parfums.com\\\/shop\\\/mat-stone\\\/#breadcrumb\"},\"inLanguage\":\"fr-FR\",\"potentialAction\":[{\"@type\":\"ReadAction\",\"target\":[\"https:\\\/\\\/www.masaki-parfums.com\\\/shop\\\/mat-stone\\\/\"]}]},{\"@type\":\"ImageObject\",\"inLanguage\":\"fr-FR\",\"@id\":\"https:\\\/\\\/www.masaki-parfums.com\\\/shop\\\/mat-stone\\\/#primaryimage\",\"url\":\"https:\\\/\\\/i0.wp.com\\\/www.masaki-parfums.com\\\/wp-content\\\/uploads\\\/2024\\\/03\\\/HD-mat-Stone-80ml-scaled.webp?fit=2560%2C2560&ssl=1\",\"contentUrl\":\"https:\\\/\\\/i0.wp.com\\\/www.masaki-parfums.com\\\/wp-content\\\/uploads\\\/2024\\\/03\\\/HD-mat-Stone-80ml-scaled.webp?fit=2560%2C2560&ssl=1\",\"width\":2560,\"height\":2560,\"caption\":\"Mat; Stone Fragrance Masaki Paris Parfums\"},{\"@type\":\"BreadcrumbList\",\"@id\":\"https:\\\/\\\/www.masaki-parfums.com\\\/shop\\\/mat-stone\\\/#breadcrumb\",\"itemListElement\":[{\"@type\":\"ListItem\",\"position\":1,\"name\":\"Home\",\"item\":\"https:\\\/\\\/www.masaki-parfums.com\\\/\"},{\"@type\":\"ListItem\",\"position\":2,\"name\":\"Products\",\"item\":\"https:\\\/\\\/www.masaki-parfums.com\\\/eshop\\\/\"},{\"@type\":\"ListItem\",\"position\":3,\"name\":\"mat; Stone\"}]},{\"@type\":\"WebSite\",\"@id\":\"https:\\\/\\\/www.masaki-parfums.com\\\/#website\",\"url\":\"https:\\\/\\\/www.masaki-parfums.com\\\/\",\"name\":\"Masak\u00ef Parfums\",\"description\":\"Official Store\",\"publisher\":{\"@id\":\"https:\\\/\\\/www.masaki-parfums.com\\\/#organization\"},\"potentialAction\":[{\"@type\":\"SearchAction\",\"target\":{\"@type\":\"EntryPoint\",\"urlTemplate\":\"https:\\\/\\\/www.masaki-parfums.com\\\/?s={search_term_string}\"},\"query-input\":{\"@type\":\"PropertyValueSpecification\",\"valueRequired\":true,\"valueName\":\"search_term_string\"}}],\"inLanguage\":\"fr-FR\"},{\"@type\":\"Organization\",\"@id\":\"https:\\\/\\\/www.masaki-parfums.com\\\/#organization\",\"name\":\"Masak\u00ef Parfums\",\"url\":\"https:\\\/\\\/www.masaki-parfums.com\\\/\",\"logo\":{\"@type\":\"ImageObject\",\"inLanguage\":\"fr-FR\",\"@id\":\"https:\\\/\\\/www.masaki-parfums.com\\\/#\\\/schema\\\/logo\\\/image\\\/\",\"url\":\"https:\\\/\\\/i0.wp.com\\\/www.masaki-parfums.com\\\/wp-content\\\/uploads\\\/2023\\\/10\\\/logo-masaki-350x350-1.png?fit=350%2C350&ssl=1\",\"contentUrl\":\"https:\\\/\\\/i0.wp.com\\\/www.masaki-parfums.com\\\/wp-content\\\/uploads\\\/2023\\\/10\\\/logo-masaki-350x350-1.png?fit=350%2C350&ssl=1\",\"width\":350,\"height\":350,\"caption\":\"Masak\u00ef Parfums\"},\"image\":{\"@id\":\"https:\\\/\\\/www.masaki-parfums.com\\\/#\\\/schema\\\/logo\\\/image\\\/\"}}]}<\/script>\n<!-- \/ Yoast SEO Premium plugin. -->","yoast_head_json":{"title":"mat; Stone - Masak\u00ef Parfums","description":"Discover mat; Stone : Lime, cardamom, marine freshness, fusing woods, mojito accord, cashmere woods, mineral musk. Perfumed by Jean Jacques - Now Available!","robots":{"index":"index","follow":"follow","max-snippet":"max-snippet:-1","max-image-preview":"max-image-preview:large","max-video-preview":"max-video-preview:-1"},"canonical":"https:\/\/www.masaki-parfums.com\/fr\/shop\/mat-stone\/","og_locale":"fr_FR","og_type":"article","og_title":"mat; Stone","og_description":"Discover mat; Stone : Lime, cardamom, marine freshness, fusing woods, mojito accord, cashmere woods, mineral musk. Perfumed by Jean Jacques - Now Available!","og_url":"https:\/\/www.masaki-parfums.com\/fr\/shop\/mat-stone\/","og_site_name":"Masak\u00ef Parfums","article_modified_time":"2025-02-05T15:39:27+00:00","og_image":[{"width":2560,"height":2560,"url":"https:\/\/www.masaki-parfums.com\/wp-content\/uploads\/2024\/03\/HD-mat-Stone-80ml-scaled.webp","type":"image\/webp"}],"twitter_card":"summary_large_image","twitter_misc":{"Dur\u00e9e de lecture estim\u00e9e":"2 minutes"},"schema":{"@context":"https:\/\/schema.org","@graph":[{"@type":"WebPage","@id":"https:\/\/www.masaki-parfums.com\/shop\/mat-stone\/","url":"https:\/\/www.masaki-parfums.com\/shop\/mat-stone\/","name":"mat; Stone - Masak\u00ef Parfums","isPartOf":{"@id":"https:\/\/www.masaki-parfums.com\/#website"},"primaryImageOfPage":{"@id":"https:\/\/www.masaki-parfums.com\/shop\/mat-stone\/#primaryimage"},"image":{"@id":"https:\/\/www.masaki-parfums.com\/shop\/mat-stone\/#primaryimage"},"thumbnailUrl":"https:\/\/i0.wp.com\/www.masaki-parfums.com\/wp-content\/uploads\/2024\/03\/HD-mat-Stone-80ml-scaled.webp?fit=2560%2C2560&ssl=1","datePublished":"2018-03-10T21:07:25+00:00","dateModified":"2025-02-05T15:39:27+00:00","description":"Discover mat; Stone : Lime, cardamom, marine freshness, fusing woods, mojito accord, cashmere woods, mineral musk. Perfumed by Jean Jacques - Now Available!","breadcrumb":{"@id":"https:\/\/www.masaki-parfums.com\/shop\/mat-stone\/#breadcrumb"},"inLanguage":"fr-FR","potentialAction":[{"@type":"ReadAction","target":["https:\/\/www.masaki-parfums.com\/shop\/mat-stone\/"]}]},{"@type":"ImageObject","inLanguage":"fr-FR","@id":"https:\/\/www.masaki-parfums.com\/shop\/mat-stone\/#primaryimage","url":"https:\/\/i0.wp.com\/www.masaki-parfums.com\/wp-content\/uploads\/2024\/03\/HD-mat-Stone-80ml-scaled.webp?fit=2560%2C2560&ssl=1","contentUrl":"https:\/\/i0.wp.com\/www.masaki-parfums.com\/wp-content\/uploads\/2024\/03\/HD-mat-Stone-80ml-scaled.webp?fit=2560%2C2560&ssl=1","width":2560,"height":2560,"caption":"Mat; Stone Fragrance Masaki Paris Parfums"},{"@type":"BreadcrumbList","@id":"https:\/\/www.masaki-parfums.com\/shop\/mat-stone\/#breadcrumb","itemListElement":[{"@type":"ListItem","position":1,"name":"Home","item":"https:\/\/www.masaki-parfums.com\/"},{"@type":"ListItem","position":2,"name":"Products","item":"https:\/\/www.masaki-parfums.com\/eshop\/"},{"@type":"ListItem","position":3,"name":"mat; Stone"}]},{"@type":"WebSite","@id":"https:\/\/www.masaki-parfums.com\/#website","url":"https:\/\/www.masaki-parfums.com\/","name":"Masak\u00ef Parfums","description":"Official Store","publisher":{"@id":"https:\/\/www.masaki-parfums.com\/#organization"},"potentialAction":[{"@type":"SearchAction","target":{"@type":"EntryPoint","urlTemplate":"https:\/\/www.masaki-parfums.com\/?s={search_term_string}"},"query-input":{"@type":"PropertyValueSpecification","valueRequired":true,"valueName":"search_term_string"}}],"inLanguage":"fr-FR"},{"@type":"Organization","@id":"https:\/\/www.masaki-parfums.com\/#organization","name":"Masak\u00ef Parfums","url":"https:\/\/www.masaki-parfums.com\/","logo":{"@type":"ImageObject","inLanguage":"fr-FR","@id":"https:\/\/www.masaki-parfums.com\/#\/schema\/logo\/image\/","url":"https:\/\/i0.wp.com\/www.masaki-parfums.com\/wp-content\/uploads\/2023\/10\/logo-masaki-350x350-1.png?fit=350%2C350&ssl=1","contentUrl":"https:\/\/i0.wp.com\/www.masaki-parfums.com\/wp-content\/uploads\/2023\/10\/logo-masaki-350x350-1.png?fit=350%2C350&ssl=1","width":350,"height":350,"caption":"Masak\u00ef Parfums"},"image":{"@id":"https:\/\/www.masaki-parfums.com\/#\/schema\/logo\/image\/"}}]}},"jetpack_publicize_connections":[],"jetpack_sharing_enabled":true,"jetpack_likes_enabled":true,"_links":{"self":[{"href":"https:\/\/www.masaki-parfums.com\/fr\/wp-json\/wp\/v2\/product\/2063","targetHints":{"allow":["GET"]}}],"collection":[{"href":"https:\/\/www.masaki-parfums.com\/fr\/wp-json\/wp\/v2\/product"}],"about":[{"href":"https:\/\/www.masaki-parfums.com\/fr\/wp-json\/wp\/v2\/types\/product"}],"wp:featuredmedia":[{"embeddable":true,"href":"https:\/\/www.masaki-parfums.com\/fr\/wp-json\/wp\/v2\/media\/5235"}],"wp:attachment":[{"href":"https:\/\/www.masaki-parfums.com\/fr\/wp-json\/wp\/v2\/media?parent=2063"}],"wp:term":[{"taxonomy":"product_brand","embeddable":true,"href":"https:\/\/www.masaki-parfums.com\/fr\/wp-json\/wp\/v2\/product_brand?post=2063"},{"taxonomy":"product_cat","embeddable":true,"href":"https:\/\/www.masaki-parfums.com\/fr\/wp-json\/wp\/v2\/product_cat?post=2063"},{"taxonomy":"product_tag","embeddable":true,"href":"https:\/\/www.masaki-parfums.com\/fr\/wp-json\/wp\/v2\/product_tag?post=2063"}],"curies":[{"name":"wp","href":"https:\/\/api.w.org\/{rel}","templated":true}]}}