{"id":2082,"date":"2018-03-10T21:17:04","date_gmt":"2018-03-10T21:17:04","guid":{"rendered":"https:\/\/masaki-parfums.com\/wordpress\/?post_type=product&#038;p=2082"},"modified":"2025-02-05T16:39:17","modified_gmt":"2025-02-05T15:39:17","slug":"m0c","status":"publish","type":"product","link":"https:\/\/www.masaki-parfums.com\/fr\/shop\/m0c\/","title":{"rendered":"M;0\u00b0C"},"content":{"rendered":"<p style=\"text-align: center\"><strong>NOTES DE T\u00caTE<\/strong><\/p>\n<p style=\"text-align: center\"><em>Accord de Sherbet \u00e0 la Pomme Verte, Jacinthes<\/em><\/p>\n<p style=\"text-align: center\"><strong>NOTES DU C\u0152UR<\/strong><\/p>\n<p style=\"text-align: center\"><em>Accord sur le Cocktail de Chimayo<\/em><\/p>\n<p style=\"text-align: center\"><strong>NOTES DE FOND<\/strong><\/p>\n<p style=\"text-align: center\"><em>Bois de Teck, Musk<\/em><\/p>\n<p>&nbsp;<\/p>\n<p><strong>LA FRAGRANCE<\/strong><\/p>\n<p>M;0\u00b0C est une invitation \u00e0 explorer les sensations de l\u2019extr\u00eame, d\u00e9voilant une fragrance bleu turquoise vive et revitalisante, pens\u00e9e pour allier \u00e9l\u00e9gance et cr\u00e9ativit\u00e9. Enferm\u00e9 dans un flacon givr\u00e9, le parfum affirme imm\u00e9diatement son essence bois\u00e9e-hesp\u00e9rid\u00e9e glac\u00e9e, offrant une \u00e9chapp\u00e9e rafra\u00eechissante vers le froid.<\/p>\n<p>Pour accentuer cet effet glac\u00e9, la fragrance s\u2019ouvre sur une explosion gourmande d\u2019accord sorbet de pomme verte, sublim\u00e9e par la d\u00e9licatesse des jacinthes bleues. Ensemble, ces notes de t\u00eate fra\u00eeches \u00e9voquent une sensation de puret\u00e9 et de nettet\u00e9, capturant la fra\u00eecheur d\u2019une brise nordique. Les notes de musc apportent \u00e9galement une l\u00e9g\u00e8ret\u00e9 a\u00e9rienne, renfor\u00e7ant cette impression de fra\u00eecheur intense.<\/p>\n<p>\u00c0 mesure que la fragrance \u00e9volue, le c\u0153ur s\u2019inspire du c\u00e9l\u00e8bre cocktail Chimayo, m\u00ealant tequila, jus de pomme et citron vert, relev\u00e9 d\u2019une touche glac\u00e9e. Cet accord signature traduit toute l\u2019originalit\u00e9 givr\u00e9e de M;0\u00b0C, insufflant \u00e0 la composition une \u00e9nergie vive et vibrante.<\/p>\n<p>Lorsque le parfum se d\u00e9ploie en fond, le bois de teck apporte une structure bois\u00e9e douce et \u00e9l\u00e9gante, tandis que le musc ajoute profondeur et sensualit\u00e9, cr\u00e9ant un sillage \u00e9quilibr\u00e9 qui prolonge une sensation de chaleur apr\u00e8s la fra\u00eecheur initiale. Ensemble, ces notes composent une finale riche et harmonieuse, offrant complexit\u00e9 et tenue \u00e0 la fragrance.<\/p>\n<p>En d\u00e9finitive, M;0\u00b0C propose une exp\u00e9rience de fra\u00eecheur \u00e9clatante et d\u2019\u00e9nergie cr\u00e9ative, capturant l\u2019essence du froid extr\u00eame et de l\u2019\u00e9l\u00e9gance \u00e0 chaque vaporisation.<\/p>\n<p>Parfumeur : <strong>Jean Jacques<\/strong><\/p>\n<p>Designer: <a href=\"https:\/\/www.masaki-parfums.com\/fr\/universe\/\"><strong>Masaki Matsushima<\/strong><\/a><\/p>\n<p>Vaporisateur Naturel :  80ml \/ 2.7 oz | 40ml \/ 1.4 oz | 1ml \/ 0.03 oz<\/p>","protected":false},"excerpt":{"rendered":"<p><strong>LE CONCEPT<\/strong><\/p>\n<p>Con\u00e7u autour de l'essence du givre, M;0\u00b0C incarne l'essence captivante des royaumes polaires, d\u00e9bordant de vie et d'enchantement. Masak\u00ef Matsush\u00efma nous invite \u00e0 un voyage dans les profondeurs des sensations extr\u00eames.<\/p>\n<p>Vibrante et revitalisante, cette fragrance bleu turquoise incarne l'\u00e9l\u00e9gance et la cr\u00e9ativit\u00e9. Envelopp\u00e9 dans un flacon glac\u00e9, il exhale un ar\u00f4me bois\u00e9 et d'agrumes qui capture l'essence de la fra\u00eecheur glac\u00e9e et de la vivification.<\/p>","protected":false},"featured_media":5518,"template":"","meta":{"_acf_changed":false,"jetpack_post_was_ever_published":false,"jetpack_publicize_message":"","jetpack_publicize_feature_enabled":true,"jetpack_social_post_already_shared":true,"jetpack_social_options":{"image_generator_settings":{"template":"highway","default_image_id":0,"font":"","enabled":false},"version":2}},"product_brand":[],"product_cat":[136],"product_tag":[],"class_list":{"0":"post-2082","1":"product","2":"type-product","3":"status-publish","4":"has-post-thumbnail","6":"product_cat-masculine-fragrances","8":"first","9":"instock","10":"taxable","11":"shipping-taxable","12":"purchasable","13":"product-type-variable","14":"has-default-attributes"},"acf":[],"yoast_head":"<!-- This site is optimized with the Yoast SEO Premium plugin v24.7 (Yoast SEO v27.5) - https:\/\/yoast.com\/product\/yoast-seo-premium-wordpress\/ -->\n<title>M;0\u00b0C - Fragrance by Masak\u00ef Parfums<\/title>\n<meta name=\"description\" content=\"Discover M;0\u00b0C by Masak\u00ef Parfums: a refreshing fragrance with a woody-citrus essence. - Available now on the Official Masak\u00ef Parfums Online Boutique\" \/>\n<meta name=\"robots\" content=\"index, follow, max-snippet:-1, max-image-preview:large, max-video-preview:-1\" \/>\n<link rel=\"canonical\" href=\"https:\/\/www.masaki-parfums.com\/fr\/shop\/m0c\/\" \/>\n<meta property=\"og:locale\" content=\"fr_FR\" \/>\n<meta property=\"og:type\" content=\"article\" \/>\n<meta property=\"og:title\" content=\"M;0\u00b0C\" \/>\n<meta property=\"og:description\" content=\"Discover M;0\u00b0C by Masak\u00ef Parfums: a refreshing fragrance with a woody-citrus essence. - Available now on the Official Masak\u00ef Parfums Online Boutique\" \/>\n<meta property=\"og:url\" content=\"https:\/\/www.masaki-parfums.com\/fr\/shop\/m0c\/\" \/>\n<meta property=\"og:site_name\" content=\"Masak\u00ef Parfums\" \/>\n<meta property=\"article:modified_time\" content=\"2025-02-05T15:39:17+00:00\" \/>\n<meta property=\"og:image\" content=\"https:\/\/www.masaki-parfums.com\/wp-content\/uploads\/2024\/03\/HD-M-0C-80ml-1-scaled.webp\" \/>\n\t<meta property=\"og:image:width\" content=\"2560\" \/>\n\t<meta property=\"og:image:height\" content=\"2560\" \/>\n\t<meta property=\"og:image:type\" content=\"image\/webp\" \/>\n<meta name=\"twitter:card\" content=\"summary_large_image\" \/>\n<meta name=\"twitter:label1\" content=\"Dur\u00e9e de lecture estim\u00e9e\" \/>\n\t<meta name=\"twitter:data1\" content=\"2 minutes\" \/>\n<script type=\"application\/ld+json\" class=\"yoast-schema-graph\">{\"@context\":\"https:\\\/\\\/schema.org\",\"@graph\":[{\"@type\":\"WebPage\",\"@id\":\"https:\\\/\\\/www.masaki-parfums.com\\\/shop\\\/m0c\\\/\",\"url\":\"https:\\\/\\\/www.masaki-parfums.com\\\/shop\\\/m0c\\\/\",\"name\":\"M;0\u00b0C - Fragrance by Masak\u00ef Parfums\",\"isPartOf\":{\"@id\":\"https:\\\/\\\/www.masaki-parfums.com\\\/#website\"},\"primaryImageOfPage\":{\"@id\":\"https:\\\/\\\/www.masaki-parfums.com\\\/shop\\\/m0c\\\/#primaryimage\"},\"image\":{\"@id\":\"https:\\\/\\\/www.masaki-parfums.com\\\/shop\\\/m0c\\\/#primaryimage\"},\"thumbnailUrl\":\"https:\\\/\\\/i0.wp.com\\\/www.masaki-parfums.com\\\/wp-content\\\/uploads\\\/2024\\\/03\\\/HD-M-0C-80ml-1-scaled.webp?fit=2560%2C2560&ssl=1\",\"datePublished\":\"2018-03-10T21:17:04+00:00\",\"dateModified\":\"2025-02-05T15:39:17+00:00\",\"description\":\"Discover M;0\u00b0C by Masak\u00ef Parfums: a refreshing fragrance with a woody-citrus essence. - Available now on the Official Masak\u00ef Parfums Online Boutique\",\"breadcrumb\":{\"@id\":\"https:\\\/\\\/www.masaki-parfums.com\\\/shop\\\/m0c\\\/#breadcrumb\"},\"inLanguage\":\"fr-FR\",\"potentialAction\":[{\"@type\":\"ReadAction\",\"target\":[\"https:\\\/\\\/www.masaki-parfums.com\\\/shop\\\/m0c\\\/\"]}]},{\"@type\":\"ImageObject\",\"inLanguage\":\"fr-FR\",\"@id\":\"https:\\\/\\\/www.masaki-parfums.com\\\/shop\\\/m0c\\\/#primaryimage\",\"url\":\"https:\\\/\\\/i0.wp.com\\\/www.masaki-parfums.com\\\/wp-content\\\/uploads\\\/2024\\\/03\\\/HD-M-0C-80ml-1-scaled.webp?fit=2560%2C2560&ssl=1\",\"contentUrl\":\"https:\\\/\\\/i0.wp.com\\\/www.masaki-parfums.com\\\/wp-content\\\/uploads\\\/2024\\\/03\\\/HD-M-0C-80ml-1-scaled.webp?fit=2560%2C2560&ssl=1\",\"width\":2560,\"height\":2560,\"caption\":\"M0C Fragrance Masaki Paris Parfums\"},{\"@type\":\"BreadcrumbList\",\"@id\":\"https:\\\/\\\/www.masaki-parfums.com\\\/shop\\\/m0c\\\/#breadcrumb\",\"itemListElement\":[{\"@type\":\"ListItem\",\"position\":1,\"name\":\"Home\",\"item\":\"https:\\\/\\\/www.masaki-parfums.com\\\/\"},{\"@type\":\"ListItem\",\"position\":2,\"name\":\"Products\",\"item\":\"https:\\\/\\\/www.masaki-parfums.com\\\/eshop\\\/\"},{\"@type\":\"ListItem\",\"position\":3,\"name\":\"M;0\u00b0C\"}]},{\"@type\":\"WebSite\",\"@id\":\"https:\\\/\\\/www.masaki-parfums.com\\\/#website\",\"url\":\"https:\\\/\\\/www.masaki-parfums.com\\\/\",\"name\":\"Masak\u00ef Parfums\",\"description\":\"Official Store\",\"publisher\":{\"@id\":\"https:\\\/\\\/www.masaki-parfums.com\\\/#organization\"},\"potentialAction\":[{\"@type\":\"SearchAction\",\"target\":{\"@type\":\"EntryPoint\",\"urlTemplate\":\"https:\\\/\\\/www.masaki-parfums.com\\\/?s={search_term_string}\"},\"query-input\":{\"@type\":\"PropertyValueSpecification\",\"valueRequired\":true,\"valueName\":\"search_term_string\"}}],\"inLanguage\":\"fr-FR\"},{\"@type\":\"Organization\",\"@id\":\"https:\\\/\\\/www.masaki-parfums.com\\\/#organization\",\"name\":\"Masak\u00ef Parfums\",\"url\":\"https:\\\/\\\/www.masaki-parfums.com\\\/\",\"logo\":{\"@type\":\"ImageObject\",\"inLanguage\":\"fr-FR\",\"@id\":\"https:\\\/\\\/www.masaki-parfums.com\\\/#\\\/schema\\\/logo\\\/image\\\/\",\"url\":\"https:\\\/\\\/i0.wp.com\\\/www.masaki-parfums.com\\\/wp-content\\\/uploads\\\/2023\\\/10\\\/logo-masaki-350x350-1.png?fit=350%2C350&ssl=1\",\"contentUrl\":\"https:\\\/\\\/i0.wp.com\\\/www.masaki-parfums.com\\\/wp-content\\\/uploads\\\/2023\\\/10\\\/logo-masaki-350x350-1.png?fit=350%2C350&ssl=1\",\"width\":350,\"height\":350,\"caption\":\"Masak\u00ef Parfums\"},\"image\":{\"@id\":\"https:\\\/\\\/www.masaki-parfums.com\\\/#\\\/schema\\\/logo\\\/image\\\/\"}}]}<\/script>\n<!-- \/ Yoast SEO Premium plugin. -->","yoast_head_json":{"title":"M;0\u00b0C - Fragrance by Masak\u00ef Parfums","description":"Discover M;0\u00b0C by Masak\u00ef Parfums: a refreshing fragrance with a woody-citrus essence. - Available now on the Official Masak\u00ef Parfums Online Boutique","robots":{"index":"index","follow":"follow","max-snippet":"max-snippet:-1","max-image-preview":"max-image-preview:large","max-video-preview":"max-video-preview:-1"},"canonical":"https:\/\/www.masaki-parfums.com\/fr\/shop\/m0c\/","og_locale":"fr_FR","og_type":"article","og_title":"M;0\u00b0C","og_description":"Discover M;0\u00b0C by Masak\u00ef Parfums: a refreshing fragrance with a woody-citrus essence. - Available now on the Official Masak\u00ef Parfums Online Boutique","og_url":"https:\/\/www.masaki-parfums.com\/fr\/shop\/m0c\/","og_site_name":"Masak\u00ef Parfums","article_modified_time":"2025-02-05T15:39:17+00:00","og_image":[{"width":2560,"height":2560,"url":"https:\/\/www.masaki-parfums.com\/wp-content\/uploads\/2024\/03\/HD-M-0C-80ml-1-scaled.webp","type":"image\/webp"}],"twitter_card":"summary_large_image","twitter_misc":{"Dur\u00e9e de lecture estim\u00e9e":"2 minutes"},"schema":{"@context":"https:\/\/schema.org","@graph":[{"@type":"WebPage","@id":"https:\/\/www.masaki-parfums.com\/shop\/m0c\/","url":"https:\/\/www.masaki-parfums.com\/shop\/m0c\/","name":"M;0\u00b0C - Fragrance by Masak\u00ef Parfums","isPartOf":{"@id":"https:\/\/www.masaki-parfums.com\/#website"},"primaryImageOfPage":{"@id":"https:\/\/www.masaki-parfums.com\/shop\/m0c\/#primaryimage"},"image":{"@id":"https:\/\/www.masaki-parfums.com\/shop\/m0c\/#primaryimage"},"thumbnailUrl":"https:\/\/i0.wp.com\/www.masaki-parfums.com\/wp-content\/uploads\/2024\/03\/HD-M-0C-80ml-1-scaled.webp?fit=2560%2C2560&ssl=1","datePublished":"2018-03-10T21:17:04+00:00","dateModified":"2025-02-05T15:39:17+00:00","description":"Discover M;0\u00b0C by Masak\u00ef Parfums: a refreshing fragrance with a woody-citrus essence. - Available now on the Official Masak\u00ef Parfums Online Boutique","breadcrumb":{"@id":"https:\/\/www.masaki-parfums.com\/shop\/m0c\/#breadcrumb"},"inLanguage":"fr-FR","potentialAction":[{"@type":"ReadAction","target":["https:\/\/www.masaki-parfums.com\/shop\/m0c\/"]}]},{"@type":"ImageObject","inLanguage":"fr-FR","@id":"https:\/\/www.masaki-parfums.com\/shop\/m0c\/#primaryimage","url":"https:\/\/i0.wp.com\/www.masaki-parfums.com\/wp-content\/uploads\/2024\/03\/HD-M-0C-80ml-1-scaled.webp?fit=2560%2C2560&ssl=1","contentUrl":"https:\/\/i0.wp.com\/www.masaki-parfums.com\/wp-content\/uploads\/2024\/03\/HD-M-0C-80ml-1-scaled.webp?fit=2560%2C2560&ssl=1","width":2560,"height":2560,"caption":"M0C Fragrance Masaki Paris Parfums"},{"@type":"BreadcrumbList","@id":"https:\/\/www.masaki-parfums.com\/shop\/m0c\/#breadcrumb","itemListElement":[{"@type":"ListItem","position":1,"name":"Home","item":"https:\/\/www.masaki-parfums.com\/"},{"@type":"ListItem","position":2,"name":"Products","item":"https:\/\/www.masaki-parfums.com\/eshop\/"},{"@type":"ListItem","position":3,"name":"M;0\u00b0C"}]},{"@type":"WebSite","@id":"https:\/\/www.masaki-parfums.com\/#website","url":"https:\/\/www.masaki-parfums.com\/","name":"Masak\u00ef Parfums","description":"Official Store","publisher":{"@id":"https:\/\/www.masaki-parfums.com\/#organization"},"potentialAction":[{"@type":"SearchAction","target":{"@type":"EntryPoint","urlTemplate":"https:\/\/www.masaki-parfums.com\/?s={search_term_string}"},"query-input":{"@type":"PropertyValueSpecification","valueRequired":true,"valueName":"search_term_string"}}],"inLanguage":"fr-FR"},{"@type":"Organization","@id":"https:\/\/www.masaki-parfums.com\/#organization","name":"Masak\u00ef Parfums","url":"https:\/\/www.masaki-parfums.com\/","logo":{"@type":"ImageObject","inLanguage":"fr-FR","@id":"https:\/\/www.masaki-parfums.com\/#\/schema\/logo\/image\/","url":"https:\/\/i0.wp.com\/www.masaki-parfums.com\/wp-content\/uploads\/2023\/10\/logo-masaki-350x350-1.png?fit=350%2C350&ssl=1","contentUrl":"https:\/\/i0.wp.com\/www.masaki-parfums.com\/wp-content\/uploads\/2023\/10\/logo-masaki-350x350-1.png?fit=350%2C350&ssl=1","width":350,"height":350,"caption":"Masak\u00ef Parfums"},"image":{"@id":"https:\/\/www.masaki-parfums.com\/#\/schema\/logo\/image\/"}}]}},"jetpack_publicize_connections":[],"jetpack_sharing_enabled":false,"jetpack_likes_enabled":false,"_links":{"self":[{"href":"https:\/\/www.masaki-parfums.com\/fr\/wp-json\/wp\/v2\/product\/2082","targetHints":{"allow":["GET"]}}],"collection":[{"href":"https:\/\/www.masaki-parfums.com\/fr\/wp-json\/wp\/v2\/product"}],"about":[{"href":"https:\/\/www.masaki-parfums.com\/fr\/wp-json\/wp\/v2\/types\/product"}],"wp:featuredmedia":[{"embeddable":true,"href":"https:\/\/www.masaki-parfums.com\/fr\/wp-json\/wp\/v2\/media\/5518"}],"wp:attachment":[{"href":"https:\/\/www.masaki-parfums.com\/fr\/wp-json\/wp\/v2\/media?parent=2082"}],"wp:term":[{"taxonomy":"product_brand","embeddable":true,"href":"https:\/\/www.masaki-parfums.com\/fr\/wp-json\/wp\/v2\/product_brand?post=2082"},{"taxonomy":"product_cat","embeddable":true,"href":"https:\/\/www.masaki-parfums.com\/fr\/wp-json\/wp\/v2\/product_cat?post=2082"},{"taxonomy":"product_tag","embeddable":true,"href":"https:\/\/www.masaki-parfums.com\/fr\/wp-json\/wp\/v2\/product_tag?post=2082"}],"curies":[{"name":"wp","href":"https:\/\/api.w.org\/{rel}","templated":true}]}}