{"id":3970,"date":"2023-10-30T16:37:10","date_gmt":"2023-10-30T16:37:10","guid":{"rendered":"https:\/\/www.masaki-parfums.com\/?post_type=product&#038;p=3970"},"modified":"2025-06-03T14:44:24","modified_gmt":"2025-06-03T12:44:24","slug":"j-mat","status":"publish","type":"product","link":"https:\/\/www.masaki-parfums.com\/fr\/shop\/j-mat\/","title":{"rendered":"J-mat;"},"content":{"rendered":"<p style=\"text-align: center\"><strong>NOTES DE T\u00caTE<\/strong><\/p>\n<p style=\"text-align: center\"><em>Gingembre, P\u00eache Blanche<\/em><\/p>\n<p style=\"text-align: center\"><strong>NOTES DU C\u0152UR<\/strong><\/p>\n<p style=\"text-align: center\"><em>Lilas, Jasmin \u00e9toil\u00e9<\/em><\/p>\n<p style=\"text-align: center\"><strong>NOTES DE FOND<\/strong><\/p>\n<p style=\"text-align: center\"><em>Bois de C\u00e8dre, Musc Blanc<\/em><\/p>\n<p><strong><br \/>\nLA FRAGRANCE<\/strong><\/p>\n<p>J-mat; s\u2019inspire du mantra intemporel \u00ab La fleur d\u2019hier est le r\u00eave d\u2019aujourd\u2019hui \u00bb, offrant un voyage captivant au c\u0153ur de la d\u00e9couverte de soi. Cr\u00e9\u00e9e en collaboration avec le parfumeur J\u00e9r\u00f4me di Marino et le designer Masaki Matsushima, cette fragrance se d\u00e9ploie avec \u00e9l\u00e9gance et s\u00e9duction.<\/p>\n<p>La fragrance s\u2019ouvre sur des notes de t\u00eate p\u00e9tillantes et \u00e9pic\u00e9es qui composent imm\u00e9diatement une ouverture envo\u00fbtante. Le gingembre lumineux et la p\u00eache blanche velout\u00e9e posent les bases d\u2019une exp\u00e9rience irr\u00e9sistiblement singuli\u00e8re, offrant une introduction \u00e0 la fois zest\u00e9e et douce qui \u00e9veille les sens. \u00c0 mesure que le c\u0153ur se r\u00e9v\u00e8le, une envol\u00e9e de notes printani\u00e8res f\u00e9minines appara\u00eet, o\u00f9 le lilas et le jasmin \u00e9toil\u00e9 dansent en parfaite harmonie. Ces accords floraux apportent fra\u00eecheur et gr\u00e2ce, \u00e9voquant la d\u00e9licatesse d\u2019un jardin en fleurs au printemps.<\/p>\n<p>Lorsque la fragrance se pose en fond, elle s\u2019ach\u00e8ve sur un sillage doux et r\u00e9confortant, port\u00e9 par une caresse sensuelle de bois de c\u00e8dre. Cette note bois\u00e9e s\u2019enveloppe harmonieusement d\u2019un voile persistant de musc blanc, cr\u00e9ant une finition douce et apaisante qui se fond sur la peau. Ensemble, ces notes composent un \u00e9quilibre subtil, rendant le parfum \u00e0 la fois captivant et facile \u00e0 porter.<\/p>\n<p>J-mat; est un v\u00e9ritable voyage int\u00e9rieur. Il incarne l\u2019\u00e9quilibre entre fra\u00eecheur et chaleur, force et d\u00e9licatesse, invitant celle qui le porte \u00e0 explorer sa propre essence \u00e0 chaque vaporisation.<\/p>\n<p>Parfumeur : <strong>J\u00e9r\u00f4me di Marino<\/strong><\/p>\n<p>Designer: <a href=\"https:\/\/www.masaki-parfums.com\/fr\/universe\/\"><strong>Masaki Matsushima<\/strong><\/a><\/p>\n<p><span style=\"font-weight: 400\">Vaporisateur Naturel : 80ml \/ 2.7 oz | 40ml \/ 1.4 oz | 10ml \/ 0.3 oz | 1ml \/ 0.03 oz<\/span><\/p>","protected":false},"excerpt":{"rendered":"<p><strong>LE CONCEPT<\/strong><\/p>\n<p>Inspir\u00e9 par la po\u00e9sie et les r\u00e9flexions philosophiques, J-mat incarne l'essence des r\u00eaves, la fleur blanche symbolisant la jeune femme sur le point d'\u00e9clore. Masak\u00ef, profond\u00e9ment enracin\u00e9 dans sa culture et son univers conceptuel, est un influenceur unique qui diffuse un message global : donner aux jeunes femmes la possibilit\u00e9 d'\u00e9crire leur histoire sur une toile vierge.<\/p>\n<p>Ce parfum marie l'art minimaliste des cr\u00e9ateurs japonais aux essences nuanc\u00e9es d'un parfumeur fran\u00e7ais, offrant une exp\u00e9rience olfactive distincte \u00e0 la femme \u00e9picurienne moderne. Les couleurs du flacon rendent hommage \u00e0 l'h\u00e9ritage de Masak\u00ef Matsushima : le rouge incarne la confiance, le blanc les r\u00eaves illimit\u00e9s et l'or la libert\u00e9 et la joie.<\/p>\n<p>La bouteille en forme de J, \u00e9l\u00e9gante et moderne, est porteuse d'un profond symbolisme :<\/p>\n<p class=\"translation-block\">Journey - la vie, plein d'\u00e9motions et d'exp\u00e9riences.<br>\nJoy - une \u00e9treinte spirituelle des affirmations de la vie.<br>\nJeunesse - qui \u00e9voque les promesses et les espoirs pour l'avenir.<br>\nJapan - pays du soleil levant, est une source d'inspiration perp\u00e9tuelle pour Masak\u00ef.<\/p>","protected":false},"featured_media":5251,"template":"","meta":{"_acf_changed":false,"jetpack_post_was_ever_published":false,"jetpack_publicize_message":"","jetpack_publicize_feature_enabled":true,"jetpack_social_post_already_shared":false,"jetpack_social_options":{"image_generator_settings":{"template":"highway","default_image_id":0,"font":"","enabled":false},"version":2}},"product_brand":[],"product_cat":[135],"product_tag":[],"class_list":{"0":"post-3970","1":"product","2":"type-product","3":"status-publish","4":"has-post-thumbnail","6":"product_cat-feminine","8":"first","9":"instock","10":"taxable","11":"shipping-taxable","12":"purchasable","13":"product-type-variable","14":"has-default-attributes"},"acf":[],"yoast_head":"<!-- This site is optimized with the Yoast SEO Premium plugin v24.7 (Yoast SEO v27.3) - https:\/\/yoast.com\/product\/yoast-seo-premium-wordpress\/ -->\n<title>J-mat; - Fragrance by Masak\u00ef Parfums<\/title>\n<meta name=\"description\" content=\"Discover J-mat; by Masak\u00ef Parfums: A fragrance for the modern Epicurean woman - Available now on the Official Masak\u00ef Parfums Online Boutique\" \/>\n<meta name=\"robots\" content=\"index, follow, max-snippet:-1, max-image-preview:large, max-video-preview:-1\" \/>\n<link rel=\"canonical\" href=\"https:\/\/www.masaki-parfums.com\/fr\/shop\/j-mat\/\" \/>\n<meta property=\"og:locale\" content=\"fr_FR\" \/>\n<meta property=\"og:type\" content=\"article\" \/>\n<meta property=\"og:title\" content=\"J-mat;\" \/>\n<meta property=\"og:description\" content=\"Discover J-mat; by Masak\u00ef Parfums: A fragrance for the modern Epicurean woman - Available now on the Official Masak\u00ef Parfums Online Boutique\" \/>\n<meta property=\"og:url\" content=\"https:\/\/www.masaki-parfums.com\/fr\/shop\/j-mat\/\" \/>\n<meta property=\"og:site_name\" content=\"Masak\u00ef Parfums\" \/>\n<meta property=\"article:modified_time\" content=\"2025-06-03T12:44:24+00:00\" \/>\n<meta property=\"og:image\" content=\"https:\/\/www.masaki-parfums.com\/wp-content\/uploads\/2024\/03\/HD-J-mat-80ml-scaled.webp\" \/>\n\t<meta property=\"og:image:width\" content=\"2560\" \/>\n\t<meta property=\"og:image:height\" content=\"2560\" \/>\n\t<meta property=\"og:image:type\" content=\"image\/webp\" \/>\n<meta name=\"twitter:card\" content=\"summary_large_image\" \/>\n<meta name=\"twitter:label1\" content=\"Dur\u00e9e de lecture estim\u00e9e\" \/>\n\t<meta name=\"twitter:data1\" content=\"2 minutes\" \/>\n<script type=\"application\/ld+json\" class=\"yoast-schema-graph\">{\"@context\":\"https:\\\/\\\/schema.org\",\"@graph\":[{\"@type\":\"WebPage\",\"@id\":\"https:\\\/\\\/www.masaki-parfums.com\\\/shop\\\/j-mat\\\/\",\"url\":\"https:\\\/\\\/www.masaki-parfums.com\\\/shop\\\/j-mat\\\/\",\"name\":\"J-mat; - Fragrance by Masak\u00ef Parfums\",\"isPartOf\":{\"@id\":\"https:\\\/\\\/www.masaki-parfums.com\\\/#website\"},\"primaryImageOfPage\":{\"@id\":\"https:\\\/\\\/www.masaki-parfums.com\\\/shop\\\/j-mat\\\/#primaryimage\"},\"image\":{\"@id\":\"https:\\\/\\\/www.masaki-parfums.com\\\/shop\\\/j-mat\\\/#primaryimage\"},\"thumbnailUrl\":\"https:\\\/\\\/i0.wp.com\\\/www.masaki-parfums.com\\\/wp-content\\\/uploads\\\/2024\\\/03\\\/HD-J-mat-80ml-scaled.webp?fit=2560%2C2560&ssl=1\",\"datePublished\":\"2023-10-30T16:37:10+00:00\",\"dateModified\":\"2025-06-03T12:44:24+00:00\",\"description\":\"Discover J-mat; by Masak\u00ef Parfums: A fragrance for the modern Epicurean woman - Available now on the Official Masak\u00ef Parfums Online Boutique\",\"breadcrumb\":{\"@id\":\"https:\\\/\\\/www.masaki-parfums.com\\\/shop\\\/j-mat\\\/#breadcrumb\"},\"inLanguage\":\"fr-FR\",\"potentialAction\":[{\"@type\":\"ReadAction\",\"target\":[\"https:\\\/\\\/www.masaki-parfums.com\\\/shop\\\/j-mat\\\/\"]}]},{\"@type\":\"ImageObject\",\"inLanguage\":\"fr-FR\",\"@id\":\"https:\\\/\\\/www.masaki-parfums.com\\\/shop\\\/j-mat\\\/#primaryimage\",\"url\":\"https:\\\/\\\/i0.wp.com\\\/www.masaki-parfums.com\\\/wp-content\\\/uploads\\\/2024\\\/03\\\/HD-J-mat-80ml-scaled.webp?fit=2560%2C2560&ssl=1\",\"contentUrl\":\"https:\\\/\\\/i0.wp.com\\\/www.masaki-parfums.com\\\/wp-content\\\/uploads\\\/2024\\\/03\\\/HD-J-mat-80ml-scaled.webp?fit=2560%2C2560&ssl=1\",\"width\":2560,\"height\":2560,\"caption\":\"J-mat; Fragrance Masaki Paris Parfums\"},{\"@type\":\"BreadcrumbList\",\"@id\":\"https:\\\/\\\/www.masaki-parfums.com\\\/shop\\\/j-mat\\\/#breadcrumb\",\"itemListElement\":[{\"@type\":\"ListItem\",\"position\":1,\"name\":\"Home\",\"item\":\"https:\\\/\\\/www.masaki-parfums.com\\\/\"},{\"@type\":\"ListItem\",\"position\":2,\"name\":\"Products\",\"item\":\"https:\\\/\\\/www.masaki-parfums.com\\\/eshop\\\/\"},{\"@type\":\"ListItem\",\"position\":3,\"name\":\"J-mat;\"}]},{\"@type\":\"WebSite\",\"@id\":\"https:\\\/\\\/www.masaki-parfums.com\\\/#website\",\"url\":\"https:\\\/\\\/www.masaki-parfums.com\\\/\",\"name\":\"Masak\u00ef Parfums\",\"description\":\"Official Store\",\"publisher\":{\"@id\":\"https:\\\/\\\/www.masaki-parfums.com\\\/#organization\"},\"potentialAction\":[{\"@type\":\"SearchAction\",\"target\":{\"@type\":\"EntryPoint\",\"urlTemplate\":\"https:\\\/\\\/www.masaki-parfums.com\\\/?s={search_term_string}\"},\"query-input\":{\"@type\":\"PropertyValueSpecification\",\"valueRequired\":true,\"valueName\":\"search_term_string\"}}],\"inLanguage\":\"fr-FR\"},{\"@type\":\"Organization\",\"@id\":\"https:\\\/\\\/www.masaki-parfums.com\\\/#organization\",\"name\":\"Masak\u00ef Parfums\",\"url\":\"https:\\\/\\\/www.masaki-parfums.com\\\/\",\"logo\":{\"@type\":\"ImageObject\",\"inLanguage\":\"fr-FR\",\"@id\":\"https:\\\/\\\/www.masaki-parfums.com\\\/#\\\/schema\\\/logo\\\/image\\\/\",\"url\":\"https:\\\/\\\/i0.wp.com\\\/www.masaki-parfums.com\\\/wp-content\\\/uploads\\\/2023\\\/10\\\/logo-masaki-350x350-1.png?fit=350%2C350&ssl=1\",\"contentUrl\":\"https:\\\/\\\/i0.wp.com\\\/www.masaki-parfums.com\\\/wp-content\\\/uploads\\\/2023\\\/10\\\/logo-masaki-350x350-1.png?fit=350%2C350&ssl=1\",\"width\":350,\"height\":350,\"caption\":\"Masak\u00ef Parfums\"},\"image\":{\"@id\":\"https:\\\/\\\/www.masaki-parfums.com\\\/#\\\/schema\\\/logo\\\/image\\\/\"}}]}<\/script>\n<!-- \/ Yoast SEO Premium plugin. -->","yoast_head_json":{"title":"J-mat; - Fragrance by Masak\u00ef Parfums","description":"Discover J-mat; by Masak\u00ef Parfums: A fragrance for the modern Epicurean woman - Available now on the Official Masak\u00ef Parfums Online Boutique","robots":{"index":"index","follow":"follow","max-snippet":"max-snippet:-1","max-image-preview":"max-image-preview:large","max-video-preview":"max-video-preview:-1"},"canonical":"https:\/\/www.masaki-parfums.com\/fr\/shop\/j-mat\/","og_locale":"fr_FR","og_type":"article","og_title":"J-mat;","og_description":"Discover J-mat; by Masak\u00ef Parfums: A fragrance for the modern Epicurean woman - Available now on the Official Masak\u00ef Parfums Online Boutique","og_url":"https:\/\/www.masaki-parfums.com\/fr\/shop\/j-mat\/","og_site_name":"Masak\u00ef Parfums","article_modified_time":"2025-06-03T12:44:24+00:00","og_image":[{"width":2560,"height":2560,"url":"https:\/\/www.masaki-parfums.com\/wp-content\/uploads\/2024\/03\/HD-J-mat-80ml-scaled.webp","type":"image\/webp"}],"twitter_card":"summary_large_image","twitter_misc":{"Dur\u00e9e de lecture estim\u00e9e":"2 minutes"},"schema":{"@context":"https:\/\/schema.org","@graph":[{"@type":"WebPage","@id":"https:\/\/www.masaki-parfums.com\/shop\/j-mat\/","url":"https:\/\/www.masaki-parfums.com\/shop\/j-mat\/","name":"J-mat; - Fragrance by Masak\u00ef Parfums","isPartOf":{"@id":"https:\/\/www.masaki-parfums.com\/#website"},"primaryImageOfPage":{"@id":"https:\/\/www.masaki-parfums.com\/shop\/j-mat\/#primaryimage"},"image":{"@id":"https:\/\/www.masaki-parfums.com\/shop\/j-mat\/#primaryimage"},"thumbnailUrl":"https:\/\/i0.wp.com\/www.masaki-parfums.com\/wp-content\/uploads\/2024\/03\/HD-J-mat-80ml-scaled.webp?fit=2560%2C2560&ssl=1","datePublished":"2023-10-30T16:37:10+00:00","dateModified":"2025-06-03T12:44:24+00:00","description":"Discover J-mat; by Masak\u00ef Parfums: A fragrance for the modern Epicurean woman - Available now on the Official Masak\u00ef Parfums Online Boutique","breadcrumb":{"@id":"https:\/\/www.masaki-parfums.com\/shop\/j-mat\/#breadcrumb"},"inLanguage":"fr-FR","potentialAction":[{"@type":"ReadAction","target":["https:\/\/www.masaki-parfums.com\/shop\/j-mat\/"]}]},{"@type":"ImageObject","inLanguage":"fr-FR","@id":"https:\/\/www.masaki-parfums.com\/shop\/j-mat\/#primaryimage","url":"https:\/\/i0.wp.com\/www.masaki-parfums.com\/wp-content\/uploads\/2024\/03\/HD-J-mat-80ml-scaled.webp?fit=2560%2C2560&ssl=1","contentUrl":"https:\/\/i0.wp.com\/www.masaki-parfums.com\/wp-content\/uploads\/2024\/03\/HD-J-mat-80ml-scaled.webp?fit=2560%2C2560&ssl=1","width":2560,"height":2560,"caption":"J-mat; Fragrance Masaki Paris Parfums"},{"@type":"BreadcrumbList","@id":"https:\/\/www.masaki-parfums.com\/shop\/j-mat\/#breadcrumb","itemListElement":[{"@type":"ListItem","position":1,"name":"Home","item":"https:\/\/www.masaki-parfums.com\/"},{"@type":"ListItem","position":2,"name":"Products","item":"https:\/\/www.masaki-parfums.com\/eshop\/"},{"@type":"ListItem","position":3,"name":"J-mat;"}]},{"@type":"WebSite","@id":"https:\/\/www.masaki-parfums.com\/#website","url":"https:\/\/www.masaki-parfums.com\/","name":"Masak\u00ef Parfums","description":"Official Store","publisher":{"@id":"https:\/\/www.masaki-parfums.com\/#organization"},"potentialAction":[{"@type":"SearchAction","target":{"@type":"EntryPoint","urlTemplate":"https:\/\/www.masaki-parfums.com\/?s={search_term_string}"},"query-input":{"@type":"PropertyValueSpecification","valueRequired":true,"valueName":"search_term_string"}}],"inLanguage":"fr-FR"},{"@type":"Organization","@id":"https:\/\/www.masaki-parfums.com\/#organization","name":"Masak\u00ef Parfums","url":"https:\/\/www.masaki-parfums.com\/","logo":{"@type":"ImageObject","inLanguage":"fr-FR","@id":"https:\/\/www.masaki-parfums.com\/#\/schema\/logo\/image\/","url":"https:\/\/i0.wp.com\/www.masaki-parfums.com\/wp-content\/uploads\/2023\/10\/logo-masaki-350x350-1.png?fit=350%2C350&ssl=1","contentUrl":"https:\/\/i0.wp.com\/www.masaki-parfums.com\/wp-content\/uploads\/2023\/10\/logo-masaki-350x350-1.png?fit=350%2C350&ssl=1","width":350,"height":350,"caption":"Masak\u00ef Parfums"},"image":{"@id":"https:\/\/www.masaki-parfums.com\/#\/schema\/logo\/image\/"}}]}},"jetpack_publicize_connections":[],"jetpack_sharing_enabled":true,"jetpack_likes_enabled":true,"_links":{"self":[{"href":"https:\/\/www.masaki-parfums.com\/fr\/wp-json\/wp\/v2\/product\/3970","targetHints":{"allow":["GET"]}}],"collection":[{"href":"https:\/\/www.masaki-parfums.com\/fr\/wp-json\/wp\/v2\/product"}],"about":[{"href":"https:\/\/www.masaki-parfums.com\/fr\/wp-json\/wp\/v2\/types\/product"}],"wp:featuredmedia":[{"embeddable":true,"href":"https:\/\/www.masaki-parfums.com\/fr\/wp-json\/wp\/v2\/media\/5251"}],"wp:attachment":[{"href":"https:\/\/www.masaki-parfums.com\/fr\/wp-json\/wp\/v2\/media?parent=3970"}],"wp:term":[{"taxonomy":"product_brand","embeddable":true,"href":"https:\/\/www.masaki-parfums.com\/fr\/wp-json\/wp\/v2\/product_brand?post=3970"},{"taxonomy":"product_cat","embeddable":true,"href":"https:\/\/www.masaki-parfums.com\/fr\/wp-json\/wp\/v2\/product_cat?post=3970"},{"taxonomy":"product_tag","embeddable":true,"href":"https:\/\/www.masaki-parfums.com\/fr\/wp-json\/wp\/v2\/product_tag?post=3970"}],"curies":[{"name":"wp","href":"https:\/\/api.w.org\/{rel}","templated":true}]}}