{"id":3976,"date":"2023-10-30T17:05:55","date_gmt":"2023-10-30T17:05:55","guid":{"rendered":"https:\/\/www.masaki-parfums.com\/?post_type=product&#038;p=3976"},"modified":"2025-02-05T16:51:46","modified_gmt":"2025-02-05T15:51:46","slug":"hana","status":"publish","type":"product","link":"https:\/\/www.masaki-parfums.com\/fr\/shop\/hana\/","title":{"rendered":"H\u00e4Na"},"content":{"rendered":"<p style=\"text-align: center\"><strong>NOTES DE T\u00caTE<\/strong><\/p>\n<p style=\"text-align: center\"><em>Bergamote, Litchi, Poire, Th\u00e9 Vert<\/em><\/p>\n<p style=\"text-align: center\"><strong>NOTES DU C\u0152UR<\/strong><\/p>\n<p style=\"text-align: center\"><em>Muguet, Rose, Glycine, Past\u00e8que<\/em><\/p>\n<p style=\"text-align: center\"><strong>NOTES DE FOND<\/strong><\/p>\n<p style=\"text-align: center\"><em>C\u00e8dre Blanc, Musc Cristallin, Bois de Santal<\/em><\/p>\n<p>&nbsp;<\/p>\n<p><strong>LA FRAGRANCE<\/strong><\/p>\n<p>H\u00e4Na est une fragrance qui incarne l\u2019\u00e9l\u00e9gance, la s\u00e9duction et le charme. Cr\u00e9\u00e9e en collaboration avec le designer Masak\u00ef Matsush\u00efma et le parfumeur Leonardo Lucheze, H\u00e4Na est un m\u00e9lange captivant de notes \u00e0 la fois d\u00e9licates et audacieuses, c\u00e9l\u00e9brant la f\u00e9minit\u00e9, la beaut\u00e9 et l\u2019unicit\u00e9.<\/p>\n<p>La fragrance s\u2019ouvre sur une bergamote p\u00e9tillante et du th\u00e9 vert, sublim\u00e9s par la fra\u00eecheur croquante de la poire et la douceur du litchi. Cette alliance rafra\u00eechissante \u00e9voque instantan\u00e9ment une sensation de puret\u00e9, telle la premi\u00e8re lumi\u00e8re de l\u2019aube. \u00c0 mesure que le parfum \u00e9volue, le c\u0153ur r\u00e9v\u00e8le un magnifique bouquet de rose, de muguet et de glycine. Ces notes florales se conjuguent pour cr\u00e9er une impression a\u00e9rienne et \u00e9l\u00e9gante, rappelant une brise l\u00e9g\u00e8re traversant un jardin en fleurs. Une touche de past\u00e8que apporte \u00e9galement une facette juteuse et rafra\u00eechissante, accentuant la l\u00e9g\u00e8ret\u00e9 et la vivacit\u00e9 du c\u0153ur.<\/p>\n<p>Lorsque le parfum se d\u00e9ploie en fond, il gagne en chaleur et en profondeur. Le c\u00e8dre blanc et le bois de santal apportent une douceur bois\u00e9e, tandis que le musc cristallin enveloppe la peau d\u2019une aura sensuelle et r\u00e9confortante. Ensemble, ces notes de fond cr\u00e9ent un \u00e9quilibre harmonieux, offrant un sillage doux et enveloppant qui se prolonge sur la peau comme une seconde chaleur.<\/p>\n<p>\u00ab Inspir\u00e9 par le design du flacon, avec sa fleur en \u00e9closion, j\u2019ai souhait\u00e9 cr\u00e9er quelque chose de lumineux, a\u00e9rien et d\u00e9licat \u00bb, explique Leonardo Lucheze. \u00ab Cette fragrance transporte celle qui la porte dans un champ estival, o\u00f9 la brise traverse les parterres fleuris, emportant avec elle le parfum des plus belles fleurs de la nature. C\u2019est l\u2019essence d\u2019une jeune femme spontan\u00e9e et \u00e9l\u00e9gante, pleine de gr\u00e2ce et d\u2019un charme libre et insouciant. \u00bb<\/p>\n<p>Parfumeur :\u00a0<strong>Leonardo Lucheze<\/strong><\/p>\n<p>Designer: <a href=\"https:\/\/www.masaki-parfums.com\/fr\/universe\/\"><strong>Masaki Matsushima<\/strong><\/a><\/p>\n<p><span style=\"font-weight: 400\">Vaporisateur Naturel : 80ml \/ 2.7 oz | 40ml \/ 1.4 oz | 10ml \/ 0.3 oz | 1ml \/ 0.03 oz<\/span><\/p>","protected":false},"excerpt":{"rendered":"<p><strong>LE CONCEPT<\/strong><\/p>\n<p>H\u00e4Na incarne l'essence de la culture japonaise, o\u00f9 les fleurs repr\u00e9sentent plus que la beaut\u00e9 - elles symbolisent l'\u00e9ph\u00e9m\u00e8re, la perfection, l'innocence et la jeunesse. Au Japon, le langage des fleurs, connu sous le nom de hanakotoba, impr\u00e8gne la culture pop moderne, apparaissant dans l'art, la mode et diverses autres r\u00e9f\u00e9rences culturelles.<\/p>\n<p>Le flacon, orn\u00e9 d'une image en 3D d'une fleur rose sur un fond blanc laqu\u00e9, capture la puret\u00e9 et la signification spirituelle associ\u00e9es \u00e0 la couleur blanche. Sa forme, qui rappelle une demi-lune, rend hommage \u00e0 la croyance japonaise traditionnelle selon laquelle la lune incarne l'\u00e9nergie f\u00e9minine. L'aster, muse \u00e9ternelle des po\u00e8tes japonais, est un symbole intemporel d'admiration et d'inspiration.<\/p>\n<p>La repr\u00e9sentation de la fleur \u00e0 l'aquarelle, dont la tige rappelle la technique japonaise Sumi-e, respire l'\u00e9l\u00e9gance et la simplicit\u00e9. Le rose, choisi pour repr\u00e9senter la fleur, a une profonde signification culturelle en tant que couleur de l'aube, signifiant les nouveaux d\u00e9parts et le passage durable du temps.<\/p>","protected":false},"featured_media":5254,"template":"","meta":{"_acf_changed":false,"jetpack_post_was_ever_published":false,"jetpack_publicize_message":"","jetpack_publicize_feature_enabled":true,"jetpack_social_post_already_shared":false,"jetpack_social_options":{"image_generator_settings":{"template":"highway","default_image_id":0,"font":"","enabled":false},"version":2}},"product_brand":[],"product_cat":[135],"product_tag":[153],"class_list":{"0":"post-3976","1":"product","2":"type-product","3":"status-publish","4":"has-post-thumbnail","6":"product_cat-feminine","7":"product_tag-hana","9":"first","10":"instock","11":"taxable","12":"shipping-taxable","13":"purchasable","14":"product-type-variable","15":"has-default-attributes"},"acf":[],"yoast_head":"<!-- This site is optimized with the Yoast SEO Premium plugin v24.7 (Yoast SEO v27.5) - https:\/\/yoast.com\/product\/yoast-seo-premium-wordpress\/ -->\n<title>H\u00e4Na - Fragrance by Masak\u00ef Parfums<\/title>\n<meta name=\"description\" content=\"Discover H\u00e4Na on Masak\u00ef Parfums: A delicate blend of Lychee, Rose, and Crystal Musk - Available now on the Official Masak\u00ef Parfums Online Boutique\" \/>\n<meta name=\"robots\" content=\"index, follow, max-snippet:-1, max-image-preview:large, max-video-preview:-1\" \/>\n<link rel=\"canonical\" href=\"https:\/\/www.masaki-parfums.com\/fr\/shop\/hana\/\" \/>\n<meta property=\"og:locale\" content=\"fr_FR\" \/>\n<meta property=\"og:type\" content=\"article\" \/>\n<meta property=\"og:title\" content=\"H\u00e4Na\" \/>\n<meta property=\"og:description\" content=\"Discover H\u00e4Na on Masak\u00ef Parfums: A delicate blend of Lychee, Rose, and Crystal Musk - Available now on the Official Masak\u00ef Parfums Online Boutique\" \/>\n<meta property=\"og:url\" content=\"https:\/\/www.masaki-parfums.com\/fr\/shop\/hana\/\" \/>\n<meta property=\"og:site_name\" content=\"Masak\u00ef Parfums\" \/>\n<meta property=\"article:modified_time\" content=\"2025-02-05T15:51:46+00:00\" \/>\n<meta property=\"og:image\" content=\"https:\/\/www.masaki-parfums.com\/wp-content\/uploads\/2024\/03\/HD-HaNa-80ml-scaled.webp\" \/>\n\t<meta property=\"og:image:width\" content=\"2560\" \/>\n\t<meta property=\"og:image:height\" content=\"2560\" \/>\n\t<meta property=\"og:image:type\" content=\"image\/webp\" \/>\n<meta name=\"twitter:card\" content=\"summary_large_image\" \/>\n<meta name=\"twitter:label1\" content=\"Dur\u00e9e de lecture estim\u00e9e\" \/>\n\t<meta name=\"twitter:data1\" content=\"2 minutes\" \/>\n<script type=\"application\/ld+json\" class=\"yoast-schema-graph\">{\"@context\":\"https:\\\/\\\/schema.org\",\"@graph\":[{\"@type\":\"WebPage\",\"@id\":\"https:\\\/\\\/www.masaki-parfums.com\\\/shop\\\/hana\\\/\",\"url\":\"https:\\\/\\\/www.masaki-parfums.com\\\/shop\\\/hana\\\/\",\"name\":\"H\u00e4Na - Fragrance by Masak\u00ef Parfums\",\"isPartOf\":{\"@id\":\"https:\\\/\\\/www.masaki-parfums.com\\\/#website\"},\"primaryImageOfPage\":{\"@id\":\"https:\\\/\\\/www.masaki-parfums.com\\\/shop\\\/hana\\\/#primaryimage\"},\"image\":{\"@id\":\"https:\\\/\\\/www.masaki-parfums.com\\\/shop\\\/hana\\\/#primaryimage\"},\"thumbnailUrl\":\"https:\\\/\\\/i0.wp.com\\\/www.masaki-parfums.com\\\/wp-content\\\/uploads\\\/2024\\\/03\\\/HD-HaNa-80ml-scaled.webp?fit=2560%2C2560&ssl=1\",\"datePublished\":\"2023-10-30T17:05:55+00:00\",\"dateModified\":\"2025-02-05T15:51:46+00:00\",\"description\":\"Discover H\u00e4Na on Masak\u00ef Parfums: A delicate blend of Lychee, Rose, and Crystal Musk - Available now on the Official Masak\u00ef Parfums Online Boutique\",\"breadcrumb\":{\"@id\":\"https:\\\/\\\/www.masaki-parfums.com\\\/shop\\\/hana\\\/#breadcrumb\"},\"inLanguage\":\"fr-FR\",\"potentialAction\":[{\"@type\":\"ReadAction\",\"target\":[\"https:\\\/\\\/www.masaki-parfums.com\\\/shop\\\/hana\\\/\"]}]},{\"@type\":\"ImageObject\",\"inLanguage\":\"fr-FR\",\"@id\":\"https:\\\/\\\/www.masaki-parfums.com\\\/shop\\\/hana\\\/#primaryimage\",\"url\":\"https:\\\/\\\/i0.wp.com\\\/www.masaki-parfums.com\\\/wp-content\\\/uploads\\\/2024\\\/03\\\/HD-HaNa-80ml-scaled.webp?fit=2560%2C2560&ssl=1\",\"contentUrl\":\"https:\\\/\\\/i0.wp.com\\\/www.masaki-parfums.com\\\/wp-content\\\/uploads\\\/2024\\\/03\\\/HD-HaNa-80ml-scaled.webp?fit=2560%2C2560&ssl=1\",\"width\":2560,\"height\":2560,\"caption\":\"H\u00e4Na Fragrance Masaki Paris Parfums\"},{\"@type\":\"BreadcrumbList\",\"@id\":\"https:\\\/\\\/www.masaki-parfums.com\\\/shop\\\/hana\\\/#breadcrumb\",\"itemListElement\":[{\"@type\":\"ListItem\",\"position\":1,\"name\":\"Home\",\"item\":\"https:\\\/\\\/www.masaki-parfums.com\\\/\"},{\"@type\":\"ListItem\",\"position\":2,\"name\":\"Products\",\"item\":\"https:\\\/\\\/www.masaki-parfums.com\\\/eshop\\\/\"},{\"@type\":\"ListItem\",\"position\":3,\"name\":\"H\u00e4Na\"}]},{\"@type\":\"WebSite\",\"@id\":\"https:\\\/\\\/www.masaki-parfums.com\\\/#website\",\"url\":\"https:\\\/\\\/www.masaki-parfums.com\\\/\",\"name\":\"Masak\u00ef Parfums\",\"description\":\"Official Store\",\"publisher\":{\"@id\":\"https:\\\/\\\/www.masaki-parfums.com\\\/#organization\"},\"potentialAction\":[{\"@type\":\"SearchAction\",\"target\":{\"@type\":\"EntryPoint\",\"urlTemplate\":\"https:\\\/\\\/www.masaki-parfums.com\\\/?s={search_term_string}\"},\"query-input\":{\"@type\":\"PropertyValueSpecification\",\"valueRequired\":true,\"valueName\":\"search_term_string\"}}],\"inLanguage\":\"fr-FR\"},{\"@type\":\"Organization\",\"@id\":\"https:\\\/\\\/www.masaki-parfums.com\\\/#organization\",\"name\":\"Masak\u00ef Parfums\",\"url\":\"https:\\\/\\\/www.masaki-parfums.com\\\/\",\"logo\":{\"@type\":\"ImageObject\",\"inLanguage\":\"fr-FR\",\"@id\":\"https:\\\/\\\/www.masaki-parfums.com\\\/#\\\/schema\\\/logo\\\/image\\\/\",\"url\":\"https:\\\/\\\/i0.wp.com\\\/www.masaki-parfums.com\\\/wp-content\\\/uploads\\\/2023\\\/10\\\/logo-masaki-350x350-1.png?fit=350%2C350&ssl=1\",\"contentUrl\":\"https:\\\/\\\/i0.wp.com\\\/www.masaki-parfums.com\\\/wp-content\\\/uploads\\\/2023\\\/10\\\/logo-masaki-350x350-1.png?fit=350%2C350&ssl=1\",\"width\":350,\"height\":350,\"caption\":\"Masak\u00ef Parfums\"},\"image\":{\"@id\":\"https:\\\/\\\/www.masaki-parfums.com\\\/#\\\/schema\\\/logo\\\/image\\\/\"}}]}<\/script>\n<!-- \/ Yoast SEO Premium plugin. -->","yoast_head_json":{"title":"H\u00e4Na - Fragrance by Masak\u00ef Parfums","description":"Discover H\u00e4Na on Masak\u00ef Parfums: A delicate blend of Lychee, Rose, and Crystal Musk - Available now on the Official Masak\u00ef Parfums Online Boutique","robots":{"index":"index","follow":"follow","max-snippet":"max-snippet:-1","max-image-preview":"max-image-preview:large","max-video-preview":"max-video-preview:-1"},"canonical":"https:\/\/www.masaki-parfums.com\/fr\/shop\/hana\/","og_locale":"fr_FR","og_type":"article","og_title":"H\u00e4Na","og_description":"Discover H\u00e4Na on Masak\u00ef Parfums: A delicate blend of Lychee, Rose, and Crystal Musk - Available now on the Official Masak\u00ef Parfums Online Boutique","og_url":"https:\/\/www.masaki-parfums.com\/fr\/shop\/hana\/","og_site_name":"Masak\u00ef Parfums","article_modified_time":"2025-02-05T15:51:46+00:00","og_image":[{"width":2560,"height":2560,"url":"https:\/\/www.masaki-parfums.com\/wp-content\/uploads\/2024\/03\/HD-HaNa-80ml-scaled.webp","type":"image\/webp"}],"twitter_card":"summary_large_image","twitter_misc":{"Dur\u00e9e de lecture estim\u00e9e":"2 minutes"},"schema":{"@context":"https:\/\/schema.org","@graph":[{"@type":"WebPage","@id":"https:\/\/www.masaki-parfums.com\/shop\/hana\/","url":"https:\/\/www.masaki-parfums.com\/shop\/hana\/","name":"H\u00e4Na - Fragrance by Masak\u00ef Parfums","isPartOf":{"@id":"https:\/\/www.masaki-parfums.com\/#website"},"primaryImageOfPage":{"@id":"https:\/\/www.masaki-parfums.com\/shop\/hana\/#primaryimage"},"image":{"@id":"https:\/\/www.masaki-parfums.com\/shop\/hana\/#primaryimage"},"thumbnailUrl":"https:\/\/i0.wp.com\/www.masaki-parfums.com\/wp-content\/uploads\/2024\/03\/HD-HaNa-80ml-scaled.webp?fit=2560%2C2560&ssl=1","datePublished":"2023-10-30T17:05:55+00:00","dateModified":"2025-02-05T15:51:46+00:00","description":"Discover H\u00e4Na on Masak\u00ef Parfums: A delicate blend of Lychee, Rose, and Crystal Musk - Available now on the Official Masak\u00ef Parfums Online Boutique","breadcrumb":{"@id":"https:\/\/www.masaki-parfums.com\/shop\/hana\/#breadcrumb"},"inLanguage":"fr-FR","potentialAction":[{"@type":"ReadAction","target":["https:\/\/www.masaki-parfums.com\/shop\/hana\/"]}]},{"@type":"ImageObject","inLanguage":"fr-FR","@id":"https:\/\/www.masaki-parfums.com\/shop\/hana\/#primaryimage","url":"https:\/\/i0.wp.com\/www.masaki-parfums.com\/wp-content\/uploads\/2024\/03\/HD-HaNa-80ml-scaled.webp?fit=2560%2C2560&ssl=1","contentUrl":"https:\/\/i0.wp.com\/www.masaki-parfums.com\/wp-content\/uploads\/2024\/03\/HD-HaNa-80ml-scaled.webp?fit=2560%2C2560&ssl=1","width":2560,"height":2560,"caption":"H\u00e4Na Fragrance Masaki Paris Parfums"},{"@type":"BreadcrumbList","@id":"https:\/\/www.masaki-parfums.com\/shop\/hana\/#breadcrumb","itemListElement":[{"@type":"ListItem","position":1,"name":"Home","item":"https:\/\/www.masaki-parfums.com\/"},{"@type":"ListItem","position":2,"name":"Products","item":"https:\/\/www.masaki-parfums.com\/eshop\/"},{"@type":"ListItem","position":3,"name":"H\u00e4Na"}]},{"@type":"WebSite","@id":"https:\/\/www.masaki-parfums.com\/#website","url":"https:\/\/www.masaki-parfums.com\/","name":"Masak\u00ef Parfums","description":"Official Store","publisher":{"@id":"https:\/\/www.masaki-parfums.com\/#organization"},"potentialAction":[{"@type":"SearchAction","target":{"@type":"EntryPoint","urlTemplate":"https:\/\/www.masaki-parfums.com\/?s={search_term_string}"},"query-input":{"@type":"PropertyValueSpecification","valueRequired":true,"valueName":"search_term_string"}}],"inLanguage":"fr-FR"},{"@type":"Organization","@id":"https:\/\/www.masaki-parfums.com\/#organization","name":"Masak\u00ef Parfums","url":"https:\/\/www.masaki-parfums.com\/","logo":{"@type":"ImageObject","inLanguage":"fr-FR","@id":"https:\/\/www.masaki-parfums.com\/#\/schema\/logo\/image\/","url":"https:\/\/i0.wp.com\/www.masaki-parfums.com\/wp-content\/uploads\/2023\/10\/logo-masaki-350x350-1.png?fit=350%2C350&ssl=1","contentUrl":"https:\/\/i0.wp.com\/www.masaki-parfums.com\/wp-content\/uploads\/2023\/10\/logo-masaki-350x350-1.png?fit=350%2C350&ssl=1","width":350,"height":350,"caption":"Masak\u00ef Parfums"},"image":{"@id":"https:\/\/www.masaki-parfums.com\/#\/schema\/logo\/image\/"}}]}},"jetpack_publicize_connections":[],"jetpack_sharing_enabled":true,"jetpack_likes_enabled":true,"_links":{"self":[{"href":"https:\/\/www.masaki-parfums.com\/fr\/wp-json\/wp\/v2\/product\/3976","targetHints":{"allow":["GET"]}}],"collection":[{"href":"https:\/\/www.masaki-parfums.com\/fr\/wp-json\/wp\/v2\/product"}],"about":[{"href":"https:\/\/www.masaki-parfums.com\/fr\/wp-json\/wp\/v2\/types\/product"}],"wp:featuredmedia":[{"embeddable":true,"href":"https:\/\/www.masaki-parfums.com\/fr\/wp-json\/wp\/v2\/media\/5254"}],"wp:attachment":[{"href":"https:\/\/www.masaki-parfums.com\/fr\/wp-json\/wp\/v2\/media?parent=3976"}],"wp:term":[{"taxonomy":"product_brand","embeddable":true,"href":"https:\/\/www.masaki-parfums.com\/fr\/wp-json\/wp\/v2\/product_brand?post=3976"},{"taxonomy":"product_cat","embeddable":true,"href":"https:\/\/www.masaki-parfums.com\/fr\/wp-json\/wp\/v2\/product_cat?post=3976"},{"taxonomy":"product_tag","embeddable":true,"href":"https:\/\/www.masaki-parfums.com\/fr\/wp-json\/wp\/v2\/product_tag?post=3976"}],"curies":[{"name":"wp","href":"https:\/\/api.w.org\/{rel}","templated":true}]}}