{"id":4056,"date":"2024-01-24T15:39:41","date_gmt":"2024-01-24T15:39:41","guid":{"rendered":"https:\/\/www.masaki-parfums.com\/?post_type=product&#038;p=4056"},"modified":"2026-05-12T17:01:17","modified_gmt":"2026-05-12T15:01:17","slug":"feminine-discovery-set","status":"publish","type":"product","link":"https:\/\/www.masaki-parfums.com\/fr\/shop\/feminine-discovery-set\/","title":{"rendered":"Coffret D\u00e9couverte pour Elle"},"content":{"rendered":"<p>Essayer un parfum sur votre peau et le porter pendant quelques jours est essentiel pour faire le bon choix. Plongez dans l\u2019univers de Masak\u00ef avec notre Coffret D\u00e9couverte et explorez la collection de fragrances f\u00e9minines.<\/p>","protected":false},"excerpt":{"rendered":"<p>Notre Coffret D\u00e9couverte pour Elle comprend des \u00e9chantillons de 1 ml \/ 0,03 oz de <a href=\"https:\/\/www.masaki-parfums.com\/fr\/shop\/niji-mat\/\">Niji mat;<\/a>, <a href=\"https:\/\/www.masaki-parfums.com\/fr\/shop\/matsu-ki\/\">Matsu K\u00ef<\/a>, <a href=\"https:\/\/www.masaki-parfums.com\/fr\/shop\/hana\/\">H\u00e4Na<\/a>, <a href=\"https:\/\/www.masaki-parfums.com\/fr\/shop\/shiro\/\">Shiro<\/a>, <a href=\"https:\/\/www.masaki-parfums.com\/fr\/shop\/masaki-fluo\/\">Masaki Fluo<\/a>, <a href=\"https:\/\/www.masaki-parfums.com\/fr\/shop\/suu\/\">Suu&#8230;<\/a>,\u00a0<a href=\"https:\/\/www.masaki-parfums.com\/fr\/shop\/mat-limited\/\">mat; limited<\/a>, <a href=\"https:\/\/www.masaki-parfums.com\/fr\/shop\/matsu-sakura\/\">Matsu Sakura<\/a>, <a href=\"https:\/\/www.masaki-parfums.com\/fr\/shop\/matsu-sunshine\/\">Matsu Sunsh\u00efne<\/a>, <a href=\"https:\/\/www.masaki-parfums.com\/fr\/shop\/masaki-masaki\/\">Masak\u00ef \/ Masak\u00ef<\/a>, <a href=\"https:\/\/www.masaki-parfums.com\/fr\/shop\/t-mat\/\">T-mat;<\/a>et <a href=\"https:\/\/www.masaki-parfums.com\/fr\/shop\/j-mat\/\">J-mat;<\/a>.<\/p>\n<p>Achetez un Coffret D\u00e9couverte et recevez un bon de r\u00e9duction valable sur votre prochaine commande \u2014 l\u2019occasion id\u00e9ale de profiter d\u2019un flacon grand format de votre nouveau parfum signature Masaki.<\/p>","protected":false},"featured_media":7781,"template":"","meta":{"_acf_changed":false,"jetpack_publicize_message":"","jetpack_publicize_feature_enabled":true,"jetpack_social_post_already_shared":false,"jetpack_social_options":{"image_generator_settings":{"template":"highway","default_image_id":0,"font":"","enabled":false},"version":2}},"product_brand":[],"product_cat":[143,135],"product_tag":[],"class_list":{"0":"post-4056","1":"product","2":"type-product","3":"status-publish","4":"has-post-thumbnail","6":"product_cat-discovery-feminine","7":"product_cat-feminine","9":"first","10":"instock","11":"sold-individually","12":"taxable","13":"shipping-taxable","14":"purchasable","15":"product-type-simple"},"acf":[],"yoast_head":"<!-- This site is optimized with the Yoast SEO Premium plugin v24.7 (Yoast SEO v27.6) - https:\/\/yoast.com\/product\/yoast-seo-premium-wordpress\/ -->\n<title>Discovery Set For Her - Masak\u00ef Parfums<\/title>\n<meta name=\"description\" content=\"Want to try before ordering a full bottle? It is now possible with the feminine discovery set on the Masak\u00ef Parfums official store. Worldwide shipping.\" \/>\n<meta name=\"robots\" content=\"index, follow, max-snippet:-1, max-image-preview:large, max-video-preview:-1\" \/>\n<link rel=\"canonical\" href=\"https:\/\/www.masaki-parfums.com\/fr\/shop\/feminine-discovery-set\/\" \/>\n<meta property=\"og:locale\" content=\"fr_FR\" \/>\n<meta property=\"og:type\" content=\"article\" \/>\n<meta property=\"og:title\" content=\"Discovery Set For Her\" \/>\n<meta property=\"og:description\" content=\"Want to try before ordering a full bottle? It is now possible with the feminine discovery set on the Masak\u00ef Parfums official store. Worldwide shipping.\" \/>\n<meta property=\"og:url\" content=\"https:\/\/www.masaki-parfums.com\/fr\/shop\/feminine-discovery-set\/\" \/>\n<meta property=\"og:site_name\" content=\"Masak\u00ef Parfums\" \/>\n<meta property=\"article:modified_time\" content=\"2026-05-12T15:01:17+00:00\" \/>\n<meta property=\"og:image\" content=\"https:\/\/www.masaki-parfums.com\/wp-content\/uploads\/2026\/04\/2026-Masaki-Feminine-Discovery-Set-1.webp\" \/>\n\t<meta property=\"og:image:width\" content=\"2048\" \/>\n\t<meta property=\"og:image:height\" content=\"2048\" \/>\n\t<meta property=\"og:image:type\" content=\"image\/webp\" \/>\n<meta name=\"twitter:card\" content=\"summary_large_image\" \/>\n<meta name=\"twitter:label1\" content=\"Dur\u00e9e de lecture estim\u00e9e\" \/>\n\t<meta name=\"twitter:data1\" content=\"1 minute\" \/>\n<script type=\"application\/ld+json\" class=\"yoast-schema-graph\">{\"@context\":\"https:\\\/\\\/schema.org\",\"@graph\":[{\"@type\":\"WebPage\",\"@id\":\"https:\\\/\\\/www.masaki-parfums.com\\\/shop\\\/feminine-discovery-set\\\/\",\"url\":\"https:\\\/\\\/www.masaki-parfums.com\\\/shop\\\/feminine-discovery-set\\\/\",\"name\":\"Discovery Set For Her - Masak\u00ef Parfums\",\"isPartOf\":{\"@id\":\"https:\\\/\\\/www.masaki-parfums.com\\\/#website\"},\"primaryImageOfPage\":{\"@id\":\"https:\\\/\\\/www.masaki-parfums.com\\\/shop\\\/feminine-discovery-set\\\/#primaryimage\"},\"image\":{\"@id\":\"https:\\\/\\\/www.masaki-parfums.com\\\/shop\\\/feminine-discovery-set\\\/#primaryimage\"},\"thumbnailUrl\":\"https:\\\/\\\/i0.wp.com\\\/www.masaki-parfums.com\\\/wp-content\\\/uploads\\\/2026\\\/04\\\/2026-Masaki-Feminine-Discovery-Set-1.webp?fit=2048%2C2048&ssl=1\",\"datePublished\":\"2024-01-24T15:39:41+00:00\",\"dateModified\":\"2026-05-12T15:01:17+00:00\",\"description\":\"Want to try before ordering a full bottle? It is now possible with the feminine discovery set on the Masak\u00ef Parfums official store. Worldwide shipping.\",\"breadcrumb\":{\"@id\":\"https:\\\/\\\/www.masaki-parfums.com\\\/shop\\\/feminine-discovery-set\\\/#breadcrumb\"},\"inLanguage\":\"fr-FR\",\"potentialAction\":[{\"@type\":\"ReadAction\",\"target\":[\"https:\\\/\\\/www.masaki-parfums.com\\\/shop\\\/feminine-discovery-set\\\/\"]}]},{\"@type\":\"ImageObject\",\"inLanguage\":\"fr-FR\",\"@id\":\"https:\\\/\\\/www.masaki-parfums.com\\\/shop\\\/feminine-discovery-set\\\/#primaryimage\",\"url\":\"https:\\\/\\\/i0.wp.com\\\/www.masaki-parfums.com\\\/wp-content\\\/uploads\\\/2026\\\/04\\\/2026-Masaki-Feminine-Discovery-Set-1.webp?fit=2048%2C2048&ssl=1\",\"contentUrl\":\"https:\\\/\\\/i0.wp.com\\\/www.masaki-parfums.com\\\/wp-content\\\/uploads\\\/2026\\\/04\\\/2026-Masaki-Feminine-Discovery-Set-1.webp?fit=2048%2C2048&ssl=1\",\"width\":2048,\"height\":2048,\"caption\":\"Masaki Feminine Discovery Set\"},{\"@type\":\"BreadcrumbList\",\"@id\":\"https:\\\/\\\/www.masaki-parfums.com\\\/shop\\\/feminine-discovery-set\\\/#breadcrumb\",\"itemListElement\":[{\"@type\":\"ListItem\",\"position\":1,\"name\":\"Home\",\"item\":\"https:\\\/\\\/www.masaki-parfums.com\\\/\"},{\"@type\":\"ListItem\",\"position\":2,\"name\":\"Products\",\"item\":\"https:\\\/\\\/www.masaki-parfums.com\\\/eshop\\\/\"},{\"@type\":\"ListItem\",\"position\":3,\"name\":\"Discovery Set For Her\"}]},{\"@type\":\"WebSite\",\"@id\":\"https:\\\/\\\/www.masaki-parfums.com\\\/#website\",\"url\":\"https:\\\/\\\/www.masaki-parfums.com\\\/\",\"name\":\"Masak\u00ef Parfums\",\"description\":\"Official Store\",\"publisher\":{\"@id\":\"https:\\\/\\\/www.masaki-parfums.com\\\/#organization\"},\"potentialAction\":[{\"@type\":\"SearchAction\",\"target\":{\"@type\":\"EntryPoint\",\"urlTemplate\":\"https:\\\/\\\/www.masaki-parfums.com\\\/?s={search_term_string}\"},\"query-input\":{\"@type\":\"PropertyValueSpecification\",\"valueRequired\":true,\"valueName\":\"search_term_string\"}}],\"inLanguage\":\"fr-FR\"},{\"@type\":\"Organization\",\"@id\":\"https:\\\/\\\/www.masaki-parfums.com\\\/#organization\",\"name\":\"Masak\u00ef Parfums\",\"url\":\"https:\\\/\\\/www.masaki-parfums.com\\\/\",\"logo\":{\"@type\":\"ImageObject\",\"inLanguage\":\"fr-FR\",\"@id\":\"https:\\\/\\\/www.masaki-parfums.com\\\/#\\\/schema\\\/logo\\\/image\\\/\",\"url\":\"https:\\\/\\\/i0.wp.com\\\/www.masaki-parfums.com\\\/wp-content\\\/uploads\\\/2023\\\/10\\\/logo-masaki-350x350-1.png?fit=350%2C350&ssl=1\",\"contentUrl\":\"https:\\\/\\\/i0.wp.com\\\/www.masaki-parfums.com\\\/wp-content\\\/uploads\\\/2023\\\/10\\\/logo-masaki-350x350-1.png?fit=350%2C350&ssl=1\",\"width\":350,\"height\":350,\"caption\":\"Masak\u00ef Parfums\"},\"image\":{\"@id\":\"https:\\\/\\\/www.masaki-parfums.com\\\/#\\\/schema\\\/logo\\\/image\\\/\"}}]}<\/script>\n<!-- \/ Yoast SEO Premium plugin. -->","yoast_head_json":{"title":"Discovery Set For Her - Masak\u00ef Parfums","description":"Want to try before ordering a full bottle? It is now possible with the feminine discovery set on the Masak\u00ef Parfums official store. Worldwide shipping.","robots":{"index":"index","follow":"follow","max-snippet":"max-snippet:-1","max-image-preview":"max-image-preview:large","max-video-preview":"max-video-preview:-1"},"canonical":"https:\/\/www.masaki-parfums.com\/fr\/shop\/feminine-discovery-set\/","og_locale":"fr_FR","og_type":"article","og_title":"Discovery Set For Her","og_description":"Want to try before ordering a full bottle? It is now possible with the feminine discovery set on the Masak\u00ef Parfums official store. Worldwide shipping.","og_url":"https:\/\/www.masaki-parfums.com\/fr\/shop\/feminine-discovery-set\/","og_site_name":"Masak\u00ef Parfums","article_modified_time":"2026-05-12T15:01:17+00:00","og_image":[{"width":2048,"height":2048,"url":"https:\/\/www.masaki-parfums.com\/wp-content\/uploads\/2026\/04\/2026-Masaki-Feminine-Discovery-Set-1.webp","type":"image\/webp"}],"twitter_card":"summary_large_image","twitter_misc":{"Dur\u00e9e de lecture estim\u00e9e":"1 minute"},"schema":{"@context":"https:\/\/schema.org","@graph":[{"@type":"WebPage","@id":"https:\/\/www.masaki-parfums.com\/shop\/feminine-discovery-set\/","url":"https:\/\/www.masaki-parfums.com\/shop\/feminine-discovery-set\/","name":"Discovery Set For Her - Masak\u00ef Parfums","isPartOf":{"@id":"https:\/\/www.masaki-parfums.com\/#website"},"primaryImageOfPage":{"@id":"https:\/\/www.masaki-parfums.com\/shop\/feminine-discovery-set\/#primaryimage"},"image":{"@id":"https:\/\/www.masaki-parfums.com\/shop\/feminine-discovery-set\/#primaryimage"},"thumbnailUrl":"https:\/\/i0.wp.com\/www.masaki-parfums.com\/wp-content\/uploads\/2026\/04\/2026-Masaki-Feminine-Discovery-Set-1.webp?fit=2048%2C2048&ssl=1","datePublished":"2024-01-24T15:39:41+00:00","dateModified":"2026-05-12T15:01:17+00:00","description":"Want to try before ordering a full bottle? It is now possible with the feminine discovery set on the Masak\u00ef Parfums official store. Worldwide shipping.","breadcrumb":{"@id":"https:\/\/www.masaki-parfums.com\/shop\/feminine-discovery-set\/#breadcrumb"},"inLanguage":"fr-FR","potentialAction":[{"@type":"ReadAction","target":["https:\/\/www.masaki-parfums.com\/shop\/feminine-discovery-set\/"]}]},{"@type":"ImageObject","inLanguage":"fr-FR","@id":"https:\/\/www.masaki-parfums.com\/shop\/feminine-discovery-set\/#primaryimage","url":"https:\/\/i0.wp.com\/www.masaki-parfums.com\/wp-content\/uploads\/2026\/04\/2026-Masaki-Feminine-Discovery-Set-1.webp?fit=2048%2C2048&ssl=1","contentUrl":"https:\/\/i0.wp.com\/www.masaki-parfums.com\/wp-content\/uploads\/2026\/04\/2026-Masaki-Feminine-Discovery-Set-1.webp?fit=2048%2C2048&ssl=1","width":2048,"height":2048,"caption":"Masaki Feminine Discovery Set"},{"@type":"BreadcrumbList","@id":"https:\/\/www.masaki-parfums.com\/shop\/feminine-discovery-set\/#breadcrumb","itemListElement":[{"@type":"ListItem","position":1,"name":"Home","item":"https:\/\/www.masaki-parfums.com\/"},{"@type":"ListItem","position":2,"name":"Products","item":"https:\/\/www.masaki-parfums.com\/eshop\/"},{"@type":"ListItem","position":3,"name":"Discovery Set For Her"}]},{"@type":"WebSite","@id":"https:\/\/www.masaki-parfums.com\/#website","url":"https:\/\/www.masaki-parfums.com\/","name":"Masak\u00ef Parfums","description":"Official Store","publisher":{"@id":"https:\/\/www.masaki-parfums.com\/#organization"},"potentialAction":[{"@type":"SearchAction","target":{"@type":"EntryPoint","urlTemplate":"https:\/\/www.masaki-parfums.com\/?s={search_term_string}"},"query-input":{"@type":"PropertyValueSpecification","valueRequired":true,"valueName":"search_term_string"}}],"inLanguage":"fr-FR"},{"@type":"Organization","@id":"https:\/\/www.masaki-parfums.com\/#organization","name":"Masak\u00ef Parfums","url":"https:\/\/www.masaki-parfums.com\/","logo":{"@type":"ImageObject","inLanguage":"fr-FR","@id":"https:\/\/www.masaki-parfums.com\/#\/schema\/logo\/image\/","url":"https:\/\/i0.wp.com\/www.masaki-parfums.com\/wp-content\/uploads\/2023\/10\/logo-masaki-350x350-1.png?fit=350%2C350&ssl=1","contentUrl":"https:\/\/i0.wp.com\/www.masaki-parfums.com\/wp-content\/uploads\/2023\/10\/logo-masaki-350x350-1.png?fit=350%2C350&ssl=1","width":350,"height":350,"caption":"Masak\u00ef Parfums"},"image":{"@id":"https:\/\/www.masaki-parfums.com\/#\/schema\/logo\/image\/"}}]}},"jetpack_publicize_connections":[],"jetpack_sharing_enabled":true,"jetpack_likes_enabled":true,"_links":{"self":[{"href":"https:\/\/www.masaki-parfums.com\/fr\/wp-json\/wp\/v2\/product\/4056","targetHints":{"allow":["GET"]}}],"collection":[{"href":"https:\/\/www.masaki-parfums.com\/fr\/wp-json\/wp\/v2\/product"}],"about":[{"href":"https:\/\/www.masaki-parfums.com\/fr\/wp-json\/wp\/v2\/types\/product"}],"wp:featuredmedia":[{"embeddable":true,"href":"https:\/\/www.masaki-parfums.com\/fr\/wp-json\/wp\/v2\/media\/7781"}],"wp:attachment":[{"href":"https:\/\/www.masaki-parfums.com\/fr\/wp-json\/wp\/v2\/media?parent=4056"}],"wp:term":[{"taxonomy":"product_brand","embeddable":true,"href":"https:\/\/www.masaki-parfums.com\/fr\/wp-json\/wp\/v2\/product_brand?post=4056"},{"taxonomy":"product_cat","embeddable":true,"href":"https:\/\/www.masaki-parfums.com\/fr\/wp-json\/wp\/v2\/product_cat?post=4056"},{"taxonomy":"product_tag","embeddable":true,"href":"https:\/\/www.masaki-parfums.com\/fr\/wp-json\/wp\/v2\/product_tag?post=4056"}],"curies":[{"name":"wp","href":"https:\/\/api.w.org\/{rel}","templated":true}]}}