{"id":7224,"date":"2025-05-23T12:59:05","date_gmt":"2025-05-23T10:59:05","guid":{"rendered":"https:\/\/www.masaki-parfums.com\/?post_type=product&#038;p=7224"},"modified":"2025-09-20T13:11:00","modified_gmt":"2025-09-20T11:11:00","slug":"matsu-ki","status":"publish","type":"product","link":"https:\/\/www.masaki-parfums.com\/fr\/shop\/matsu-ki\/","title":{"rendered":"Matsu K\u00ef"},"content":{"rendered":"<p style=\"text-align: center;\"><strong>NOTES DE T\u00caTE<\/strong><\/p>\n<p style=\"text-align: center;\"><em>Accord Mandarine Keraji, Huile de Bergamote, Framboise, Accord Orangette<\/em><\/p>\n<p style=\"text-align: center;\"><strong>NOTES DU C\u0152UR<\/strong><\/p>\n<p style=\"text-align: center;\"><em>Miel de Fleur d\u2019Oranger, Huile de Lavande, Huile de N\u00e9roli de Tunisie, Huile de Baies Roses<\/em><\/p>\n<p style=\"text-align: center;\"><strong>NOTES DE FOND<\/strong><\/p>\n<p style=\"text-align: center;\"><em>Absolu de Fleur d\u2019Oranger de Tunisie, Caramel grill\u00e9, Amberwood, Musc<\/em><\/p>\n<p>&nbsp;<\/p>\n<h4><strong>LA FRAGRANCE<\/strong><\/h4>\n<p>Matsu K\u00ef, le tout nouveau parfum de la collection Matsu, est une fragrance lumineuse qui exhale la joie, l\u2019\u00e9nergie et une vibrante jeunesse.<\/p>\n<p class=\"cvGsUA direction-ltr align-start para-style-body\"><span class=\"OYPEnA font-feature-liga-off font-feature-clig-off font-feature-calt-off text-decoration-none text-strikethrough-none\">La fragrance s\u2019ouvre sur une envol\u00e9e vivifiante d\u2019accord de mandarine Keraji et d\u2019huile de bergamote. L\u2019ouverture est sublim\u00e9e par la douceur juteuse de la framboise et la note d\u2019agrume confite de l\u2019accord orangette. <\/span><span class=\"OYPEnA font-feature-liga-off font-feature-clig-off font-feature-calt-off text-decoration-none text-strikethrough-none\">Puis, en c\u0153ur, la fleur d\u2019oranger fran\u00e7aise se m\u00eale \u00e0 la touche apaisante de l\u2019huile de lavande. Les notes florales \u00e9clatantes de l\u2019huile de n\u00e9roli de Tunisie, associ\u00e9es \u00e0 l\u2019huile de baies roses, apportent une subtile \u00e9tincelle. <\/span><span class=\"OYPEnA font-feature-liga-off font-feature-clig-off font-feature-calt-off text-decoration-none text-strikethrough-none\">Enfin, la fragrance s\u2019installe sur un fond chaleureux et sensuel d\u2019absolu de fleur d\u2019oranger de Tunisie, de caramel grill\u00e9, d\u2019amberwood et de musc d\u00e9licat, offrant un contraste captivant entre \u00e9clat lumineux et chaleur gourmande. <\/span><span class=\"OYPEnA font-feature-liga-off font-feature-clig-off font-feature-calt-off text-decoration-none text-strikethrough-none\">Le r\u00e9sultat est un contraste saisissant, \u00e0 la fois moderne et chaleureux, entre luminosit\u00e9 rayonnante et sensualit\u00e9 enveloppante.<\/span><\/p>\n<p>\u00ab J\u2019ai souhait\u00e9 cr\u00e9er une fragrance suspendue entre l\u2019\u00e9l\u00e9gance fran\u00e7aise et la d\u00e9licatesse japonaise, o\u00f9 la fleur d\u2019oranger intemporelle est r\u00e9invent\u00e9e avec raffinement et gourmandise. Pour habiller cette fleur d\u2019oranger, j\u2019ai choisi de cr\u00e9er un duo de mandarine Keraji pour son c\u00f4t\u00e9 naturel, doux et p\u00e9tillant, associ\u00e9 \u00e0 un accord orangette pour ses facettes d\u00e9licieusement confites. Un contraste entre vivacit\u00e9 et chaleur qui \u00e9voque un \u00e9quilibre subtil : une fusion entre la puret\u00e9 japonaise et la profondeur fran\u00e7aise, donnant naissance \u00e0 une addiction \u00e0 la fois douce et captivante. \u00bb \u2013 Leonardo Lucheze<\/p>\n<p>Avec Matsu K\u00ef, Masak\u00ef Matsuh\u00efma et le parfumeur Leonardo Lucheze donnent vie \u00e0 une fragrance \u00e0 la fois lumineuse et tendre, un \u00e9quilibre harmonieux entre \u00e9clat des agrumes et douceur florale.<\/p>\n<p>Parfumeur : <strong>Leonardo Lucheze<\/strong><\/p>\n<p>Designer: <a href=\"https:\/\/www.masaki-parfums.com\/fr\/universe\/\"><strong>Masaki Matsushima<\/strong><\/a><\/p>\n<p><span style=\"font-weight: 400;\">Vaporisateur Naturel : 80ml \/ 2.7 oz | 40ml \/ 1.4 oz | 10ml \/ 0.3 oz | 1ml \/ 0.03 oz<\/span><\/p>","protected":false},"excerpt":{"rendered":"<p><strong>LE CONCEPT<\/strong><\/p>\n<p>Matsu K\u00ef incarne cette essence \u2014 une v\u00e9ritable impulsion de vie, capturant une \u00e9nergie fra\u00eeche et stimulante. Sa composition hesp\u00e9rid\u00e9e florale et musqu\u00e9e, centr\u00e9e autour de la fleur d\u2019oranger, m\u00eale une vivacit\u00e9 p\u00e9tillante \u00e0 des notes florales d\u00e9licates et \u00e0 une chaleur douce et a\u00e9rienne, \u00e9voquant un sentiment de joie l\u00e9g\u00e8re.<\/p>\n<p>Cette vitalit\u00e9 se refl\u00e8te dans le design du flacon. Une forme douce et arrondie, au fini givr\u00e9, qui enveloppe la fragrance aux nuances orang\u00e9es lumineuses. Le capot orange intense et le lettrage blanc cr\u00e9ent un contraste saisissant, refl\u00e9tant le caract\u00e8re \u00e0 la fois ludique et raffin\u00e9 du parfum.<\/p>","protected":false},"featured_media":7225,"template":"","meta":{"_acf_changed":false,"jetpack_post_was_ever_published":false,"jetpack_publicize_message":"","jetpack_publicize_feature_enabled":true,"jetpack_social_post_already_shared":true,"jetpack_social_options":{"image_generator_settings":{"template":"highway","default_image_id":0,"font":"","enabled":false},"version":2}},"product_brand":[],"product_cat":[135],"product_tag":[156],"class_list":{"0":"post-7224","1":"product","2":"type-product","3":"status-publish","4":"has-post-thumbnail","6":"product_cat-feminine","7":"product_tag-matsu-ki","9":"first","10":"instock","11":"taxable","12":"shipping-taxable","13":"purchasable","14":"product-type-variable"},"acf":[],"yoast_head":"<!-- This site is optimized with the Yoast SEO Premium plugin v24.7 (Yoast SEO v27.5) - https:\/\/yoast.com\/product\/yoast-seo-premium-wordpress\/ -->\n<title>Matsu K\u00ef - Fragrance by Masak\u00ef Parfums<\/title>\n<meta name=\"description\" content=\"Discover Matsu K\u00ef by Masak\u00ef Parfums: A radiant fragrance that exudes joy and energy - Available now on the Official Masak\u00ef Parfums Online Boutique\" \/>\n<meta name=\"robots\" content=\"index, follow, max-snippet:-1, max-image-preview:large, max-video-preview:-1\" \/>\n<link rel=\"canonical\" href=\"https:\/\/www.masaki-parfums.com\/fr\/shop\/matsu-ki\/\" \/>\n<meta property=\"og:locale\" content=\"fr_FR\" \/>\n<meta property=\"og:type\" content=\"article\" \/>\n<meta property=\"og:title\" content=\"Matsu K\u00ef\" \/>\n<meta property=\"og:description\" content=\"Discover Matsu K\u00ef by Masak\u00ef Parfums: A radiant fragrance that exudes joy and energy - Available now on the Official Masak\u00ef Parfums Online Boutique\" \/>\n<meta property=\"og:url\" content=\"https:\/\/www.masaki-parfums.com\/fr\/shop\/matsu-ki\/\" \/>\n<meta property=\"og:site_name\" content=\"Masak\u00ef Parfums\" \/>\n<meta property=\"article:modified_time\" content=\"2025-09-20T11:11:00+00:00\" \/>\n<meta property=\"og:image\" content=\"https:\/\/www.masaki-parfums.com\/wp-content\/uploads\/2025\/05\/HD-matsu-ki-80ml-no-bubble-v2-scaled.webp\" \/>\n\t<meta property=\"og:image:width\" content=\"2560\" \/>\n\t<meta property=\"og:image:height\" content=\"2560\" \/>\n\t<meta property=\"og:image:type\" content=\"image\/webp\" \/>\n<meta name=\"twitter:card\" content=\"summary_large_image\" \/>\n<meta name=\"twitter:label1\" content=\"Dur\u00e9e de lecture estim\u00e9e\" \/>\n\t<meta name=\"twitter:data1\" content=\"2 minutes\" \/>\n<script type=\"application\/ld+json\" class=\"yoast-schema-graph\">{\"@context\":\"https:\\\/\\\/schema.org\",\"@graph\":[{\"@type\":\"WebPage\",\"@id\":\"https:\\\/\\\/www.masaki-parfums.com\\\/shop\\\/matsu-ki\\\/\",\"url\":\"https:\\\/\\\/www.masaki-parfums.com\\\/shop\\\/matsu-ki\\\/\",\"name\":\"Matsu K\u00ef - Fragrance by Masak\u00ef Parfums\",\"isPartOf\":{\"@id\":\"https:\\\/\\\/www.masaki-parfums.com\\\/#website\"},\"primaryImageOfPage\":{\"@id\":\"https:\\\/\\\/www.masaki-parfums.com\\\/shop\\\/matsu-ki\\\/#primaryimage\"},\"image\":{\"@id\":\"https:\\\/\\\/www.masaki-parfums.com\\\/shop\\\/matsu-ki\\\/#primaryimage\"},\"thumbnailUrl\":\"https:\\\/\\\/i0.wp.com\\\/www.masaki-parfums.com\\\/wp-content\\\/uploads\\\/2025\\\/05\\\/HD-matsu-ki-80ml-no-bubble-v2-scaled.webp?fit=2560%2C2560&ssl=1\",\"datePublished\":\"2025-05-23T10:59:05+00:00\",\"dateModified\":\"2025-09-20T11:11:00+00:00\",\"description\":\"Discover Matsu K\u00ef by Masak\u00ef Parfums: A radiant fragrance that exudes joy and energy - Available now on the Official Masak\u00ef Parfums Online Boutique\",\"breadcrumb\":{\"@id\":\"https:\\\/\\\/www.masaki-parfums.com\\\/shop\\\/matsu-ki\\\/#breadcrumb\"},\"inLanguage\":\"fr-FR\",\"potentialAction\":[{\"@type\":\"ReadAction\",\"target\":[\"https:\\\/\\\/www.masaki-parfums.com\\\/shop\\\/matsu-ki\\\/\"]}]},{\"@type\":\"ImageObject\",\"inLanguage\":\"fr-FR\",\"@id\":\"https:\\\/\\\/www.masaki-parfums.com\\\/shop\\\/matsu-ki\\\/#primaryimage\",\"url\":\"https:\\\/\\\/i0.wp.com\\\/www.masaki-parfums.com\\\/wp-content\\\/uploads\\\/2025\\\/05\\\/HD-matsu-ki-80ml-no-bubble-v2-scaled.webp?fit=2560%2C2560&ssl=1\",\"contentUrl\":\"https:\\\/\\\/i0.wp.com\\\/www.masaki-parfums.com\\\/wp-content\\\/uploads\\\/2025\\\/05\\\/HD-matsu-ki-80ml-no-bubble-v2-scaled.webp?fit=2560%2C2560&ssl=1\",\"width\":2560,\"height\":2560,\"caption\":\"Matsu Ki Masaki Paris Parfums\"},{\"@type\":\"BreadcrumbList\",\"@id\":\"https:\\\/\\\/www.masaki-parfums.com\\\/shop\\\/matsu-ki\\\/#breadcrumb\",\"itemListElement\":[{\"@type\":\"ListItem\",\"position\":1,\"name\":\"Home\",\"item\":\"https:\\\/\\\/www.masaki-parfums.com\\\/\"},{\"@type\":\"ListItem\",\"position\":2,\"name\":\"Products\",\"item\":\"https:\\\/\\\/www.masaki-parfums.com\\\/eshop\\\/\"},{\"@type\":\"ListItem\",\"position\":3,\"name\":\"Matsu K\u00ef\"}]},{\"@type\":\"WebSite\",\"@id\":\"https:\\\/\\\/www.masaki-parfums.com\\\/#website\",\"url\":\"https:\\\/\\\/www.masaki-parfums.com\\\/\",\"name\":\"Masak\u00ef Parfums\",\"description\":\"Official Store\",\"publisher\":{\"@id\":\"https:\\\/\\\/www.masaki-parfums.com\\\/#organization\"},\"potentialAction\":[{\"@type\":\"SearchAction\",\"target\":{\"@type\":\"EntryPoint\",\"urlTemplate\":\"https:\\\/\\\/www.masaki-parfums.com\\\/?s={search_term_string}\"},\"query-input\":{\"@type\":\"PropertyValueSpecification\",\"valueRequired\":true,\"valueName\":\"search_term_string\"}}],\"inLanguage\":\"fr-FR\"},{\"@type\":\"Organization\",\"@id\":\"https:\\\/\\\/www.masaki-parfums.com\\\/#organization\",\"name\":\"Masak\u00ef Parfums\",\"url\":\"https:\\\/\\\/www.masaki-parfums.com\\\/\",\"logo\":{\"@type\":\"ImageObject\",\"inLanguage\":\"fr-FR\",\"@id\":\"https:\\\/\\\/www.masaki-parfums.com\\\/#\\\/schema\\\/logo\\\/image\\\/\",\"url\":\"https:\\\/\\\/i0.wp.com\\\/www.masaki-parfums.com\\\/wp-content\\\/uploads\\\/2023\\\/10\\\/logo-masaki-350x350-1.png?fit=350%2C350&ssl=1\",\"contentUrl\":\"https:\\\/\\\/i0.wp.com\\\/www.masaki-parfums.com\\\/wp-content\\\/uploads\\\/2023\\\/10\\\/logo-masaki-350x350-1.png?fit=350%2C350&ssl=1\",\"width\":350,\"height\":350,\"caption\":\"Masak\u00ef Parfums\"},\"image\":{\"@id\":\"https:\\\/\\\/www.masaki-parfums.com\\\/#\\\/schema\\\/logo\\\/image\\\/\"}}]}<\/script>\n<!-- \/ Yoast SEO Premium plugin. -->","yoast_head_json":{"title":"Matsu K\u00ef - Fragrance by Masak\u00ef Parfums","description":"Discover Matsu K\u00ef by Masak\u00ef Parfums: A radiant fragrance that exudes joy and energy - Available now on the Official Masak\u00ef Parfums Online Boutique","robots":{"index":"index","follow":"follow","max-snippet":"max-snippet:-1","max-image-preview":"max-image-preview:large","max-video-preview":"max-video-preview:-1"},"canonical":"https:\/\/www.masaki-parfums.com\/fr\/shop\/matsu-ki\/","og_locale":"fr_FR","og_type":"article","og_title":"Matsu K\u00ef","og_description":"Discover Matsu K\u00ef by Masak\u00ef Parfums: A radiant fragrance that exudes joy and energy - Available now on the Official Masak\u00ef Parfums Online Boutique","og_url":"https:\/\/www.masaki-parfums.com\/fr\/shop\/matsu-ki\/","og_site_name":"Masak\u00ef Parfums","article_modified_time":"2025-09-20T11:11:00+00:00","og_image":[{"width":2560,"height":2560,"url":"https:\/\/www.masaki-parfums.com\/wp-content\/uploads\/2025\/05\/HD-matsu-ki-80ml-no-bubble-v2-scaled.webp","type":"image\/webp"}],"twitter_card":"summary_large_image","twitter_misc":{"Dur\u00e9e de lecture estim\u00e9e":"2 minutes"},"schema":{"@context":"https:\/\/schema.org","@graph":[{"@type":"WebPage","@id":"https:\/\/www.masaki-parfums.com\/shop\/matsu-ki\/","url":"https:\/\/www.masaki-parfums.com\/shop\/matsu-ki\/","name":"Matsu K\u00ef - Fragrance by Masak\u00ef Parfums","isPartOf":{"@id":"https:\/\/www.masaki-parfums.com\/#website"},"primaryImageOfPage":{"@id":"https:\/\/www.masaki-parfums.com\/shop\/matsu-ki\/#primaryimage"},"image":{"@id":"https:\/\/www.masaki-parfums.com\/shop\/matsu-ki\/#primaryimage"},"thumbnailUrl":"https:\/\/i0.wp.com\/www.masaki-parfums.com\/wp-content\/uploads\/2025\/05\/HD-matsu-ki-80ml-no-bubble-v2-scaled.webp?fit=2560%2C2560&ssl=1","datePublished":"2025-05-23T10:59:05+00:00","dateModified":"2025-09-20T11:11:00+00:00","description":"Discover Matsu K\u00ef by Masak\u00ef Parfums: A radiant fragrance that exudes joy and energy - Available now on the Official Masak\u00ef Parfums Online Boutique","breadcrumb":{"@id":"https:\/\/www.masaki-parfums.com\/shop\/matsu-ki\/#breadcrumb"},"inLanguage":"fr-FR","potentialAction":[{"@type":"ReadAction","target":["https:\/\/www.masaki-parfums.com\/shop\/matsu-ki\/"]}]},{"@type":"ImageObject","inLanguage":"fr-FR","@id":"https:\/\/www.masaki-parfums.com\/shop\/matsu-ki\/#primaryimage","url":"https:\/\/i0.wp.com\/www.masaki-parfums.com\/wp-content\/uploads\/2025\/05\/HD-matsu-ki-80ml-no-bubble-v2-scaled.webp?fit=2560%2C2560&ssl=1","contentUrl":"https:\/\/i0.wp.com\/www.masaki-parfums.com\/wp-content\/uploads\/2025\/05\/HD-matsu-ki-80ml-no-bubble-v2-scaled.webp?fit=2560%2C2560&ssl=1","width":2560,"height":2560,"caption":"Matsu Ki Masaki Paris Parfums"},{"@type":"BreadcrumbList","@id":"https:\/\/www.masaki-parfums.com\/shop\/matsu-ki\/#breadcrumb","itemListElement":[{"@type":"ListItem","position":1,"name":"Home","item":"https:\/\/www.masaki-parfums.com\/"},{"@type":"ListItem","position":2,"name":"Products","item":"https:\/\/www.masaki-parfums.com\/eshop\/"},{"@type":"ListItem","position":3,"name":"Matsu K\u00ef"}]},{"@type":"WebSite","@id":"https:\/\/www.masaki-parfums.com\/#website","url":"https:\/\/www.masaki-parfums.com\/","name":"Masak\u00ef Parfums","description":"Official Store","publisher":{"@id":"https:\/\/www.masaki-parfums.com\/#organization"},"potentialAction":[{"@type":"SearchAction","target":{"@type":"EntryPoint","urlTemplate":"https:\/\/www.masaki-parfums.com\/?s={search_term_string}"},"query-input":{"@type":"PropertyValueSpecification","valueRequired":true,"valueName":"search_term_string"}}],"inLanguage":"fr-FR"},{"@type":"Organization","@id":"https:\/\/www.masaki-parfums.com\/#organization","name":"Masak\u00ef Parfums","url":"https:\/\/www.masaki-parfums.com\/","logo":{"@type":"ImageObject","inLanguage":"fr-FR","@id":"https:\/\/www.masaki-parfums.com\/#\/schema\/logo\/image\/","url":"https:\/\/i0.wp.com\/www.masaki-parfums.com\/wp-content\/uploads\/2023\/10\/logo-masaki-350x350-1.png?fit=350%2C350&ssl=1","contentUrl":"https:\/\/i0.wp.com\/www.masaki-parfums.com\/wp-content\/uploads\/2023\/10\/logo-masaki-350x350-1.png?fit=350%2C350&ssl=1","width":350,"height":350,"caption":"Masak\u00ef Parfums"},"image":{"@id":"https:\/\/www.masaki-parfums.com\/#\/schema\/logo\/image\/"}}]}},"jetpack_publicize_connections":[],"jetpack_sharing_enabled":true,"jetpack_likes_enabled":true,"_links":{"self":[{"href":"https:\/\/www.masaki-parfums.com\/fr\/wp-json\/wp\/v2\/product\/7224","targetHints":{"allow":["GET"]}}],"collection":[{"href":"https:\/\/www.masaki-parfums.com\/fr\/wp-json\/wp\/v2\/product"}],"about":[{"href":"https:\/\/www.masaki-parfums.com\/fr\/wp-json\/wp\/v2\/types\/product"}],"wp:featuredmedia":[{"embeddable":true,"href":"https:\/\/www.masaki-parfums.com\/fr\/wp-json\/wp\/v2\/media\/7225"}],"wp:attachment":[{"href":"https:\/\/www.masaki-parfums.com\/fr\/wp-json\/wp\/v2\/media?parent=7224"}],"wp:term":[{"taxonomy":"product_brand","embeddable":true,"href":"https:\/\/www.masaki-parfums.com\/fr\/wp-json\/wp\/v2\/product_brand?post=7224"},{"taxonomy":"product_cat","embeddable":true,"href":"https:\/\/www.masaki-parfums.com\/fr\/wp-json\/wp\/v2\/product_cat?post=7224"},{"taxonomy":"product_tag","embeddable":true,"href":"https:\/\/www.masaki-parfums.com\/fr\/wp-json\/wp\/v2\/product_tag?post=7224"}],"curies":[{"name":"wp","href":"https:\/\/api.w.org\/{rel}","templated":true}]}}