{"id":7414,"date":"2025-09-19T13:20:13","date_gmt":"2025-09-19T11:20:13","guid":{"rendered":"https:\/\/www.masaki-parfums.com\/?post_type=product&#038;p=7414"},"modified":"2026-02-25T11:22:11","modified_gmt":"2026-02-25T10:22:11","slug":"niji-mat","status":"publish","type":"product","link":"https:\/\/www.masaki-parfums.com\/fr\/shop\/niji-mat\/","title":{"rendered":"NIJI mat;"},"content":{"rendered":"<p style=\"text-align: center;\"><strong>NOTES DE T\u00caTE<\/strong><\/p>\n<p style=\"text-align: center;\"><em>Cerise, Mandarine, Melon, Poire<\/em><\/p>\n<p style=\"text-align: center;\"><strong>NOTES DU C\u0152UR<\/strong><\/p>\n<p style=\"text-align: center;\"><em>Notes marines aquatiques, Muguet, Huile d\u2019Ylang-Ylang, Huile de Rose, Jasmin solaire<\/em><\/p>\n<p style=\"text-align: center;\"><strong>NOTES DE FOND<\/strong><\/p>\n<p style=\"text-align: center;\"><em>Cashmeran, Ambroxan, Absolu de F\u00e8ve Tonka, Absolu de Vanille, Musc<\/em><\/p>\n<p><strong><br \/>\nLA FRAGRANCE<\/strong><\/p>\n<p>Niji (\u8679), qui signifie \u00ab arc-en-ciel \u00bb en japonais, symbolise l\u2019harmonie et la beaut\u00e9. Dans la culture japonaise, l\u2019arc-en-ciel repr\u00e9sente un m\u00e9lange parfait d\u2019\u00e9l\u00e9ments divers qui s\u2019unissent pour cr\u00e9er quelque chose d\u2019une beaut\u00e9 exquise. Une beaut\u00e9 \u00e9ternelle puis\u00e9e dans la nature.<\/p>\n<p>\u00c0 l\u2019image de la d\u00e9licatesse d\u2019un arc-en-ciel, le parfum est l\u00e9ger et a\u00e9rien, tissant une composition fluide m\u00ealant des notes fruit\u00e9es \u00e9clatantes, des fleurs lumineuses et des bois chaleureux et r\u00e9confortants, emmenant celle qui le porte dans un voyage \u00e0 travers chaque couleur au fil de son \u00e9volution. Con\u00e7u pour une femme \u00e9l\u00e9gante et jeune, qui trouve la beaut\u00e9 dans l\u2019inattendu \u2014 une \u00e2me attir\u00e9e par l\u2019harmonie naturelle et sans effort, o\u00f9 lumi\u00e8re et couleur se fondent dans un \u00e9quilibre parfait.<\/p>\n<p>D\u2019abord, NIJI mat; s\u2019ouvre sur la fra\u00eecheur vibrante de l\u2019huile de mandarine, accompagn\u00e9e d\u2019un melon juteux, d\u2019une touche de cerise et d\u2019une poire croquante.<\/p>\n<p>Puis, en c\u0153ur, des notes marines lumineuses s\u2019entrelacent avec le d\u00e9licat muguet, l\u2019huile d\u2019ylang-ylang et l\u2019huile de rose, tandis que le jasmin solaire apporte une touche ensoleill\u00e9e et rayonnante.<\/p>\n<p>Enfin, le fond se prolonge dans l\u2019\u00e9treinte chaleureuse du cashmeran et de l\u2019ambroxan, enrichie par la douceur cr\u00e9meuse de l\u2019absolu de f\u00e8ve tonka et de l\u2019absolu de vanille, laissant un sillage musqu\u00e9, \u00e0 la fois r\u00e9confortant et raffin\u00e9.<\/p>\n<p>\u00ab Je me suis inspir\u00e9 de l\u2019harmonie et de la beaut\u00e9 que la nature peut nous offrir lors de la cr\u00e9ation de NIJI. Pour moi, l\u2019arc-en-ciel repr\u00e9sente la naissance d\u2019une beaut\u00e9 \u00e9ternelle, harmonieuse mais contrast\u00e9e par la rencontre de deux ph\u00e9nom\u00e8nes naturels oppos\u00e9s : le soleil et la pluie. \u00bb \u2013 Leonardo Lucheze, parfumeur<\/p>\n<p>Parfumeur : <strong>Leonardo Lucheze<\/strong><\/p>\n<p>Designer: <a href=\"https:\/\/www.masaki-parfums.com\/fr\/universe\/\"><strong>Masaki Matsushima<\/strong><\/a><\/p>\n<p><span style=\"font-weight: 400;\">Vaporisateur Naturel : 80ml \/ 2.7 oz | 40ml \/ 1.4 oz | 10ml \/ 0.3 oz | 1ml \/ 0.03 oz<\/span><\/p>","protected":false},"excerpt":{"rendered":"<p><strong>LE CONCEPT<\/strong><\/p>\n<p>L\u2019arc embl\u00e9matique de l\u2019arc-en-ciel a inspir\u00e9 le design du flacon en forme de U. Des aquarelles peintes \u00e0 la main se d\u00e9ploient \u00e0 travers le design, capturant la mani\u00e8re \u00e9th\u00e9r\u00e9e dont les couleurs s\u2019\u00e9coulent et se fondent dans le ciel, telle une d\u00e9licate symphonie de lumi\u00e8re. La teinte vert tendre \u00e9voque un sentiment de tranquillit\u00e9, rappelant le monde naturel apaisant o\u00f9 les arcs-en-ciel prennent vie.<\/p>\n<p>\u00ab J\u2019ai souhait\u00e9 capturer l\u2019harmonie des couleurs de l\u2019arc-en-ciel dans ma cr\u00e9ation en int\u00e9grant chacune d\u2019elles dans une note, avec une pr\u00e9cision parfaitement \u00e9quilibr\u00e9e. Dans les notes de t\u00eate, des accents fruit\u00e9s refl\u00e8tent les teintes vibrantes de l\u2019arc-en-ciel, formant un d\u00e9grad\u00e9 de rouge \u00e0 travers la cerise, la poire, la mandarine et le melon. Le c\u0153ur r\u00e9v\u00e8le des notes florales qui apportent de la luminosit\u00e9 \u00e0 la fragrance, avec un accord solaire de jasmin et d\u2019ylang-ylang contrast\u00e9 par une pluie de muguet et de notes marines. Les tonalit\u00e9s plus profondes et r\u00e9confortantes de l\u2019arc-en-ciel \u00e9mergent une fois la pluie dissip\u00e9e. L\u2019\u00e9l\u00e9gance du cashmeran et du musc, associ\u00e9e \u00e0 la chaleur d\u00e9licate de la vanille, compose la base harmonieuse de NIJI. \u00bb \u2013 Leonardo Lucheze<\/p>","protected":false},"featured_media":7410,"template":"","meta":{"_acf_changed":false,"jetpack_post_was_ever_published":false,"jetpack_publicize_message":"","jetpack_publicize_feature_enabled":true,"jetpack_social_post_already_shared":true,"jetpack_social_options":{"image_generator_settings":{"template":"highway","default_image_id":0,"font":"","enabled":false},"version":2}},"product_brand":[],"product_cat":[135],"product_tag":[157],"class_list":{"0":"post-7414","1":"product","2":"type-product","3":"status-publish","4":"has-post-thumbnail","6":"product_cat-feminine","7":"product_tag-niji-mat","9":"first","10":"instock","11":"taxable","12":"shipping-taxable","13":"purchasable","14":"product-type-variable"},"acf":[],"yoast_head":"<!-- This site is optimized with the Yoast SEO Premium plugin v24.7 (Yoast SEO v27.5) - https:\/\/yoast.com\/product\/yoast-seo-premium-wordpress\/ -->\n<title>NIJI mat; - Fragrance by Masak\u00ef Parfums<\/title>\n<meta name=\"description\" content=\"Discover NIJI mat; by Masak\u00ef Parfums: A harmonious fragrance with light and airy notes - Available now on the Official Masak\u00ef Parfums Online Boutique\" \/>\n<meta name=\"robots\" content=\"index, follow, max-snippet:-1, max-image-preview:large, max-video-preview:-1\" \/>\n<link rel=\"canonical\" href=\"https:\/\/www.masaki-parfums.com\/fr\/shop\/niji-mat\/\" \/>\n<meta property=\"og:locale\" content=\"fr_FR\" \/>\n<meta property=\"og:type\" content=\"article\" \/>\n<meta property=\"og:title\" content=\"NIJI mat;\" \/>\n<meta property=\"og:description\" content=\"Discover NIJI mat; by Masak\u00ef Parfums: A harmonious fragrance with light and airy notes - Available now on the Official Masak\u00ef Parfums Online Boutique\" \/>\n<meta property=\"og:url\" content=\"https:\/\/www.masaki-parfums.com\/fr\/shop\/niji-mat\/\" \/>\n<meta property=\"og:site_name\" content=\"Masak\u00ef Parfums\" \/>\n<meta property=\"article:modified_time\" content=\"2026-02-25T10:22:11+00:00\" \/>\n<meta property=\"og:image\" content=\"https:\/\/www.masaki-parfums.com\/wp-content\/uploads\/2025\/09\/HD-NIJI-mat-80ml-scaled.webp\" \/>\n\t<meta property=\"og:image:width\" content=\"2560\" \/>\n\t<meta property=\"og:image:height\" content=\"2560\" \/>\n\t<meta property=\"og:image:type\" content=\"image\/webp\" \/>\n<meta name=\"twitter:card\" content=\"summary_large_image\" \/>\n<meta name=\"twitter:label1\" content=\"Dur\u00e9e de lecture estim\u00e9e\" \/>\n\t<meta name=\"twitter:data1\" content=\"2 minutes\" \/>\n<script type=\"application\/ld+json\" class=\"yoast-schema-graph\">{\"@context\":\"https:\\\/\\\/schema.org\",\"@graph\":[{\"@type\":\"WebPage\",\"@id\":\"https:\\\/\\\/www.masaki-parfums.com\\\/shop\\\/niji-mat\\\/\",\"url\":\"https:\\\/\\\/www.masaki-parfums.com\\\/shop\\\/niji-mat\\\/\",\"name\":\"NIJI mat; - Fragrance by Masak\u00ef Parfums\",\"isPartOf\":{\"@id\":\"https:\\\/\\\/www.masaki-parfums.com\\\/#website\"},\"primaryImageOfPage\":{\"@id\":\"https:\\\/\\\/www.masaki-parfums.com\\\/shop\\\/niji-mat\\\/#primaryimage\"},\"image\":{\"@id\":\"https:\\\/\\\/www.masaki-parfums.com\\\/shop\\\/niji-mat\\\/#primaryimage\"},\"thumbnailUrl\":\"https:\\\/\\\/i0.wp.com\\\/www.masaki-parfums.com\\\/wp-content\\\/uploads\\\/2025\\\/09\\\/HD-NIJI-mat-80ml-scaled.webp?fit=2560%2C2560&ssl=1\",\"datePublished\":\"2025-09-19T11:20:13+00:00\",\"dateModified\":\"2026-02-25T10:22:11+00:00\",\"description\":\"Discover NIJI mat; by Masak\u00ef Parfums: A harmonious fragrance with light and airy notes - Available now on the Official Masak\u00ef Parfums Online Boutique\",\"breadcrumb\":{\"@id\":\"https:\\\/\\\/www.masaki-parfums.com\\\/shop\\\/niji-mat\\\/#breadcrumb\"},\"inLanguage\":\"fr-FR\",\"potentialAction\":[{\"@type\":\"ReadAction\",\"target\":[\"https:\\\/\\\/www.masaki-parfums.com\\\/shop\\\/niji-mat\\\/\"]}]},{\"@type\":\"ImageObject\",\"inLanguage\":\"fr-FR\",\"@id\":\"https:\\\/\\\/www.masaki-parfums.com\\\/shop\\\/niji-mat\\\/#primaryimage\",\"url\":\"https:\\\/\\\/i0.wp.com\\\/www.masaki-parfums.com\\\/wp-content\\\/uploads\\\/2025\\\/09\\\/HD-NIJI-mat-80ml-scaled.webp?fit=2560%2C2560&ssl=1\",\"contentUrl\":\"https:\\\/\\\/i0.wp.com\\\/www.masaki-parfums.com\\\/wp-content\\\/uploads\\\/2025\\\/09\\\/HD-NIJI-mat-80ml-scaled.webp?fit=2560%2C2560&ssl=1\",\"width\":2560,\"height\":2560,\"caption\":\"NIJI mat Masaki Paris Parfums\"},{\"@type\":\"BreadcrumbList\",\"@id\":\"https:\\\/\\\/www.masaki-parfums.com\\\/shop\\\/niji-mat\\\/#breadcrumb\",\"itemListElement\":[{\"@type\":\"ListItem\",\"position\":1,\"name\":\"Home\",\"item\":\"https:\\\/\\\/www.masaki-parfums.com\\\/\"},{\"@type\":\"ListItem\",\"position\":2,\"name\":\"Products\",\"item\":\"https:\\\/\\\/www.masaki-parfums.com\\\/eshop\\\/\"},{\"@type\":\"ListItem\",\"position\":3,\"name\":\"NIJI mat;\"}]},{\"@type\":\"WebSite\",\"@id\":\"https:\\\/\\\/www.masaki-parfums.com\\\/#website\",\"url\":\"https:\\\/\\\/www.masaki-parfums.com\\\/\",\"name\":\"Masak\u00ef Parfums\",\"description\":\"Official Store\",\"publisher\":{\"@id\":\"https:\\\/\\\/www.masaki-parfums.com\\\/#organization\"},\"potentialAction\":[{\"@type\":\"SearchAction\",\"target\":{\"@type\":\"EntryPoint\",\"urlTemplate\":\"https:\\\/\\\/www.masaki-parfums.com\\\/?s={search_term_string}\"},\"query-input\":{\"@type\":\"PropertyValueSpecification\",\"valueRequired\":true,\"valueName\":\"search_term_string\"}}],\"inLanguage\":\"fr-FR\"},{\"@type\":\"Organization\",\"@id\":\"https:\\\/\\\/www.masaki-parfums.com\\\/#organization\",\"name\":\"Masak\u00ef Parfums\",\"url\":\"https:\\\/\\\/www.masaki-parfums.com\\\/\",\"logo\":{\"@type\":\"ImageObject\",\"inLanguage\":\"fr-FR\",\"@id\":\"https:\\\/\\\/www.masaki-parfums.com\\\/#\\\/schema\\\/logo\\\/image\\\/\",\"url\":\"https:\\\/\\\/i0.wp.com\\\/www.masaki-parfums.com\\\/wp-content\\\/uploads\\\/2023\\\/10\\\/logo-masaki-350x350-1.png?fit=350%2C350&ssl=1\",\"contentUrl\":\"https:\\\/\\\/i0.wp.com\\\/www.masaki-parfums.com\\\/wp-content\\\/uploads\\\/2023\\\/10\\\/logo-masaki-350x350-1.png?fit=350%2C350&ssl=1\",\"width\":350,\"height\":350,\"caption\":\"Masak\u00ef Parfums\"},\"image\":{\"@id\":\"https:\\\/\\\/www.masaki-parfums.com\\\/#\\\/schema\\\/logo\\\/image\\\/\"}}]}<\/script>\n<!-- \/ Yoast SEO Premium plugin. -->","yoast_head_json":{"title":"NIJI mat; - Fragrance by Masak\u00ef Parfums","description":"Discover NIJI mat; by Masak\u00ef Parfums: A harmonious fragrance with light and airy notes - Available now on the Official Masak\u00ef Parfums Online Boutique","robots":{"index":"index","follow":"follow","max-snippet":"max-snippet:-1","max-image-preview":"max-image-preview:large","max-video-preview":"max-video-preview:-1"},"canonical":"https:\/\/www.masaki-parfums.com\/fr\/shop\/niji-mat\/","og_locale":"fr_FR","og_type":"article","og_title":"NIJI mat;","og_description":"Discover NIJI mat; by Masak\u00ef Parfums: A harmonious fragrance with light and airy notes - Available now on the Official Masak\u00ef Parfums Online Boutique","og_url":"https:\/\/www.masaki-parfums.com\/fr\/shop\/niji-mat\/","og_site_name":"Masak\u00ef Parfums","article_modified_time":"2026-02-25T10:22:11+00:00","og_image":[{"width":2560,"height":2560,"url":"https:\/\/www.masaki-parfums.com\/wp-content\/uploads\/2025\/09\/HD-NIJI-mat-80ml-scaled.webp","type":"image\/webp"}],"twitter_card":"summary_large_image","twitter_misc":{"Dur\u00e9e de lecture estim\u00e9e":"2 minutes"},"schema":{"@context":"https:\/\/schema.org","@graph":[{"@type":"WebPage","@id":"https:\/\/www.masaki-parfums.com\/shop\/niji-mat\/","url":"https:\/\/www.masaki-parfums.com\/shop\/niji-mat\/","name":"NIJI mat; - Fragrance by Masak\u00ef Parfums","isPartOf":{"@id":"https:\/\/www.masaki-parfums.com\/#website"},"primaryImageOfPage":{"@id":"https:\/\/www.masaki-parfums.com\/shop\/niji-mat\/#primaryimage"},"image":{"@id":"https:\/\/www.masaki-parfums.com\/shop\/niji-mat\/#primaryimage"},"thumbnailUrl":"https:\/\/i0.wp.com\/www.masaki-parfums.com\/wp-content\/uploads\/2025\/09\/HD-NIJI-mat-80ml-scaled.webp?fit=2560%2C2560&ssl=1","datePublished":"2025-09-19T11:20:13+00:00","dateModified":"2026-02-25T10:22:11+00:00","description":"Discover NIJI mat; by Masak\u00ef Parfums: A harmonious fragrance with light and airy notes - Available now on the Official Masak\u00ef Parfums Online Boutique","breadcrumb":{"@id":"https:\/\/www.masaki-parfums.com\/shop\/niji-mat\/#breadcrumb"},"inLanguage":"fr-FR","potentialAction":[{"@type":"ReadAction","target":["https:\/\/www.masaki-parfums.com\/shop\/niji-mat\/"]}]},{"@type":"ImageObject","inLanguage":"fr-FR","@id":"https:\/\/www.masaki-parfums.com\/shop\/niji-mat\/#primaryimage","url":"https:\/\/i0.wp.com\/www.masaki-parfums.com\/wp-content\/uploads\/2025\/09\/HD-NIJI-mat-80ml-scaled.webp?fit=2560%2C2560&ssl=1","contentUrl":"https:\/\/i0.wp.com\/www.masaki-parfums.com\/wp-content\/uploads\/2025\/09\/HD-NIJI-mat-80ml-scaled.webp?fit=2560%2C2560&ssl=1","width":2560,"height":2560,"caption":"NIJI mat Masaki Paris Parfums"},{"@type":"BreadcrumbList","@id":"https:\/\/www.masaki-parfums.com\/shop\/niji-mat\/#breadcrumb","itemListElement":[{"@type":"ListItem","position":1,"name":"Home","item":"https:\/\/www.masaki-parfums.com\/"},{"@type":"ListItem","position":2,"name":"Products","item":"https:\/\/www.masaki-parfums.com\/eshop\/"},{"@type":"ListItem","position":3,"name":"NIJI mat;"}]},{"@type":"WebSite","@id":"https:\/\/www.masaki-parfums.com\/#website","url":"https:\/\/www.masaki-parfums.com\/","name":"Masak\u00ef Parfums","description":"Official Store","publisher":{"@id":"https:\/\/www.masaki-parfums.com\/#organization"},"potentialAction":[{"@type":"SearchAction","target":{"@type":"EntryPoint","urlTemplate":"https:\/\/www.masaki-parfums.com\/?s={search_term_string}"},"query-input":{"@type":"PropertyValueSpecification","valueRequired":true,"valueName":"search_term_string"}}],"inLanguage":"fr-FR"},{"@type":"Organization","@id":"https:\/\/www.masaki-parfums.com\/#organization","name":"Masak\u00ef Parfums","url":"https:\/\/www.masaki-parfums.com\/","logo":{"@type":"ImageObject","inLanguage":"fr-FR","@id":"https:\/\/www.masaki-parfums.com\/#\/schema\/logo\/image\/","url":"https:\/\/i0.wp.com\/www.masaki-parfums.com\/wp-content\/uploads\/2023\/10\/logo-masaki-350x350-1.png?fit=350%2C350&ssl=1","contentUrl":"https:\/\/i0.wp.com\/www.masaki-parfums.com\/wp-content\/uploads\/2023\/10\/logo-masaki-350x350-1.png?fit=350%2C350&ssl=1","width":350,"height":350,"caption":"Masak\u00ef Parfums"},"image":{"@id":"https:\/\/www.masaki-parfums.com\/#\/schema\/logo\/image\/"}}]}},"jetpack_publicize_connections":[],"jetpack_sharing_enabled":true,"jetpack_likes_enabled":true,"_links":{"self":[{"href":"https:\/\/www.masaki-parfums.com\/fr\/wp-json\/wp\/v2\/product\/7414","targetHints":{"allow":["GET"]}}],"collection":[{"href":"https:\/\/www.masaki-parfums.com\/fr\/wp-json\/wp\/v2\/product"}],"about":[{"href":"https:\/\/www.masaki-parfums.com\/fr\/wp-json\/wp\/v2\/types\/product"}],"wp:featuredmedia":[{"embeddable":true,"href":"https:\/\/www.masaki-parfums.com\/fr\/wp-json\/wp\/v2\/media\/7410"}],"wp:attachment":[{"href":"https:\/\/www.masaki-parfums.com\/fr\/wp-json\/wp\/v2\/media?parent=7414"}],"wp:term":[{"taxonomy":"product_brand","embeddable":true,"href":"https:\/\/www.masaki-parfums.com\/fr\/wp-json\/wp\/v2\/product_brand?post=7414"},{"taxonomy":"product_cat","embeddable":true,"href":"https:\/\/www.masaki-parfums.com\/fr\/wp-json\/wp\/v2\/product_cat?post=7414"},{"taxonomy":"product_tag","embeddable":true,"href":"https:\/\/www.masaki-parfums.com\/fr\/wp-json\/wp\/v2\/product_tag?post=7414"}],"curies":[{"name":"wp","href":"https:\/\/api.w.org\/{rel}","templated":true}]}}